{"id":34076,"date":"2025-04-16T10:49:42","date_gmt":"2025-04-16T10:49:42","guid":{"rendered":"https:\/\/purama.lt\/produktas\/beauty-of-joseon-relief-sun-aqua-fresh-rice-b5-spf50-pa-apsauginis-kremas-nuo-saules\/"},"modified":"2026-04-10T13:03:28","modified_gmt":"2026-04-10T11:03:28","slug":"skaistums-joseon-reljefs-saules-aqua-fresh-risi-b5-spf50-saules-aizsargkrems","status":"publish","type":"product","link":"https:\/\/purama.lt\/lv\/produktas\/beauty-of-joseon-relief-sun-aqua-fresh-rice-b5-spf50-pa-apsauginis-kremas-nuo-saules\/","title":{"rendered":"BEAUTY OF JOSEON Relief Sun Aqua Fresh Rice + B5 SPF50+ PA++++ Saules aizsargkr\u0113ms"},"content":{"rendered":"<p><strong>Lieto\u0161ana:<\/strong><br>Uzkl\u0101jiet kr\u0113mu pietiekam\u0101 daudzum\u0101 uz t\u012bras, mitrin\u0101tas \u0101das k\u0101 p\u0113d\u0113jo \u0101das kop\u0161anas soli pirms grima uzkl\u0101\u0161anas vai do\u0161an\u0101s \u0101r\u0101. Efekt\u012bvai aizsardz\u012bbai vienm\u0113r\u012bgi uzkl\u0101jiet kr\u0113mu uz visas sejas, neaizmirstot par kakla un ausu apvidu.<br>Ja ilgsto\u0161i uzturaties saul\u0113, ieteicams ik p\u0113c 2-3 stund\u0101m, \u012bpa\u0161i p\u0113c sv\u012b\u0161anas vai peld\u0113\u0161anas, uzkl\u0101t kr\u0113mu atk\u0101rtoti. \u0160is kr\u0113ms ne tikai pasarg\u0101s j\u016bs no saules kait\u012bgajiem stariem, bet ar\u012b nodro\u0161in\u0101s \u0101das mitrin\u0101\u0161anu visas dienas garum\u0101.<br><br><strong>Sast\u0101vs:<\/strong><br>\u016adens, dibutil adip\u0101ts, propandiols, etilheksiltriazons, butilheksilsalicil\u0101ts, dietilaminohidroksibenzoilheksilbenzo\u0101ts, poligliceril-3-metilglikozes distear\u0101ts, 1,2-heksandiols, r\u012bsu ekstrakts (30%), pantenols, beta\u012bns, niac\u012bnam\u012bds, tokoferols, Camellia Sinensis lapu ekstrakts, azi\u0101tisk\u0101s centellas ekstrakts, glicer\u012bns, akril\u0101tu\/C10-30 alkilakril\u0101ta \u0161\u0137\u0113rspolim\u0113rs, trometam\u012bns, smar\u017evielas.<\/p>","protected":false},"excerpt":{"rendered":"<p class=\"\" data-start=\"0\" data-end=\"538\"><strong data-start=\"0\" data-end=\"98\">BEAUTY OF JOSEON Relief Sun: Aqua Fresh Rice + B5 SPF50+ PA++++ - Kr\u0113ms saules aizsardz\u012bbai<\/strong>Tas ir viegls, mitrino\u0161s kr\u0113ms ar tekst\u016bru, kas nodro\u0161ina maksim\u0101lu saules aizsardz\u012bbu (SPF50+ PA++++), vienlaikus barojot un stiprinot \u0101du. Sast\u0101v\u0101 eso\u0161ais r\u012bsu ekstrakts (30%) un provitam\u012bns B5 (pantenols) mitrina, balina un stiprina \u0101das aizsargbarjeru, neatst\u0101jot baltuma vai taukain\u012bbas saj\u016btu. Piem\u0113rots visiem \u0101das tipiem, pat jut\u012bgai \u0101dai, un ir ide\u0101li piem\u0113rots ikdienas lieto\u0161anai k\u0101 p\u0113d\u0113jais solis \u0101das kop\u0161anas proced\u016br\u0101.<\/p>\n<p class=\"\" data-start=\"540\" data-end=\"833\"><strong data-start=\"540\" data-end=\"566\">K\u0101p\u0113c to izm\u0113\u0123in\u0101t?<\/strong><br data-start=\"566\" data-end=\"569\" \/>\u2714\ufe0f Augsta aizsardz\u012bba pret UVA un UVB stariem (SPF50+ PA++++)<br data-start=\"627\" data-end=\"630\" \/>\u2714\ufe0f Mitrino\u0161a formula ar r\u012bsu ekstraktu un pantenolu<br data-start=\"684\" data-end=\"687\" \/>\u2714\ufe0f \u012apa\u0161i viegla tekst\u016bra - bez taukaina uzk\u0101r\u0161an\u0101s<br data-start=\"739\" data-end=\"742\" \/>\u2714\ufe0f Aizsprosto poras, ide\u0101li piem\u0113rots jut\u012bgai \u0101dai<br data-start=\"791\" data-end=\"794\" \/>\u2714\ufe0f Ide\u0101li piem\u0113rots lieto\u0161anai pirms make-up<\/p>","protected":false},"featured_media":34063,"comment_status":"open","ping_status":"closed","template":"","meta":{"_acf_changed":false},"product_brand":[410],"product_cat":[92,299,59],"product_tag":[],"class_list":{"0":"post-34076","1":"product","2":"type-product","3":"status-publish","4":"has-post-thumbnail","6":"product_brand-beauty-of-joseon","7":"product_cat-groziui","8":"product_cat-kremai-nuo-saules-veidui","9":"product_cat-veidui","11":"first","12":"outofstock","13":"shipping-taxable","14":"purchasable","15":"product-type-simple"},"acf":[],"tiered_pricing_type":"fixed","tiered_pricing_fixed_rules":[],"tiered_pricing_product_settings":{"layout":"default","base_unit_name":{"singular":null,"plural":null},"default_variation":null},"tiered_pricing_minimum_quantity":null,"tiered_pricing_roles_data":[],"tiered_pricing_percentage_rules":[],"_links":{"self":[{"href":"https:\/\/purama.lt\/lv\/wp-json\/wp\/v2\/product\/34076","targetHints":{"allow":["GET"]}}],"collection":[{"href":"https:\/\/purama.lt\/lv\/wp-json\/wp\/v2\/product"}],"about":[{"href":"https:\/\/purama.lt\/lv\/wp-json\/wp\/v2\/types\/product"}],"replies":[{"embeddable":true,"href":"https:\/\/purama.lt\/lv\/wp-json\/wp\/v2\/comments?post=34076"}],"wp:featuredmedia":[{"embeddable":true,"href":"https:\/\/purama.lt\/lv\/wp-json\/wp\/v2\/media\/34063"}],"wp:attachment":[{"href":"https:\/\/purama.lt\/lv\/wp-json\/wp\/v2\/media?parent=34076"}],"wp:term":[{"taxonomy":"product_brand","embeddable":true,"href":"https:\/\/purama.lt\/lv\/wp-json\/wp\/v2\/product_brand?post=34076"},{"taxonomy":"product_cat","embeddable":true,"href":"https:\/\/purama.lt\/lv\/wp-json\/wp\/v2\/product_cat?post=34076"},{"taxonomy":"product_tag","embeddable":true,"href":"https:\/\/purama.lt\/lv\/wp-json\/wp\/v2\/product_tag?post=34076"}],"curies":[{"name":"wp","href":"https:\/\/api.w.org\/{rel}","templated":true}]}}