{"id":34075,"date":"2025-04-16T10:49:42","date_gmt":"2025-04-16T10:49:42","guid":{"rendered":"https:\/\/purama.lt\/produktas\/anua-heartleaf-77-raminantis-veido-tonikas\/"},"modified":"2026-04-10T13:03:28","modified_gmt":"2026-04-10T11:03:28","slug":"anua-sirds-lapu-77-nomierinoss-sejas-toniks","status":"publish","type":"product","link":"https:\/\/purama.lt\/lv\/produktas\/anua-heartleaf-77-raminantis-veido-tonikas\/","title":{"rendered":"ANUA HEARTLEAF 77% Nomierino\u0161s sejas toniks"},"content":{"rendered":"<p><strong>Lieto\u0161ana:<\/strong><br>No r\u012bta un vakar\u0101 p\u0113c att\u012br\u012b\u0161anas uzkl\u0101jiet nedaudz tonika uz vates spilventi\u0146a vai plaukst\u0101m un viegli uzkl\u0101jiet uz sejas un kakla. Pagaidiet, l\u012bdz tas ies\u016bcas, un turpiniet \u0101das kop\u0161anas proced\u016bru. Ja J\u016bsu \u0101da ir \u012bpa\u0161i jut\u012bga vai dehidr\u0113ta, toniku var izmantot ar\u012b k\u0101 mitrino\u0161u masku, uzliekot samitrin\u0101tus vates spilventi\u0146us uz \u0101das uz 5-10 min\u016bt\u0113m.<br><br><strong>Sast\u0101vs:<\/strong><br>Houttuynia Cordata ekstrakts (77%), \u016bdens, 1,2-heksandiols, glicer\u012bns, beta\u012bns, pantenols, Saccharum Officinarum (cukurniedru cukurniedru ekstrakts), Portulaca Oleracea ekstrakts, butil\u0113nglikols, Vitex Agnus-Castus ekstrakts, Chamomilla Recutita (Matricaria) ziedu ekstrakts, Arctium Lappa sak\u0146u ekstrakts, Phellinus Linteus ekstrakts, Vitis Vinifera (v\u012bnogu) aug\u013cu ekstrakts, Pyrus Malus (\u0101bolu) aug\u013cu ekstrakts, Centella Asiatica ekstrakts, izopentildiols, metilprop\u0101ndiols, akril\u0101tu\/C10-30 alkilakril\u0101ta kruzmol\u012bmers, trometam\u012bns, din\u0101trija EDTA.<\/p>","protected":false},"excerpt":{"rendered":"<p class=\"\" data-start=\"51\" data-end=\"410\"><strong>Anua Heartleaf 77% nomierino\u0161s toniks<\/strong> - ir maigs un \u012bpa\u0161i viegls sejas toniks, kas bag\u0101tin\u0101ts ar 77 % Houttuynia Cordata ekstraktu, kuram ir sp\u0113c\u012bga nomierino\u0161a un l\u012bdzsvarojo\u0161a iedarb\u012bba uz \u0101du. Tas ir paredz\u0113ts jut\u012bgai, uz kairin\u0101jumu tend\u0113tai vai problem\u0101tiskai \u0101dai, pal\u012bdz mazin\u0101t aps\u0101rtumu, sa\u0161aurin\u0101t poras un uztur\u0113t vesel\u012bgu \u0101das mikrobiomu. T\u0101 \u016bde\u0146ain\u0101 tekst\u016bra uzs\u016bcas uzreiz, neatst\u0101jot lip\u012bgu atlikumu, t\u0101p\u0113c tas ir ide\u0101li piem\u0113rots lieto\u0161anai no r\u012bta un vakar\u0101 k\u0101 pirmais solis mitrin\u0101\u0161anas proces\u0101.<\/p>\n<p class=\"\" data-start=\"554\" data-end=\"878\"><strong data-start=\"554\" data-end=\"580\">K\u0101p\u0113c to izm\u0113\u0123in\u0101t?<\/strong><br data-start=\"580\" data-end=\"583\" \/>\u2714\ufe0f Net 77 % Sirds lapu ekstrakts - intens\u012bva nomierino\u0161a iedarb\u012bba<br data-start=\"651\" data-end=\"654\" \/>\u2714\ufe0f L\u012bdzsvaro \u0101das pH un mazina jut\u012bgumu.<br data-start=\"694\" data-end=\"697\" \/>\u2714\ufe0f Piem\u0113rots visiem \u0101das tipiem, \u012bpa\u0161i jut\u012bgai \u0101dai un \u0101dai ar noslieci uz iekaisumiem.<br data-start=\"760\" data-end=\"763\" data-is-only-node=\"\" \/>\u2714\ufe0f Viegla, \u016bde\u0146aina konsistence - \u0101tri ies\u016bcas.<br data-start=\"814\" data-end=\"817\" \/>\u2714\ufe0f Nesatur smar\u017evielas, spirtu un citas \u0101du kairino\u0161as vielas.<\/p>","protected":false},"featured_media":34071,"comment_status":"open","ping_status":"closed","template":"","meta":{"_acf_changed":false},"product_brand":[],"product_cat":[220,92,500,59],"product_tag":[],"class_list":{"0":"post-34075","1":"product","2":"type-product","3":"status-publish","4":"has-post-thumbnail","6":"product_cat-veido-tonikai","7":"product_cat-groziui","8":"product_cat-outlet","9":"product_cat-veidui","11":"first","12":"instock","13":"sale","14":"shipping-taxable","15":"purchasable","16":"product-type-simple"},"acf":[],"tiered_pricing_type":"fixed","tiered_pricing_fixed_rules":[],"tiered_pricing_product_settings":{"layout":"default","base_unit_name":{"singular":null,"plural":null},"default_variation":null},"tiered_pricing_minimum_quantity":null,"tiered_pricing_roles_data":[],"tiered_pricing_percentage_rules":[],"_links":{"self":[{"href":"https:\/\/purama.lt\/lv\/wp-json\/wp\/v2\/product\/34075","targetHints":{"allow":["GET"]}}],"collection":[{"href":"https:\/\/purama.lt\/lv\/wp-json\/wp\/v2\/product"}],"about":[{"href":"https:\/\/purama.lt\/lv\/wp-json\/wp\/v2\/types\/product"}],"replies":[{"embeddable":true,"href":"https:\/\/purama.lt\/lv\/wp-json\/wp\/v2\/comments?post=34075"}],"wp:featuredmedia":[{"embeddable":true,"href":"https:\/\/purama.lt\/lv\/wp-json\/wp\/v2\/media\/34071"}],"wp:attachment":[{"href":"https:\/\/purama.lt\/lv\/wp-json\/wp\/v2\/media?parent=34075"}],"wp:term":[{"taxonomy":"product_brand","embeddable":true,"href":"https:\/\/purama.lt\/lv\/wp-json\/wp\/v2\/product_brand?post=34075"},{"taxonomy":"product_cat","embeddable":true,"href":"https:\/\/purama.lt\/lv\/wp-json\/wp\/v2\/product_cat?post=34075"},{"taxonomy":"product_tag","embeddable":true,"href":"https:\/\/purama.lt\/lv\/wp-json\/wp\/v2\/product_tag?post=34075"}],"curies":[{"name":"wp","href":"https:\/\/api.w.org\/{rel}","templated":true}]}}