{"id":34074,"date":"2025-04-16T10:49:42","date_gmt":"2025-04-16T10:49:42","guid":{"rendered":"https:\/\/purama.lt\/produktas\/apnesport-celtic-sea-keltu-juros-druska\/"},"modified":"2026-04-21T12:41:56","modified_gmt":"2026-04-21T10:41:56","slug":"aonesport-celtic-sea-ferry-juras-sals","status":"publish","type":"product","link":"https:\/\/purama.lt\/lv\/produktas\/aonesport-celtic-sea-keltu-juros-druska\/","title":{"rendered":"AONESPORT Celtic Sea \u0136eltu j\u016bras s\u0101ls"},"content":{"rendered":"<p><strong>Sast\u0101vs:<\/strong> 100 % Dab\u012bga \u0137eltu j\u016bras s\u0101ls (Sel de Gu\u00e9rande), bez piedev\u0101m un konservantiem.<\/p>\n\n\n\n<p><\/p>","protected":false},"excerpt":{"rendered":"<p class=\"\" data-start=\"107\" data-end=\"194\"><strong data-start=\"107\" data-end=\"192\">AONESPORT \u0136eltu j\u016bras \u0136eltu j\u016bras s\u0101ls ir dab\u012bgs miner\u0101lvielu avots no Breta\u0146as. <\/strong>Atkl\u0101jiet sen\u0101s s\u0101ls v\u0101k\u0161anas trad\u012bcijas ar <em data-start=\"245\" data-end=\"257\">\u0136eltu j\u016bra<\/em> - Autentiska \u0137eltu j\u016bras s\u0101ls, kas ar rok\u0101m iev\u0101kta no m\u0101la atradn\u0113m Francijas Breta\u0146as re\u0123ion\u0101. \u0160ai izcilajai gai\u0161i pel\u0113kajai s\u0101lei ir ne tikai intens\u012bva gar\u0161a, bet t\u0101 ar\u012b nodro\u0161ina organismu ar v\u0113rt\u012bg\u0101m miner\u0101lviel\u0101m un elektrol\u012btiem. \u0136eltu s\u0101ls ir dabiski mitra, t\u0101p\u0113c t\u0101 nav piem\u0113rota izmanto\u0161anai mal\u0161anas dzirnavi\u0146\u0101s, bet ir ide\u0101li piem\u0113rota k\u0101 <strong data-start=\"606\" data-end=\"654\">Vesel\u012bg\u0101ka alternat\u012bva parastajai galda s\u0101lim<\/strong>. Dabiski zem\u0101ks n\u0101trija saturs, bet augst\u0101ks magnija, k\u0101lija un citu mikroelementu saturs, t\u0101p\u0113c t\u0101 ir lieliska izv\u0113le akt\u012bviem cilv\u0113kiem vai tiem, kas mekl\u0113 dabiskus veidus, k\u0101 uztur\u0113t... <strong data-start=\"823\" data-end=\"872\">hidrat\u0101cija, nervu darb\u012bba un musku\u013cu darb\u012bba.<\/strong>. <\/p>\n<p><strong data-start=\"880\" data-end=\"923\">K\u0101p\u0113c izv\u0113l\u0113ties \u0137eltu j\u016bras s\u0101li?<\/strong><br data-start=\"923\" data-end=\"926\" \/>\u2714\ufe0f Dabisks elektrol\u012btu avots: n\u0101trijs, k\u0101lijs, magnijs.<br data-start=\"982\" data-end=\"985\" \/>\u2714\ufe0f Tradicion\u0101li nov\u0101c ar rok\u0101m - bez r\u016bpnieciskas apstr\u0101des.<br data-start=\"1043\" data-end=\"1046\" \/>\u2714\ufe0f Zem\u0101ks n\u0101trija saturs nek\u0101 parastaj\u0101 vai Himalaju s\u0101l\u012b.<br data-start=\"1106\" data-end=\"1109\" \/>\u2714\ufe0f Atbalsta \u0161\u0137idruma l\u012bdzsvaru un nervu sist\u0113mu.<br data-start=\"1152\" data-end=\"1155\" \/>\u2714\ufe0f Autentiska gar\u0161a un unik\u0101la pel\u0113ki zila kr\u0101sa<br data-start=\"1208\" data-end=\"1211\" \/>\u2714\ufe0f Ide\u0101la vesel\u012bga uztura sast\u0101vda\u013ca<\/p>","protected":false},"featured_media":34070,"comment_status":"open","ping_status":"closed","template":"","meta":{"_acf_changed":false},"product_brand":[],"product_cat":[60,298],"product_tag":[],"class_list":{"0":"post-34074","1":"product","2":"type-product","3":"status-publish","4":"has-post-thumbnail","6":"product_cat-mitybai","7":"product_cat-sveikas-maistas","9":"first","10":"instock","11":"shipping-taxable","12":"purchasable","13":"product-type-simple"},"acf":[],"tiered_pricing_type":"fixed","tiered_pricing_fixed_rules":[],"tiered_pricing_product_settings":{"layout":"default","base_unit_name":{"singular":null,"plural":null},"default_variation":null},"tiered_pricing_minimum_quantity":null,"tiered_pricing_roles_data":[],"tiered_pricing_percentage_rules":[],"_links":{"self":[{"href":"https:\/\/purama.lt\/lv\/wp-json\/wp\/v2\/product\/34074","targetHints":{"allow":["GET"]}}],"collection":[{"href":"https:\/\/purama.lt\/lv\/wp-json\/wp\/v2\/product"}],"about":[{"href":"https:\/\/purama.lt\/lv\/wp-json\/wp\/v2\/types\/product"}],"replies":[{"embeddable":true,"href":"https:\/\/purama.lt\/lv\/wp-json\/wp\/v2\/comments?post=34074"}],"wp:featuredmedia":[{"embeddable":true,"href":"https:\/\/purama.lt\/lv\/wp-json\/wp\/v2\/media\/34070"}],"wp:attachment":[{"href":"https:\/\/purama.lt\/lv\/wp-json\/wp\/v2\/media?parent=34074"}],"wp:term":[{"taxonomy":"product_brand","embeddable":true,"href":"https:\/\/purama.lt\/lv\/wp-json\/wp\/v2\/product_brand?post=34074"},{"taxonomy":"product_cat","embeddable":true,"href":"https:\/\/purama.lt\/lv\/wp-json\/wp\/v2\/product_cat?post=34074"},{"taxonomy":"product_tag","embeddable":true,"href":"https:\/\/purama.lt\/lv\/wp-json\/wp\/v2\/product_tag?post=34074"}],"curies":[{"name":"wp","href":"https:\/\/api.w.org\/{rel}","templated":true}]}}