{"id":34005,"date":"2025-04-15T15:57:12","date_gmt":"2025-04-15T15:57:12","guid":{"rendered":"https:\/\/purama.lt\/produktas\/le-kku-cbd-veido-valymo-pienelis\/"},"modified":"2026-04-10T13:03:28","modified_gmt":"2026-04-10T11:03:28","slug":"le-kku-cbd-sejas-attiross-pienins","status":"publish","type":"product","link":"https:\/\/purama.lt\/lv\/produktas\/le-kku-cbd-veido-valymo-pienelis\/","title":{"rendered":"LE-KKU CBD CBD sejas att\u012bro\u0161s pieni\u0146\u0161"},"content":{"rendered":"","protected":false},"excerpt":{"rendered":"<p class=\"\" data-start=\"0\" data-end=\"238\"><strong data-start=\"0\" data-end=\"36\">LE-KKU CBD CBD sejas att\u012bro\u0161s pieni\u0146\u0161<\/strong> - ir maigs, bet efekt\u012bvs \u0101das att\u012br\u012b\u0161anas l\u012bdzeklis, kas bag\u0101tin\u0101ts ar kanabidiolu (CBD), kas ne tikai pal\u012bdz r\u016bp\u012bgi not\u012br\u012bt kosm\u0113tiku un net\u012brumus, bet ar\u012b nomierina, mitrina un atjauno \u0101das l\u012bdzsvaru. \u0160im att\u012bro\u0161ajam pieni\u0146am, kas paredz\u0113ts ikdienas lieto\u0161anai, ir z\u012bdaina tekst\u016bra, kas viegli kl\u0101jas uz \u0101das, neatst\u0101jot sausuma vai stiep\u0161an\u0101s saj\u016btu. Piem\u0113rots visiem \u0101das tipiem, pat jut\u012bgai vai problem\u0101tiskai \u0101dai, CBD pal\u012bdz mazin\u0101t aps\u0101rtumu un kairin\u0101jumu.<\/p>\n<p data-start=\"487\" data-end=\"511\"><strong>K\u0101p\u0113c izv\u0113l\u0113ties?<br \/>\n<\/strong>\u2714\ufe0f 99,85 % Dabiskas izcelsmes sast\u0101vda\u013cas<br data-start=\"557\" data-end=\"560\" \/>\u2714\ufe0f 150 mg CBD - nomierino\u0161s jut\u012bgai \u0101dai<br data-start=\"609\" data-end=\"612\" \/>\u2714\ufe0f R\u016bp\u012bgi no\u0146em grimu un net\u012brumus.<br data-start=\"656\" data-end=\"659\" \/>\u2714\ufe0f Mitrina, m\u012bkstina un atjauno \u0101das aizsargbarjeru.<br data-start=\"714\" data-end=\"717\" \/>\u2714\ufe0f Piem\u0113rots lieto\u0161anai no r\u012bta un vakar\u0101<\/p>","protected":false},"featured_media":34037,"comment_status":"open","ping_status":"closed","template":"","meta":{"_acf_changed":false},"product_brand":[435],"product_cat":[92,59],"product_tag":[],"class_list":{"0":"post-34005","1":"product","2":"type-product","3":"status-publish","4":"has-post-thumbnail","6":"product_brand-le-kku","7":"product_cat-groziui","8":"product_cat-veidui","10":"first","11":"instock","12":"shipping-taxable","13":"purchasable","14":"product-type-simple"},"acf":[],"tiered_pricing_type":"fixed","tiered_pricing_fixed_rules":[],"tiered_pricing_product_settings":{"layout":"default","base_unit_name":{"singular":null,"plural":null},"default_variation":null},"tiered_pricing_minimum_quantity":null,"tiered_pricing_roles_data":[],"tiered_pricing_percentage_rules":[],"_links":{"self":[{"href":"https:\/\/purama.lt\/lv\/wp-json\/wp\/v2\/product\/34005","targetHints":{"allow":["GET"]}}],"collection":[{"href":"https:\/\/purama.lt\/lv\/wp-json\/wp\/v2\/product"}],"about":[{"href":"https:\/\/purama.lt\/lv\/wp-json\/wp\/v2\/types\/product"}],"replies":[{"embeddable":true,"href":"https:\/\/purama.lt\/lv\/wp-json\/wp\/v2\/comments?post=34005"}],"wp:featuredmedia":[{"embeddable":true,"href":"https:\/\/purama.lt\/lv\/wp-json\/wp\/v2\/media\/34037"}],"wp:attachment":[{"href":"https:\/\/purama.lt\/lv\/wp-json\/wp\/v2\/media?parent=34005"}],"wp:term":[{"taxonomy":"product_brand","embeddable":true,"href":"https:\/\/purama.lt\/lv\/wp-json\/wp\/v2\/product_brand?post=34005"},{"taxonomy":"product_cat","embeddable":true,"href":"https:\/\/purama.lt\/lv\/wp-json\/wp\/v2\/product_cat?post=34005"},{"taxonomy":"product_tag","embeddable":true,"href":"https:\/\/purama.lt\/lv\/wp-json\/wp\/v2\/product_tag?post=34005"}],"curies":[{"name":"wp","href":"https:\/\/api.w.org\/{rel}","templated":true}]}}