{"id":34004,"date":"2025-04-15T15:57:12","date_gmt":"2025-04-15T15:57:12","guid":{"rendered":"https:\/\/purama.lt\/produktas\/le-kku-cbd-bb-veido-kremas\/"},"modified":"2026-04-10T13:03:28","modified_gmt":"2026-04-10T11:03:28","slug":"le-kku-cbd-bb-sejas-krems","status":"publish","type":"product","link":"https:\/\/purama.lt\/lv\/produktas\/le-kku-cbd-bb-veido-kremas\/","title":{"rendered":"LE-KKU CBD BB sejas kr\u0113ms"},"content":{"rendered":"<p><strong>Lieto\u0161ana:<\/strong><br>Uzkl\u0101jiet uz t\u012bras, mitras \u0101das ar pirkstiem, s\u016bkli vai otu. Uzkl\u0101jiet no sejas centra uz mal\u0101m, p\u0113c vajadz\u012bbas palielinot p\u0101rkl\u0101jumu. Ide\u0101li piem\u0113rots ikdienas lieto\u0161anai, lai pie\u0161\u0137irtu sejai svaigu un vienm\u0113r\u012bgu toni.<\/p>\n\n\n\n<p>Atkl\u0101jiet savu dabisko skaistumu - ar CBD nomierino\u0161o sp\u0113ku un BB gaismas efektu.<\/p>","protected":false},"excerpt":{"rendered":"<p class=\"\" data-start=\"0\" data-end=\"288\"><strong data-start=\"0\" data-end=\"30\">LE-KKU CBD BB sejas kr\u0113ms<\/strong> - gudrs risin\u0101jums tiem, kas v\u0113las dabisku skaistumu, mieru un mirdzumu vien\u0101 sol\u012b. \u0160is daudzfunkcion\u0101lais kr\u0113ms ne tikai izl\u012bdzina \u0101das toni un pasl\u0113pj nepiln\u012bbas, bet ar\u012b dzi\u013ci baro \u0101du, pateicoties 150 mg kanabidiola (CBD), ko tas satur. Kr\u0113ms ar 99,85 % dabiskas izcelsmes sast\u0101vda\u013c\u0101m nodro\u0161ina vieglu, nekomedog\u0113nu tekst\u016bru, kas piel\u0101gojas j\u016bsu \u0101das tonim, mitrina, nomierina un aizsarg\u0101. Maigs mask\u0113jums, maigs mirdzums un ikdienas \u0101das kop\u0161anas priek\u0161roc\u012bbas vien\u0101 produkt\u0101.<\/p>\n<p data-start=\"556\" data-end=\"580\"><strong>K\u0101p\u0113c izv\u0113l\u0113ties?<br \/><\/strong>\u2714\ufe0f 2-in-1: \u0101das kop\u0161ana un dab\u012bgs grims<br data-start=\"628\" data-end=\"631\" \/>\u2714\ufe0f 150 mg CBD - nomierino\u0161s jut\u012bgai vai kairin\u0101tai \u0101dai<br data-start=\"695\" data-end=\"698\" \/>\u2714\ufe0f Adapt\u012bvais tonis - smalka mask\u0113\u0161an\u0101s un mirdzums<br data-start=\"756\" data-end=\"759\" \/>\u2714\ufe0f Satur gandr\u012bz tikai dabiskas izcelsmes sast\u0101vda\u013cas.<br data-start=\"816\" data-end=\"819\" \/>\u2714\ufe0f Nelip\u012bga, viegli kl\u0101jama tekst\u016bra, piem\u0113rota visiem \u0101das tipiem.<\/p>","protected":false},"featured_media":34050,"comment_status":"open","ping_status":"closed","template":"","meta":{"_acf_changed":false},"product_brand":[435],"product_cat":[92,55,59],"product_tag":[],"class_list":{"0":"post-34004","1":"product","2":"type-product","3":"status-publish","4":"has-post-thumbnail","6":"product_brand-le-kku","7":"product_cat-groziui","8":"product_cat-veido-kremai","9":"product_cat-veidui","11":"first","12":"instock","13":"shipping-taxable","14":"purchasable","15":"product-type-simple"},"acf":[],"tiered_pricing_type":"fixed","tiered_pricing_fixed_rules":[],"tiered_pricing_product_settings":{"layout":"default","base_unit_name":{"singular":null,"plural":null},"default_variation":null},"tiered_pricing_minimum_quantity":null,"tiered_pricing_roles_data":[],"tiered_pricing_percentage_rules":[],"_links":{"self":[{"href":"https:\/\/purama.lt\/lv\/wp-json\/wp\/v2\/product\/34004","targetHints":{"allow":["GET"]}}],"collection":[{"href":"https:\/\/purama.lt\/lv\/wp-json\/wp\/v2\/product"}],"about":[{"href":"https:\/\/purama.lt\/lv\/wp-json\/wp\/v2\/types\/product"}],"replies":[{"embeddable":true,"href":"https:\/\/purama.lt\/lv\/wp-json\/wp\/v2\/comments?post=34004"}],"wp:featuredmedia":[{"embeddable":true,"href":"https:\/\/purama.lt\/lv\/wp-json\/wp\/v2\/media\/34050"}],"wp:attachment":[{"href":"https:\/\/purama.lt\/lv\/wp-json\/wp\/v2\/media?parent=34004"}],"wp:term":[{"taxonomy":"product_brand","embeddable":true,"href":"https:\/\/purama.lt\/lv\/wp-json\/wp\/v2\/product_brand?post=34004"},{"taxonomy":"product_cat","embeddable":true,"href":"https:\/\/purama.lt\/lv\/wp-json\/wp\/v2\/product_cat?post=34004"},{"taxonomy":"product_tag","embeddable":true,"href":"https:\/\/purama.lt\/lv\/wp-json\/wp\/v2\/product_tag?post=34004"}],"curies":[{"name":"wp","href":"https:\/\/api.w.org\/{rel}","templated":true}]}}