{"id":34002,"date":"2025-04-15T15:57:11","date_gmt":"2025-04-15T15:57:11","guid":{"rendered":"https:\/\/purama.lt\/produktas\/le-kku-cbd-veido-tonikas\/"},"modified":"2026-04-10T13:03:28","modified_gmt":"2026-04-10T11:03:28","slug":"le-kku-cbd-veidojosie-toniki","status":"publish","type":"product","link":"https:\/\/purama.lt\/lv\/produktas\/le-kku-cbd-veido-tonikas\/","title":{"rendered":"LE-KKU CBD sejas toniks"},"content":{"rendered":"<p><strong>K\u0101 lietot:<\/strong><br>Uzkl\u0101jiet toniku uz vates spilventi\u0146a vai tie\u0161i uz plaukstas. Maigi uzkl\u0101jiet uz sejas un kakla, izvairoties no acu zonas. Lietojiet no r\u012bta un vakar\u0101 p\u0113c att\u012br\u012b\u0161anas.<br><br><strong>Sast\u0101vda\u013cas:<\/strong><br>\u016adens, Aloe Barbadensis lapu sula, Cannabis sativa lapu\/stubl\u0101ja \u016bdens, PEG-40 hidrogen\u0113ta r\u012bcine\u013c\u013ca, pentil\u0113nglikols, gur\u0137u ekstrakts, glicer\u012bns, citronsk\u0101be, n\u0101trija fit\u0101ts, kanabidiols, n\u0101trija benzo\u0101ts, k\u0101lija sorb\u0101ts.<\/p>","protected":false},"excerpt":{"rendered":"<p class=\"\" data-start=\"0\" data-end=\"296\"><strong data-start=\"0\" data-end=\"28\">LE-KKU CBD sejas toniks<\/strong> - ir atsvaidzino\u0161s, \u0101du atjaunojo\u0161s toniks ikdienas kop\u0161anai. Bag\u0101tin\u0101ts ar 100 mg CBD un augu ekstraktiem, tas maigi toniz\u0113, balina, mitrina un padara \u0101du svaigu. Piem\u0113rots visiem \u0101das tipiem, \u012bpa\u0161i jut\u012bgai vai ar noslieci uz kairin\u0101jumu.<\/p>\n<p class=\"\" data-start=\"298\" data-end=\"490\"><strong data-start=\"298\" data-end=\"322\">K\u0101p\u0113c izv\u0113l\u0113ties?<\/strong><br data-start=\"322\" data-end=\"325\" \/>\u2714\ufe0f Toniz\u0113 un izgaismo sejas toni.<br data-start=\"360\" data-end=\"363\" \/>\u2714\ufe0f Nomierina un mitrina, neradot kairin\u0101jumu.<br data-start=\"409\" data-end=\"412\" \/>\u2714\ufe0f Sagatavo \u0101du n\u0101kamajai proced\u016brai.<br data-start=\"444\" data-end=\"447\" \/>\u2714\ufe0f 97,355 % Dabiskas izcelsmes sast\u0101vda\u013cas<\/p>","protected":false},"featured_media":34038,"comment_status":"open","ping_status":"closed","template":"","meta":{"_acf_changed":false},"product_brand":[435],"product_cat":[92,56,59],"product_tag":[],"class_list":{"0":"post-34002","1":"product","2":"type-product","3":"status-publish","4":"has-post-thumbnail","6":"product_brand-le-kku","7":"product_cat-groziui","8":"product_cat-veido-serumai","9":"product_cat-veidui","11":"first","12":"instock","13":"shipping-taxable","14":"purchasable","15":"product-type-simple"},"acf":[],"tiered_pricing_type":"fixed","tiered_pricing_fixed_rules":[],"tiered_pricing_product_settings":{"layout":"default","base_unit_name":{"singular":null,"plural":null},"default_variation":null},"tiered_pricing_minimum_quantity":null,"tiered_pricing_roles_data":[],"tiered_pricing_percentage_rules":[],"_links":{"self":[{"href":"https:\/\/purama.lt\/lv\/wp-json\/wp\/v2\/product\/34002","targetHints":{"allow":["GET"]}}],"collection":[{"href":"https:\/\/purama.lt\/lv\/wp-json\/wp\/v2\/product"}],"about":[{"href":"https:\/\/purama.lt\/lv\/wp-json\/wp\/v2\/types\/product"}],"replies":[{"embeddable":true,"href":"https:\/\/purama.lt\/lv\/wp-json\/wp\/v2\/comments?post=34002"}],"wp:featuredmedia":[{"embeddable":true,"href":"https:\/\/purama.lt\/lv\/wp-json\/wp\/v2\/media\/34038"}],"wp:attachment":[{"href":"https:\/\/purama.lt\/lv\/wp-json\/wp\/v2\/media?parent=34002"}],"wp:term":[{"taxonomy":"product_brand","embeddable":true,"href":"https:\/\/purama.lt\/lv\/wp-json\/wp\/v2\/product_brand?post=34002"},{"taxonomy":"product_cat","embeddable":true,"href":"https:\/\/purama.lt\/lv\/wp-json\/wp\/v2\/product_cat?post=34002"},{"taxonomy":"product_tag","embeddable":true,"href":"https:\/\/purama.lt\/lv\/wp-json\/wp\/v2\/product_tag?post=34002"}],"curies":[{"name":"wp","href":"https:\/\/api.w.org\/{rel}","templated":true}]}}