{"id":34001,"date":"2025-04-15T15:57:11","date_gmt":"2025-04-15T15:57:11","guid":{"rendered":"https:\/\/purama.lt\/produktas\/le-kku-cbd-losjonas-po-skutimosi\/"},"modified":"2026-04-10T13:03:28","modified_gmt":"2026-04-10T11:03:28","slug":"le-kku-cbd-losjons-pec-skusanas","status":"publish","type":"product","link":"https:\/\/purama.lt\/lv\/produktas\/le-kku-cbd-losjonas-po-skutimosi\/","title":{"rendered":"LE-KKU CBD losjons p\u0113c sk\u016b\u0161an\u0101s"},"content":{"rendered":"<p><strong>Lieto\u0161ana:<\/strong><br>P\u0113c sk\u016b\u0161an\u0101s t\u012bri nosusiniet \u0101du. Uzkl\u0101jiet nelielu daudzumu losjona uz sk\u016b\u0161an\u0101s zonas un maigi iemas\u0113jiet. Lietojiet katru dienu, lai \u0101da b\u016btu nomierin\u0101ta, elast\u012bga un m\u012bksta.<\/p>\n\n\n\n<p><strong>Sast\u0101vda\u013cas:<\/strong><br>\u016adens, Cannabis Sativa lapu un stubl\u0101ju \u016bdens, propandiols, kaprilic\/kapric triglicer\u012bds, pentil\u0113nglikols, glicerilstear\u0101ts SE, cetearilspirts, aromatiz\u0113t\u0101ji, Cannabis Sativa s\u0113klu e\u013c\u013ca, Butyrospermum Parkii Shea sviests, Ricinus Communis s\u0113klu e\u013c\u013ca, Cocos Nucifera s\u0113klu e\u013c\u013ca, Prunus Amygdalus Dulcis e\u013c\u013ca, glicerilcitr\u0101ts\/lakt\u0101ts\/linole\u0101ts\/ole\u0101ts, Carthamus Tinctorius s\u0113klu e\u013c\u013ca, kanabidiols, tokoferols, Cyamopsis Tetragonoloba sve\u0137i, alanto\u012bns, n\u0101trija fit\u0101ts, piensk\u0101be, citronsk\u0101be, n\u0101trija benzo\u0101ts, n\u0101trija benzo\u0101ts, k\u0101lija sorb\u0101ts, limon\u0113ns, geraniols, linalools, lignalools, citronelols, citralis, benzilsalicil\u0101ts, kumar\u012bns, farnesols.<\/p>","protected":false},"excerpt":{"rendered":"<p class=\"\" data-start=\"0\" data-end=\"357\"><strong data-start=\"0\" data-end=\"36\">LE-KKU CBD losjons p\u0113c sk\u016b\u0161an\u0101s<\/strong> - ir r\u016bp\u012bgi izstr\u0101d\u0101ts l\u012bdzeklis, kas nomierina, mitrina un aizsarg\u0101 \u0101du p\u0113c sk\u016b\u0161an\u0101s. \u0160is losjons, kas bag\u0101tin\u0101ts ar 150 mg CBD un 99,7 % dabiskas izcelsmes sast\u0101vda\u013c\u0101m, pal\u012bdz mazin\u0101t aps\u0101rtumu, mazin\u0101t kairin\u0101jumu un stimul\u0113t \u0101das atjauno\u0161anos. Piem\u0113rots visiem \u0101das tipiem, \u012bpa\u0161i jut\u012bgai un uz kairin\u0101jumu jut\u012bgai \u0101dai.<\/p>\n<p class=\"\" data-start=\"359\" data-end=\"614\"><strong data-start=\"359\" data-end=\"383\">K\u0101p\u0113c izv\u0113l\u0113ties?<\/strong><br data-start=\"383\" data-end=\"386\" \/>\u2714\ufe0f Nomierina kairin\u0101tu \u0101du p\u0113c sk\u016b\u0161an\u0101s.<br data-start=\"423\" data-end=\"426\" \/>\u2714\ufe0f Dzi\u013ci mitrina un stiprina \u0101das aizsargbarjeru.<br data-start=\"478\" data-end=\"481\" \/>\u2714\ufe0f Stimul\u0113 boj\u0101tas \u0101das re\u0123ener\u0101ciju.<br data-start=\"520\" data-end=\"523\" \/>\u2714\ufe0f Pal\u012bdz samazin\u0101t sausumu un diskomfortu<br data-start=\"565\" data-end=\"568\" \/>\u2714\ufe0f Satur v\u0113rt\u012bgas augu e\u013c\u013cas un CBD<\/p>","protected":false},"featured_media":34046,"comment_status":"open","ping_status":"closed","template":"","meta":{"_acf_changed":false},"product_brand":[435],"product_cat":[92,59],"product_tag":[],"class_list":{"0":"post-34001","1":"product","2":"type-product","3":"status-publish","4":"has-post-thumbnail","6":"product_brand-le-kku","7":"product_cat-groziui","8":"product_cat-veidui","10":"first","11":"instock","12":"shipping-taxable","13":"purchasable","14":"product-type-simple"},"acf":[],"tiered_pricing_type":"fixed","tiered_pricing_fixed_rules":[],"tiered_pricing_product_settings":{"layout":"default","base_unit_name":{"singular":null,"plural":null},"default_variation":null},"tiered_pricing_minimum_quantity":null,"tiered_pricing_roles_data":[],"tiered_pricing_percentage_rules":[],"_links":{"self":[{"href":"https:\/\/purama.lt\/lv\/wp-json\/wp\/v2\/product\/34001","targetHints":{"allow":["GET"]}}],"collection":[{"href":"https:\/\/purama.lt\/lv\/wp-json\/wp\/v2\/product"}],"about":[{"href":"https:\/\/purama.lt\/lv\/wp-json\/wp\/v2\/types\/product"}],"replies":[{"embeddable":true,"href":"https:\/\/purama.lt\/lv\/wp-json\/wp\/v2\/comments?post=34001"}],"wp:featuredmedia":[{"embeddable":true,"href":"https:\/\/purama.lt\/lv\/wp-json\/wp\/v2\/media\/34046"}],"wp:attachment":[{"href":"https:\/\/purama.lt\/lv\/wp-json\/wp\/v2\/media?parent=34001"}],"wp:term":[{"taxonomy":"product_brand","embeddable":true,"href":"https:\/\/purama.lt\/lv\/wp-json\/wp\/v2\/product_brand?post=34001"},{"taxonomy":"product_cat","embeddable":true,"href":"https:\/\/purama.lt\/lv\/wp-json\/wp\/v2\/product_cat?post=34001"},{"taxonomy":"product_tag","embeddable":true,"href":"https:\/\/purama.lt\/lv\/wp-json\/wp\/v2\/product_tag?post=34001"}],"curies":[{"name":"wp","href":"https:\/\/api.w.org\/{rel}","templated":true}]}}