{"id":34000,"date":"2025-04-15T15:57:10","date_gmt":"2025-04-15T15:57:10","guid":{"rendered":"https:\/\/purama.lt\/produktas\/le-kku-cbd-saldantis-gelis\/"},"modified":"2026-04-14T09:24:01","modified_gmt":"2026-04-14T07:24:01","slug":"kku-cbd-saldinosais-gels","status":"publish","type":"product","link":"https:\/\/purama.lt\/lv\/produktas\/le-kku-cbd-saldantis-gelis\/","title":{"rendered":"LE-KKU CBD dzes\u0113jo\u0161ais gels"},"content":{"rendered":"<p><strong>Lieto\u0161ana:<\/strong><br>Uzkl\u0101jiet nelielu daudzumu gela uz v\u0113lam\u0101s zonas (rok\u0101m, k\u0101j\u0101m, kakla vai muguras) un viegli iemas\u0113jiet. Izvairieties no saskares ar ac\u012bm. Lietojiet pirms vai p\u0113c sporta vai fiziskas slodzes. P\u0113c lieto\u0161anas r\u016bp\u012bgi nomazg\u0101jiet rokas.<\/p>\n\n\n\n<p><strong>Sast\u0101vda\u013cas:<\/strong><br>\u016adens, mentols, glicer\u012bns, pentil\u0113nglikols, Cannabis Sativa s\u0113klu e\u013c\u013ca, ksant\u0101na sve\u0137i, kanabidiols, glicerilcitr\u0101ts\/lakt\u0101ts\/linole\u0101ts\/ole\u0101ts, kampars, tokoferols, vanilililbutil\u0113teris, citronsk\u0101be, Mentha Arvensis e\u013c\u013ca, Lavandula Angustifolia e\u013c\u013ca.<\/p>","protected":false},"excerpt":{"rendered":"<p class=\"\" data-start=\"0\" data-end=\"364\"><strong data-start=\"0\" data-end=\"30\">LE-KKU CBD dzes\u0113jo\u0161ais gels<\/strong> - ir intens\u012bva musku\u013cu un loc\u012btavu proced\u016bra, kas paredz\u0113ta \u0101trai st\u012bvuma, sasprindzin\u0101juma un diskomforta mazin\u0101\u0161anai. Ar 750 mg CBD un 99,36 % dab\u012bgo sast\u0101vda\u013cu bag\u0101tin\u0101tais gels iek\u013c\u016bst dzi\u013ci \u0101d\u0101, iedarbojoties uz musku\u013ciem, nerviem un loc\u012btav\u0101m, sniedzot atv\u0113sino\u0161u efektu un nomierinot iekaisu\u0161o \u0101du.<\/p>\n<p class=\"\" data-start=\"366\" data-end=\"634\"><strong data-start=\"366\" data-end=\"390\">K\u0101p\u0113c izv\u0113l\u0113ties?<\/strong><br data-start=\"390\" data-end=\"393\" \/>\u2714\ufe0f \u0100tri atv\u0113sina un mazina musku\u013cu un loc\u012btavu sasprindzin\u0101jumu.<br data-start=\"448\" data-end=\"451\" \/>\u2714\ufe0f Piem\u0113rots lieto\u0161anai pirms un p\u0113c fizisk\u0101m aktivit\u0101t\u0113m.<br data-start=\"495\" data-end=\"498\" \/>\u2714\ufe0f Mitrina \u0101du un veicina t\u0101s atjauno\u0161an\u0101s procesus.<br data-start=\"548\" data-end=\"551\" \/>\u2714\ufe0f Stimul\u0113 endokanabino\u012bdu sist\u0113mu.<br data-start=\"593\" data-end=\"596\" \/>\u2714\ufe0f Viegli uzs\u016bcas, bez lip\u012bguma<\/p>","protected":false},"featured_media":34042,"comment_status":"open","ping_status":"closed","template":"","meta":{"_acf_changed":false},"product_brand":[435],"product_cat":[92,300,59],"product_tag":[],"class_list":{"0":"post-34000","1":"product","2":"type-product","3":"status-publish","4":"has-post-thumbnail","6":"product_brand-le-kku","7":"product_cat-groziui","8":"product_cat-kunui","9":"product_cat-veidui","11":"first","12":"instock","13":"shipping-taxable","14":"purchasable","15":"product-type-simple"},"acf":[],"tiered_pricing_type":"fixed","tiered_pricing_fixed_rules":[],"tiered_pricing_product_settings":{"layout":"default","base_unit_name":{"singular":null,"plural":null},"default_variation":null},"tiered_pricing_minimum_quantity":null,"tiered_pricing_roles_data":[],"tiered_pricing_percentage_rules":[],"_links":{"self":[{"href":"https:\/\/purama.lt\/lv\/wp-json\/wp\/v2\/product\/34000","targetHints":{"allow":["GET"]}}],"collection":[{"href":"https:\/\/purama.lt\/lv\/wp-json\/wp\/v2\/product"}],"about":[{"href":"https:\/\/purama.lt\/lv\/wp-json\/wp\/v2\/types\/product"}],"replies":[{"embeddable":true,"href":"https:\/\/purama.lt\/lv\/wp-json\/wp\/v2\/comments?post=34000"}],"wp:featuredmedia":[{"embeddable":true,"href":"https:\/\/purama.lt\/lv\/wp-json\/wp\/v2\/media\/34042"}],"wp:attachment":[{"href":"https:\/\/purama.lt\/lv\/wp-json\/wp\/v2\/media?parent=34000"}],"wp:term":[{"taxonomy":"product_brand","embeddable":true,"href":"https:\/\/purama.lt\/lv\/wp-json\/wp\/v2\/product_brand?post=34000"},{"taxonomy":"product_cat","embeddable":true,"href":"https:\/\/purama.lt\/lv\/wp-json\/wp\/v2\/product_cat?post=34000"},{"taxonomy":"product_tag","embeddable":true,"href":"https:\/\/purama.lt\/lv\/wp-json\/wp\/v2\/product_tag?post=34000"}],"curies":[{"name":"wp","href":"https:\/\/api.w.org\/{rel}","templated":true}]}}