{"id":33999,"date":"2025-04-15T15:57:10","date_gmt":"2025-04-15T15:57:10","guid":{"rendered":"https:\/\/purama.lt\/produktas\/le-kku-cbd-hialurono-veido-serumas\/"},"modified":"2026-04-10T13:03:28","modified_gmt":"2026-04-10T11:03:28","slug":"le-kku-cbd-hialuronveida-sejas-serums","status":"publish","type":"product","link":"https:\/\/purama.lt\/lv\/produktas\/le-kku-cbd-hialurono-veido-serumas\/","title":{"rendered":"LE-KKU CBD hialuroniskais sejas serums"},"content":{"rendered":"<p><strong>Lieto\u0161ana:<\/strong><br>Uzkl\u0101jiet nelielu daudzumu seruma (apm\u0113ram zir\u0146a lielum\u0101) uz t\u012bras, sausas sejas un kakla \u0101das. Ar maig\u0101m ap\u013cveida kust\u012bb\u0101m iemas\u0113jiet, l\u012bdz piln\u012bb\u0101 ies\u016bcas. Vislab\u0101k lietot no r\u012bta un vakar\u0101 pirms mitrino\u0161\u0101 l\u012bdzek\u013ca lieto\u0161anas. Uzglab\u0101t v\u0113s\u0101, no saules aizsarg\u0101t\u0101 viet\u0101.<br><br><strong>Sast\u0101vs:<\/strong><br>\u016adens, Cannabis Sativa lapu\/stubl\u0101ju \u016bdens, Aloe Barbadensis lapu sula, glicer\u012bns, n\u0101trija hialuron\u0101ts, kanabidiols (CBD - no ka\u0146epju ekstrakta, tinkt\u016bras vai sve\u0137iem), kaprilic\/kapric triglicer\u012bds, pekt\u012bns, fenetilspirts, Cucumis Sativus (Cucumber) ekstrakts, ksant\u0101na sve\u0137i, n\u0101trija fit\u0101ts, karagin\u0101ns, kaprilglikols, amilopekt\u012bns, pentil\u0113nglikols, Lithothamnion Calcareum ekstrakts, piensk\u0101be, n\u0101trija benzo\u0101ts, k\u0101lija sorb\u0101ts, citronsk\u0101be.<\/p>","protected":false},"excerpt":{"rendered":"<p class=\"\" data-start=\"216\" data-end=\"326\"><strong data-start=\"216\" data-end=\"326\">LE-KKU CBD hialuroniskais sejas serums - intens\u012bva \u0101das mitrin\u0101\u0161ana, nostiprin\u0101\u0161ana un jaun\u012bbas mirdzums. <\/strong>Sagatavojieties \u0101das p\u0101rv\u0113rt\u012bb\u0101m ar LE-KKU CBD hialuronisko sejas serumu - ikdienas skaistumkop\u0161anas l\u012bdzekli, kas apvieno sp\u0113c\u012bgus augu ekstraktus, uzlabotu hialuronsk\u0101bi un 300 mg CBD. \u0160\u012b formula ir izstr\u0101d\u0101ta tiem, kas mekl\u0113 efekt\u012bvu, bet saudz\u012bgu risin\u0101jumu, lai pal\u012bdz\u0113tu atjaunot \u0101das elast\u012bbu, mazin\u0101tu grumbas un saglab\u0101tu ilgsto\u0161u mitruma l\u012bdzsvaru. CBD nomierina un stiprina \u0101das aizsargbarjeru, hialuronsk\u0101be blo\u0137\u0113 mitrumu dzi\u013c\u0101kajos \u0101das sl\u0101\u0146os, bet dab\u012bgie ekstrakti, piem\u0113ram, alveja un gur\u0137is, baro un izgaismo \u0101du. Serums uzs\u016bcas acumirkl\u012b, neatst\u0101jot lip\u012bgu vai smagu saj\u016btu - ide\u0101li piem\u0113rots gan r\u012bta, gan vakara lieto\u0161anai.<\/p>\n<p class=\"\" data-start=\"1067\" data-end=\"1501\"><strong data-start=\"1067\" data-end=\"1109\">K\u0101p\u0113c izv\u0113l\u0113ties LE-KKU CBD serumu?<\/strong><br data-start=\"1109\" data-end=\"1112\" \/>\u2714\ufe0f Intens\u012bvi mitrina pat vissaus\u0101ko \u0101du.<br data-start=\"1164\" data-end=\"1167\" \/>\u2714\ufe0f \u0100tri uzs\u016bcas - bez lip\u012bguma un sp\u012bduma<br data-start=\"1212\" data-end=\"1215\" \/>\u2714\ufe0f Akt\u012bvi nostiprina un izl\u012bdzina \u0101das virsmu.<br data-start=\"1260\" data-end=\"1263\" \/>\u2714\ufe0f Veicina dabisku mirdzumu un svaigumu.<br data-start=\"1312\" data-end=\"1315\" \/>\u2714\ufe0f Samazina smalko l\u012bniju un grumbi\u0146u redzam\u012bbu.<br data-start=\"1369\" data-end=\"1372\" \/>\u2714\ufe0f Nomierino\u0161s efekts jut\u012bgai un stresa nom\u0101ktajai \u0101dai.<br data-start=\"1430\" data-end=\"1433\" \/>\u2714\ufe0f 99,1 % dabiskas izcelsmes sast\u0101vda\u013cas - t\u012bra un apzin\u0101ta formula.<\/p>","protected":false},"featured_media":34029,"comment_status":"open","ping_status":"closed","template":"","meta":{"_acf_changed":false},"product_brand":[435],"product_cat":[92,56,59],"product_tag":[],"class_list":{"0":"post-33999","1":"product","2":"type-product","3":"status-publish","4":"has-post-thumbnail","6":"product_brand-le-kku","7":"product_cat-groziui","8":"product_cat-veido-serumai","9":"product_cat-veidui","11":"first","12":"instock","13":"shipping-taxable","14":"purchasable","15":"product-type-simple"},"acf":[],"tiered_pricing_type":"fixed","tiered_pricing_fixed_rules":[],"tiered_pricing_product_settings":{"layout":"default","base_unit_name":{"singular":null,"plural":null},"default_variation":null},"tiered_pricing_minimum_quantity":null,"tiered_pricing_roles_data":[],"tiered_pricing_percentage_rules":[],"_links":{"self":[{"href":"https:\/\/purama.lt\/lv\/wp-json\/wp\/v2\/product\/33999","targetHints":{"allow":["GET"]}}],"collection":[{"href":"https:\/\/purama.lt\/lv\/wp-json\/wp\/v2\/product"}],"about":[{"href":"https:\/\/purama.lt\/lv\/wp-json\/wp\/v2\/types\/product"}],"replies":[{"embeddable":true,"href":"https:\/\/purama.lt\/lv\/wp-json\/wp\/v2\/comments?post=33999"}],"wp:featuredmedia":[{"embeddable":true,"href":"https:\/\/purama.lt\/lv\/wp-json\/wp\/v2\/media\/34029"}],"wp:attachment":[{"href":"https:\/\/purama.lt\/lv\/wp-json\/wp\/v2\/media?parent=33999"}],"wp:term":[{"taxonomy":"product_brand","embeddable":true,"href":"https:\/\/purama.lt\/lv\/wp-json\/wp\/v2\/product_brand?post=33999"},{"taxonomy":"product_cat","embeddable":true,"href":"https:\/\/purama.lt\/lv\/wp-json\/wp\/v2\/product_cat?post=33999"},{"taxonomy":"product_tag","embeddable":true,"href":"https:\/\/purama.lt\/lv\/wp-json\/wp\/v2\/product_tag?post=33999"}],"curies":[{"name":"wp","href":"https:\/\/api.w.org\/{rel}","templated":true}]}}