{"id":33997,"date":"2025-04-15T15:57:09","date_gmt":"2025-04-15T15:57:09","guid":{"rendered":"https:\/\/purama.lt\/produktas\/le-kku-cbd-plauku-aliejus\/"},"modified":"2026-04-14T09:42:00","modified_gmt":"2026-04-14T07:42:00","slug":"kku-cbd-matu-ella","status":"publish","type":"product","link":"https:\/\/purama.lt\/lv\/produktas\/le-kku-cbd-plauku-aliejus\/","title":{"rendered":"LE-KKU CBD matu e\u013c\u013ca"},"content":{"rendered":"<p><strong>Lieto\u0161ana:<\/strong><br>Da\u017eus pilienus e\u013c\u013cas ieberiet plaukst\u0101s un maigi izsm\u0113r\u0113jiet pa matu galiem. Nelietojiet tie\u0161i uz galvas \u0101das. Neskalojiet. Lietojiet uz sausiem vai mitriem matiem no r\u012bta vai vakar\u0101 p\u0113c vajadz\u012bbas.<\/p>\n\n\n\n<p><strong>Sast\u0101vda\u013cas:<\/strong><br>C15-19 alk\u0101ns, Simmondsia Chinensis s\u0113klu e\u013c\u013ca, kokokapril\u0101ts\/kapr\u0101ts, Cannabis Sativa s\u0113klu e\u013c\u013ca, kaprilic\/kapric triglicer\u012bds, kanabidiols - ieg\u016bts no ka\u0146epju ekstrakta, tinkt\u016bras vai sve\u0137iem, Ricinus Communis s\u0113klu e\u013c\u013ca, tokoferols, parfum, Inula Crithmoides ziedu\/lapu ekstrakts, Beta Vulgaris sak\u0146u ekstrakts, limon\u0113ns, linalols.<\/p>","protected":false},"excerpt":{"rendered":"<p class=\"\" data-start=\"127\" data-end=\"209\"><strong data-start=\"127\" data-end=\"209\">LE-KKU CBD matu e\u013c\u013ca - intens\u012bvs sp\u012bdums un aizsardz\u012bba ikdienas skaistumam. <\/strong>Atjaunojiet un nostipriniet matus ar<strong> LE-KKU CBD<\/strong> Matu e\u013c\u013ca - 100 % ar dabisku formulu, kas bag\u0101tin\u0101ta ar 150 mg CBD. \u0160\u012b vieglas konsistences e\u013c\u013ca ir izstr\u0101d\u0101ta, lai aizsarg\u0101tu, m\u012bkstin\u0101tu un pie\u0161\u0137irtu matiem \u012bpa\u0161u sp\u012bdumu, nepadarot tos smagus. T\u0101 ir ide\u0101li piem\u0113rota sausiem, boj\u0101tiem vai \u0161\u0137elto galu matiem, darbojas k\u0101 barojo\u0161a barjera pret \u0101r\u0113jiem agresoriem un pal\u012bdz uztur\u0113t mitruma l\u012bdzsvaru. Piem\u0113rots gan ikdienas lieto\u0161anai, gan papildu intens\u012bvai kop\u0161anai.<\/p>\n<p class=\"\" data-start=\"708\" data-end=\"1142\"><strong data-start=\"708\" data-end=\"757\">K\u0101p\u0113c izv\u0113l\u0113ties LE-KKU CBD matu e\u013c\u013cu?<\/strong><br data-start=\"757\" data-end=\"760\" \/>\u2714\ufe0f 100 % dab\u012bgas sast\u0101vda\u013cas - bez silikoniem, parab\u0113niem un m\u0101ksl\u012bg\u0101m piedev\u0101m.<br data-start=\"838\" data-end=\"841\" \/>\u2714\ufe0f Bag\u0101tin\u0101ts ar 150 mg CBD - stiprina matus no sakn\u0113m l\u012bdz galiem<br data-start=\"908\" data-end=\"911\" \/>\u2714\ufe0f M\u012bkstina un aizsarg\u0101 matu gali\u0146us no l\u016b\u0161anas.<br data-start=\"965\" data-end=\"968\" \/>\u2714\ufe0f Pie\u0161\u0137ir dabisku sp\u012bdumu un vesel\u012bbu<br data-start=\"1012\" data-end=\"1015\" \/>\u2714\ufe0f Piem\u0113rots visiem matu tipiem, \u012bpa\u0161i sausiem un boj\u0101tiem matiem.<br data-start=\"1072\" data-end=\"1075\" \/>\u2714\ufe0f Neslogo matus, \u0101tri ies\u016bcas, neatst\u0101j taukainu saj\u016btu.<\/p>","protected":false},"featured_media":34043,"comment_status":"open","ping_status":"closed","template":"","meta":{"_acf_changed":false},"product_brand":[435],"product_cat":[92,304],"product_tag":[],"class_list":{"0":"post-33997","1":"product","2":"type-product","3":"status-publish","4":"has-post-thumbnail","6":"product_brand-le-kku","7":"product_cat-groziui","8":"product_cat-plaukams","10":"first","11":"instock","12":"shipping-taxable","13":"purchasable","14":"product-type-simple"},"acf":[],"tiered_pricing_type":"fixed","tiered_pricing_fixed_rules":[],"tiered_pricing_product_settings":{"layout":"default","base_unit_name":{"singular":null,"plural":null},"default_variation":null},"tiered_pricing_minimum_quantity":null,"tiered_pricing_roles_data":[],"tiered_pricing_percentage_rules":[],"_links":{"self":[{"href":"https:\/\/purama.lt\/lv\/wp-json\/wp\/v2\/product\/33997","targetHints":{"allow":["GET"]}}],"collection":[{"href":"https:\/\/purama.lt\/lv\/wp-json\/wp\/v2\/product"}],"about":[{"href":"https:\/\/purama.lt\/lv\/wp-json\/wp\/v2\/types\/product"}],"replies":[{"embeddable":true,"href":"https:\/\/purama.lt\/lv\/wp-json\/wp\/v2\/comments?post=33997"}],"wp:featuredmedia":[{"embeddable":true,"href":"https:\/\/purama.lt\/lv\/wp-json\/wp\/v2\/media\/34043"}],"wp:attachment":[{"href":"https:\/\/purama.lt\/lv\/wp-json\/wp\/v2\/media?parent=33997"}],"wp:term":[{"taxonomy":"product_brand","embeddable":true,"href":"https:\/\/purama.lt\/lv\/wp-json\/wp\/v2\/product_brand?post=33997"},{"taxonomy":"product_cat","embeddable":true,"href":"https:\/\/purama.lt\/lv\/wp-json\/wp\/v2\/product_cat?post=33997"},{"taxonomy":"product_tag","embeddable":true,"href":"https:\/\/purama.lt\/lv\/wp-json\/wp\/v2\/product_tag?post=33997"}],"curies":[{"name":"wp","href":"https:\/\/api.w.org\/{rel}","templated":true}]}}