{"id":33996,"date":"2025-04-15T15:57:09","date_gmt":"2025-04-15T15:57:09","guid":{"rendered":"https:\/\/purama.lt\/produktas\/le-kku-cbd-kondicionierius\/"},"modified":"2026-04-14T09:42:00","modified_gmt":"2026-04-14T07:42:00","slug":"kku-cbd-kondicionieris","status":"publish","type":"product","link":"https:\/\/purama.lt\/lv\/produktas\/le-kku-cbd-kondicionierius\/","title":{"rendered":"LE-KKU CBD kondicionieris"},"content":{"rendered":"<p><strong>Lieto\u0161ana:<\/strong><br>Labi samitriniet matus. Uzkl\u0101jiet kondicionieri uz visa matu garuma, izvairoties no sakn\u0113m. Atst\u0101jiet uz matiem uz 2 min\u016bt\u0113m un r\u016bp\u012bgi izskalojiet. Lietojiet regul\u0101ri, lai nodro\u0161in\u0101tu ilgsto\u0161u rezult\u0101tu.<\/p>\n\n\n\n<p><strong>Sast\u0101vda\u013cas:<\/strong><br>\u016adens, cetearila alkohols, pentil\u0113nglikols, hidroliz\u0113ts kvie\u0161u prote\u012bns, behenamidopropildimetilam\u012bns, Butyrospermum Parkii sviests, propil\u0113nglikols, gu\u0101ra hidroksipropiltrimonija hlor\u012bds, behentrimonija hlor\u012bds, Tokoferols, Parfums, Kanabidiols - ieg\u016bts no ka\u0146epju ekstrakta, tinkt\u016bras vai sve\u0137iem, Hidroliz\u0113ts z\u012bds, N\u0101trija fit\u0101ts, Hippophae Rhamnoides aug\u013cu e\u013c\u013ca, Piensk\u0101be, Limon\u0113ns*, Linalools*.<br>* Dab\u0101 sastopamas \u0113teriskaj\u0101s e\u013c\u013c\u0101s.<\/p>","protected":false},"excerpt":{"rendered":"<p class=\"\" data-start=\"0\" data-end=\"85\"><strong data-start=\"0\" data-end=\"85\">LE-KKU CBD kondicionieris - dzi\u013ca baro\u0161ana un z\u012bdaina matu maigums. <\/strong>\u013baujiet saviem matiem izbaud\u012bt izcilu kop\u0161anu ar LE-KKU CBD kondicionieri, kas bag\u0101tin\u0101ts ar 750 mg CBD, z\u012bda prote\u012bnu un smilts\u0113rk\u0161\u0137u e\u013c\u013cu. \u0160\u012b dab\u012bg\u0101 formula pal\u012bdz atjaunot boj\u0101tus matus, padarot tos elast\u012bgus, sp\u012bd\u012bgus un m\u012bkstus. Kondicionieris ir viegli izklied\u0113jams, neapgr\u016btina matus, un t\u0101 nomierino\u0161ais efekts ir \u012bpa\u0161i piem\u0113rots jut\u012bgai galvas \u0101dai. Piem\u0113rots ikdienas lieto\u0161anai visiem matu tipiem, \u012bpa\u0161i sausiem, boj\u0101tiem un matainiem matiem.<\/p>\n<p class=\"\" data-start=\"558\" data-end=\"996\"><strong data-start=\"558\" data-end=\"608\">K\u0101p\u0113c izv\u0113l\u0113ties LE-KKU CBD gaisa kondicionieri?<\/strong><br data-start=\"608\" data-end=\"611\" \/>\u2714\ufe0f Bag\u0101tin\u0101ts ar 750 mg CBD - stiprina matus no iek\u0161puses<br data-start=\"666\" data-end=\"669\" \/>\u2714\ufe0f z\u012bda prote\u012bns - atjauno matu strukt\u016bru un m\u012bkstumu.<br data-start=\"734\" data-end=\"737\" \/>\u2714\ufe0f smilts\u0113rk\u0161\u0137u e\u013c\u013ca - intens\u012bvi baro un aizsarg\u0101 pret sausumu.<br data-start=\"806\" data-end=\"809\" \/>\u2714\ufe0f Atvieglo matu iz\u0137emm\u0113\u0161anu, mazina l\u016b\u0161anu un sprogas.<br data-start=\"873\" data-end=\"876\" \/>\u2714\ufe0f Dabiskas izcelsmes sast\u0101vda\u013cas - bez silikoniem un sulf\u0101tiem.<br data-start=\"940\" data-end=\"943\" \/>\u2714\ufe0f Piem\u0113rots kr\u0101sotiem, boj\u0101tiem un jut\u012bgiem matiem.<\/p>","protected":false},"featured_media":34049,"comment_status":"open","ping_status":"closed","template":"","meta":{"_acf_changed":false},"product_brand":[435],"product_cat":[92,304,307],"product_tag":[],"class_list":{"0":"post-33996","1":"product","2":"type-product","3":"status-publish","4":"has-post-thumbnail","6":"product_brand-le-kku","7":"product_cat-groziui","8":"product_cat-plaukams","9":"product_cat-plauku-sampunai","11":"first","12":"instock","13":"shipping-taxable","14":"purchasable","15":"product-type-simple"},"acf":[],"tiered_pricing_type":"fixed","tiered_pricing_fixed_rules":[],"tiered_pricing_product_settings":{"layout":"default","base_unit_name":{"singular":null,"plural":null},"default_variation":null},"tiered_pricing_minimum_quantity":null,"tiered_pricing_roles_data":[],"tiered_pricing_percentage_rules":[],"_links":{"self":[{"href":"https:\/\/purama.lt\/lv\/wp-json\/wp\/v2\/product\/33996","targetHints":{"allow":["GET"]}}],"collection":[{"href":"https:\/\/purama.lt\/lv\/wp-json\/wp\/v2\/product"}],"about":[{"href":"https:\/\/purama.lt\/lv\/wp-json\/wp\/v2\/types\/product"}],"replies":[{"embeddable":true,"href":"https:\/\/purama.lt\/lv\/wp-json\/wp\/v2\/comments?post=33996"}],"wp:featuredmedia":[{"embeddable":true,"href":"https:\/\/purama.lt\/lv\/wp-json\/wp\/v2\/media\/34049"}],"wp:attachment":[{"href":"https:\/\/purama.lt\/lv\/wp-json\/wp\/v2\/media?parent=33996"}],"wp:term":[{"taxonomy":"product_brand","embeddable":true,"href":"https:\/\/purama.lt\/lv\/wp-json\/wp\/v2\/product_brand?post=33996"},{"taxonomy":"product_cat","embeddable":true,"href":"https:\/\/purama.lt\/lv\/wp-json\/wp\/v2\/product_cat?post=33996"},{"taxonomy":"product_tag","embeddable":true,"href":"https:\/\/purama.lt\/lv\/wp-json\/wp\/v2\/product_tag?post=33996"}],"curies":[{"name":"wp","href":"https:\/\/api.w.org\/{rel}","templated":true}]}}