{"id":33994,"date":"2025-04-15T15:57:08","date_gmt":"2025-04-15T15:57:08","guid":{"rendered":"https:\/\/purama.lt\/produktas\/le-kku-cbd-veido-sveitiklis\/"},"modified":"2026-04-10T13:03:28","modified_gmt":"2026-04-10T11:03:28","slug":"le-kku-cbd-sejas-dziednieks","status":"publish","type":"product","link":"https:\/\/purama.lt\/lv\/produktas\/le-kku-cbd-veido-sveitiklis\/","title":{"rendered":"LE-KKU CBD sejas skrubis"},"content":{"rendered":"<p><strong>Lieto\u0161ana:<\/strong><br>Samitriniet seju un kaklu ar siltu \u016bdeni. Ar ap\u013cveida kust\u012bb\u0101m iemas\u0113jiet nelielu daudzumu skrubja, \u012bpa\u0161i uz deguna, pieres un zoda. R\u016bp\u012bgi noskalojiet ar siltu \u016bdeni. Lietojiet 1 reizi ned\u0113\u013c\u0101. Izvairieties no saskares ar ac\u012bm.<\/p>\n\n\n\n<p><strong>Sast\u0101vda\u013cas:<\/strong><br>Kaprilic\/Capric triglicer\u012bds, glicer\u012bns, \u016bdens, vulk\u0101nisk\u0101s smiltis, Quillaja Saponaria koksnes ekstrakts, kanabidiols - ieg\u016bts no ka\u0146epju ekstrakta, tinkt\u016bras vai sve\u0137iem, parfum, Saponaria Officinalis lapu\/sak\u0146u ekstrakts, limon\u0113ns, linalools.<\/p>","protected":false},"excerpt":{"rendered":"<p class=\"\" data-start=\"0\" data-end=\"68\"><strong data-start=\"0\" data-end=\"68\">LE-KKU CBD sejas skrubis - dabisks mirdzo\u0161as \u0101das nosl\u0113pums, <\/strong>ir dzi\u013ci att\u012bro\u0161a un \u0101du atjaunojo\u0161a proced\u016bra, kas paredz\u0113ta, lai efekt\u012bvi no\u0146emtu atmiru\u0161\u0101s \u0101das \u0161\u016bnas un atjaunotu \u0101das tonusu un mirdzumu. T\u0101 satur 500 mg CBD kop\u0101 ar vulk\u0101nisk\u0101m smilt\u012bm un dab\u012bgiem augu ekstraktiem, kas maigi p\u012blings, mitrina un kopj \u0101du, pal\u012bdzot atkl\u0101t glud\u0101ku, vienm\u0113r\u012bg\u0101ku un mirdzo\u0161\u0101ku sejas toni. Ide\u0101la izv\u0113le tiem, kas v\u0113las maigu, bet efekt\u012bvu p\u012blingu bez kairin\u0101juma - piem\u0113rots visiem \u0101das tipiem, pat jut\u012bgai \u0101dai.<\/p>\n<p class=\"\" data-start=\"572\" data-end=\"938\"><strong data-start=\"572\" data-end=\"623\">K\u0101p\u0113c izv\u0113l\u0113ties LE-KKU CBD sejas skrubi?<\/strong><br data-start=\"623\" data-end=\"626\" \/>\u2714\ufe0f 500 mg CBD - \u0101das l\u012bdzsvara atjauno\u0161anai un nomierin\u0101\u0161anai<br data-start=\"677\" data-end=\"680\" \/>\u2714\ufe0f Vulk\u0101nisk\u0101s smiltis - efekt\u012bvs, bet maigs skrubis<br data-start=\"735\" data-end=\"738\" \/>\u2714\ufe0f No\u0146em atmiru\u0161\u0101s \u0101das \u0161\u016bnas un veicina re\u0123ener\u0101ciju.<br data-start=\"795\" data-end=\"798\" data-is-only-node=\"\" \/>\u2714\ufe0f Toniz\u0113, mitrina un atdz\u012bvina noguru\u0161u \u0101du.<br data-start=\"847\" data-end=\"850\" \/>\u2714\ufe0f Sniedz gludu un mirdzo\u0161u efektu.<br data-start=\"890\" data-end=\"893\" \/>\u2714\ufe0f 100 % Dabiskas izcelsmes sast\u0101vda\u013cas<\/p>","protected":false},"featured_media":34039,"comment_status":"open","ping_status":"closed","template":"","meta":{"_acf_changed":false},"product_brand":[435],"product_cat":[92,150,59],"product_tag":[],"class_list":{"0":"post-33994","1":"product","2":"type-product","3":"status-publish","4":"has-post-thumbnail","6":"product_brand-le-kku","7":"product_cat-groziui","8":"product_cat-veido-prausikliai","9":"product_cat-veidui","11":"first","12":"instock","13":"shipping-taxable","14":"purchasable","15":"product-type-simple"},"acf":[],"tiered_pricing_type":"fixed","tiered_pricing_fixed_rules":[],"tiered_pricing_product_settings":{"layout":"default","base_unit_name":{"singular":null,"plural":null},"default_variation":null},"tiered_pricing_minimum_quantity":null,"tiered_pricing_roles_data":[],"tiered_pricing_percentage_rules":[],"_links":{"self":[{"href":"https:\/\/purama.lt\/lv\/wp-json\/wp\/v2\/product\/33994","targetHints":{"allow":["GET"]}}],"collection":[{"href":"https:\/\/purama.lt\/lv\/wp-json\/wp\/v2\/product"}],"about":[{"href":"https:\/\/purama.lt\/lv\/wp-json\/wp\/v2\/types\/product"}],"replies":[{"embeddable":true,"href":"https:\/\/purama.lt\/lv\/wp-json\/wp\/v2\/comments?post=33994"}],"wp:featuredmedia":[{"embeddable":true,"href":"https:\/\/purama.lt\/lv\/wp-json\/wp\/v2\/media\/34039"}],"wp:attachment":[{"href":"https:\/\/purama.lt\/lv\/wp-json\/wp\/v2\/media?parent=33994"}],"wp:term":[{"taxonomy":"product_brand","embeddable":true,"href":"https:\/\/purama.lt\/lv\/wp-json\/wp\/v2\/product_brand?post=33994"},{"taxonomy":"product_cat","embeddable":true,"href":"https:\/\/purama.lt\/lv\/wp-json\/wp\/v2\/product_cat?post=33994"},{"taxonomy":"product_tag","embeddable":true,"href":"https:\/\/purama.lt\/lv\/wp-json\/wp\/v2\/product_tag?post=33994"}],"curies":[{"name":"wp","href":"https:\/\/api.w.org\/{rel}","templated":true}]}}