{"id":33993,"date":"2025-04-15T15:57:08","date_gmt":"2025-04-15T15:57:08","guid":{"rendered":"https:\/\/purama.lt\/produktas\/le-kku-cbd-kuno-losjonas\/"},"modified":"2025-11-12T09:27:34","modified_gmt":"2025-11-12T07:27:34","slug":"le-kku-cbd-kermena-losjons","status":"publish","type":"product","link":"https:\/\/purama.lt\/lv\/produktas\/le-kku-cbd-kuno-losjonas\/","title":{"rendered":"LE-KKU CBD \u0137erme\u0146a losjons"},"content":{"rendered":"<p><strong>Lieto\u0161ana:<\/strong><br>Uzkl\u0101jiet nelielu daudzumu losjona uz t\u012bras, sausas \u0101das un viegli iemas\u0113jiet. Var lietot p\u0113c katras mazg\u0101\u0161an\u0101s reizes vai p\u0113c vajadz\u012bbas dienas laik\u0101. Uzglab\u0101t v\u0113s\u0101, saus\u0101 viet\u0101, prom no tie\u0161iem saules stariem.<\/p>\n\n\n\n<p><strong>Sast\u0101vda\u013cas:<\/strong><br>\u016adens, Aloe Barbadensis lapu sula, **Cocos Nucifera e\u013c\u013ca, glicer\u012bns, Cannabis Sativa s\u0113klu e\u013c\u013ca, pentil\u0113nglikols, **Prunus Amygdalus Dulcis e\u013c\u013ca, **Butyrospermum Parkii sviests, cetearilspirts, glicerilstear\u0101ts, glicerilcitr\u0101ts\/lakt\u0101ts\/linole\u0101ts\/ole\u0101ts, tokoferols, **Hippophae Rhamnoides aug\u013cu e\u013c\u013ca, kanabidiols - ieg\u016bts no ka\u0146epju ekstrakta, tinkt\u016bras vai sve\u0137iem, parf\u012bms, ksant\u0101na sve\u0137i, citronsk\u0101be, *Geranil acet\u0101ts, beta-kariofil\u0113ns, vanil\u012bns.<br>* Dabiski atrodams \u0113teriskaj\u0101s e\u013c\u013c\u0101s<br>** Biolo\u0123iska sast\u0101vda\u013ca<\/p>","protected":false},"excerpt":{"rendered":"<p class=\"\" data-start=\"115\" data-end=\"202\"><strong data-start=\"115\" data-end=\"202\">LE-KKU CBD \u0137erme\u0146a losjons - ikdienas \u0101das kop\u0161ana ar intens\u012bvu mitrin\u0101\u0161anu un komfortu. <\/strong>Atkl\u0101jiet dzi\u013cu mitrin\u0101\u0161anu un komfortu ar <strong>LE-KKU CBD<\/strong> \u0136erme\u0146a losjons ar l\u012bdz pat 900 mg CBD. Vieglas tekst\u016bras losjons \u0101tri ies\u016bcas \u0101d\u0101, neatst\u0101jot taukainu vai lip\u012bgu saj\u016btu, un ir ide\u0101li piem\u0113rots ikdienas lieto\u0161anai, pat jut\u012bgai \u0101dai. Losjons ir izstr\u0101d\u0101ts, lai nov\u0113rstu diskomfortu p\u0113c du\u0161as, \u012bpa\u0161i, ja \u0101da ir pak\u013cauta ciet\u0101 \u016bdens iedarb\u012bbai, un pal\u012bdz saglab\u0101t \u0101das mitruma l\u012bdzsvaru, elast\u012bbu un maigumu. Dabisk\u0101s e\u013c\u013cas, sviesti un augu ekstrakti baro, atjauno un aizsarg\u0101 \u0101du no \u0101r\u0113jiem kairin\u0101t\u0101jiem, savuk\u0101rt CBD veicina \u0101das dabisko atjauno\u0161anos.<\/p>\n<p class=\"\" data-start=\"784\" data-end=\"1131\"><strong data-start=\"784\" data-end=\"834\">K\u0101p\u0113c izm\u0113\u0123in\u0101t LE-KKU CBD \u0137erme\u0146a losjonu?<\/strong><br data-start=\"834\" data-end=\"837\" \/>\u2714\ufe0f 900 mg CBD - \u0101das l\u012bdzsvaram un nomierino\u0161ai iedarb\u012bbai<br data-start=\"901\" data-end=\"904\" \/>\u2714\ufe0f Nekairina \u0101du - \u0101tri ies\u016bcas, neatst\u0101j taukainu atlikumu.<br data-start=\"962\" data-end=\"965\" \/>\u2714\ufe0f Akt\u012bvi mitrina un toniz\u0113.<br data-start=\"997\" data-end=\"1000\" \/>\u2714\ufe0f Samazina sausumu un spriedzi p\u0113c mazg\u0101\u0161anas.<br data-start=\"1049\" data-end=\"1052\" \/>\u2714\ufe0f Veicina \u0101das elast\u012bbu un maigumu.<br data-start=\"1091\" data-end=\"1094\" \/>\u2714\ufe0f 99 % dabiskas izcelsmes sast\u0101vda\u013cas<\/p>","protected":false},"featured_media":34047,"comment_status":"open","ping_status":"closed","template":"","meta":{"_acf_changed":false},"product_brand":[435],"product_cat":[92,301,300],"product_tag":[],"class_list":{"0":"post-33993","1":"product","2":"type-product","3":"status-publish","4":"has-post-thumbnail","6":"product_brand-le-kku","7":"product_cat-groziui","8":"product_cat-kuno-kremai","9":"product_cat-kunui","11":"first","12":"instock","13":"shipping-taxable","14":"purchasable","15":"product-type-simple"},"acf":[],"tiered_pricing_type":"fixed","tiered_pricing_fixed_rules":[],"tiered_pricing_product_settings":{"layout":"default","base_unit_name":{"singular":null,"plural":null},"default_variation":null},"tiered_pricing_minimum_quantity":null,"tiered_pricing_roles_data":[],"tiered_pricing_percentage_rules":[],"_links":{"self":[{"href":"https:\/\/purama.lt\/lv\/wp-json\/wp\/v2\/product\/33993","targetHints":{"allow":["GET"]}}],"collection":[{"href":"https:\/\/purama.lt\/lv\/wp-json\/wp\/v2\/product"}],"about":[{"href":"https:\/\/purama.lt\/lv\/wp-json\/wp\/v2\/types\/product"}],"replies":[{"embeddable":true,"href":"https:\/\/purama.lt\/lv\/wp-json\/wp\/v2\/comments?post=33993"}],"wp:featuredmedia":[{"embeddable":true,"href":"https:\/\/purama.lt\/lv\/wp-json\/wp\/v2\/media\/34047"}],"wp:attachment":[{"href":"https:\/\/purama.lt\/lv\/wp-json\/wp\/v2\/media?parent=33993"}],"wp:term":[{"taxonomy":"product_brand","embeddable":true,"href":"https:\/\/purama.lt\/lv\/wp-json\/wp\/v2\/product_brand?post=33993"},{"taxonomy":"product_cat","embeddable":true,"href":"https:\/\/purama.lt\/lv\/wp-json\/wp\/v2\/product_cat?post=33993"},{"taxonomy":"product_tag","embeddable":true,"href":"https:\/\/purama.lt\/lv\/wp-json\/wp\/v2\/product_tag?post=33993"}],"curies":[{"name":"wp","href":"https:\/\/api.w.org\/{rel}","templated":true}]}}