{"id":33992,"date":"2025-04-15T15:57:08","date_gmt":"2025-04-15T15:57:08","guid":{"rendered":"https:\/\/purama.lt\/produktas\/le-kku-cbd-dieninis-veido-kremas\/"},"modified":"2026-04-10T13:03:28","modified_gmt":"2026-04-10T11:03:28","slug":"le-kku-cbd-dienas-sejas-krems","status":"publish","type":"product","link":"https:\/\/purama.lt\/lv\/produktas\/le-kku-cbd-dieninis-veido-kremas\/","title":{"rendered":"LE-KKU CBD dienas sejas kr\u0113ms"},"content":{"rendered":"<p><strong>Lieto\u0161ana:<\/strong><br>Uzkl\u0101jiet uz t\u012bras \u0101das no r\u012bta. Viegli iemas\u0113jiet, l\u012bdz kr\u0113ms piln\u012bb\u0101 ies\u016bcas. Izvairieties no acu zonas. Uzglab\u0101t v\u0113s\u0101, saus\u0101 viet\u0101, \u0101rpus tie\u0161iem saules stariem.<\/p>\n\n\n\n<p><strong>Sast\u0101vs:<\/strong><br>\u016adens, Aloe Barbadensis lapu sula, Butyrospermum Parkii sviests, glicer\u012bna stear\u0101ts, glicer\u012bns, kaprilic\/kapric triglicer\u012bds, cetearila alkohols, Simmondsia Chinensis s\u0113klu e\u013c\u013ca, skval\u0101ns, Carthamus Tinctorius s\u0113klu e\u013c\u013ca, glicer\u012bna citr\u0101ta\/lakt\u0101ta\/linole\u0101ta olej\u0101ts, <em>Kanabidiols<\/em> (no ka\u0146epju ekstrakta, tinkt\u016bras vai sve\u0137iem), tokoferols, n\u0101trija hialuron\u0101ts, n\u0101trija benzo\u0101ts, k\u0101lija sorb\u0101ts, ksant\u0101na sve\u0137i, citronsk\u0101be.<\/p>","protected":false},"excerpt":{"rendered":"<p data-start=\"144\" data-end=\"237\"><strong>LE-KKU CBD dienas sejas kr\u0113ms - ikdienas \u0101das kop\u0161anas revol\u016bcija ar 300 mg CBD<\/strong>. S\u0101ciet dienu ar \u0101das kop\u0161anas l\u012bdzekli, kas iedarbojas ne tikai uz \u0101das virsk\u0101rtu, bet ar\u012b dzi\u013ci t\u0101s iek\u0161ien\u0113. LE-KKU CBD dienas kr\u0113ms ir uzlabota formula ar 300 mg kanabidiola (CBD), kas izstr\u0101d\u0101ta \u0101dai, kura ir peln\u012bjusi lab\u0101ko. Papildus intens\u012bvai mitrin\u0101\u0161anai \u0161is kr\u0113ms nomierina, atjauno un atsvaidzina \u0101du, pal\u012bdzot tai izskat\u012bties vesel\u012bgai, starojo\u0161ai un dz\u012bv\u012bgai katru dienu. Kombin\u0113tais <strong data-start=\"651\" data-end=\"691\">99,3 % Dabiskas izcelsmes sast\u0101vda\u013cas<\/strong> ar zin\u0101tniski pier\u0101d\u012bt\u0101m akt\u012bvaj\u0101m sast\u0101vda\u013c\u0101m, kr\u0113mam ir izcila iedarb\u012bba - j\u016bsu ikdienas l\u012bdzeklis stresa nom\u0101ktajai, noguru\u0161ai vai saspringtajai \u0101dai. <strong data-start=\"871\" data-end=\"878\">CBD<\/strong> T\u0101 ir paz\u012bstama ar sav\u0101m nomierino\u0161aj\u0101m un antioksidanta \u012bpa\u0161\u012bb\u0101m, t\u0101p\u0113c ir ide\u0101li piem\u0113rota jut\u012bgai un sausai \u0101dai. <\/p>\n<p><strong data-start=\"1235\" data-end=\"1259\">K\u0101p\u0113c izv\u0113l\u0113ties?<br \/><\/strong>\u2714\ufe0f Ar 300 mg CBD - dabisks pal\u012bgs jut\u012bgai \u0101dai<br data-start=\"1316\" data-end=\"1319\" \/>\u2714\ufe0f Pat 99,3 % dabiskas izcelsmes sast\u0101vda\u013cas<br data-start=\"1362\" data-end=\"1365\" \/>\u2714\ufe0f Nomierina, atjauno, atsvaidzina un stiprina \u0101das aizsargbarjeru.<br data-start=\"1421\" data-end=\"1424\" \/>\u2714\ufe0f Piem\u0113rots visiem \u0101das tipiem, tostarp jut\u012bgai \u0101dai.<br data-start=\"1471\" data-end=\"1474\" \/>\u2714\ufe0f \u0100tri ies\u016bcas un neatst\u0101j taukainu saj\u016btu.<br data-start=\"1520\" data-end=\"1523\" \/>\u2714\ufe0f Ide\u0101la ikdienas kop\u0161ana \u0101dai, kas pak\u013cauta stresam un vides ietekmei.<\/p>","protected":false},"featured_media":34051,"comment_status":"open","ping_status":"closed","template":"","meta":{"_acf_changed":false},"product_brand":[435],"product_cat":[92,55,59],"product_tag":[],"class_list":{"0":"post-33992","1":"product","2":"type-product","3":"status-publish","4":"has-post-thumbnail","6":"product_brand-le-kku","7":"product_cat-groziui","8":"product_cat-veido-kremai","9":"product_cat-veidui","11":"first","12":"instock","13":"shipping-taxable","14":"purchasable","15":"product-type-simple"},"acf":[],"tiered_pricing_type":"fixed","tiered_pricing_fixed_rules":[],"tiered_pricing_product_settings":{"layout":"default","base_unit_name":{"singular":null,"plural":null},"default_variation":null},"tiered_pricing_minimum_quantity":null,"tiered_pricing_roles_data":[],"tiered_pricing_percentage_rules":[],"_links":{"self":[{"href":"https:\/\/purama.lt\/lv\/wp-json\/wp\/v2\/product\/33992","targetHints":{"allow":["GET"]}}],"collection":[{"href":"https:\/\/purama.lt\/lv\/wp-json\/wp\/v2\/product"}],"about":[{"href":"https:\/\/purama.lt\/lv\/wp-json\/wp\/v2\/types\/product"}],"replies":[{"embeddable":true,"href":"https:\/\/purama.lt\/lv\/wp-json\/wp\/v2\/comments?post=33992"}],"wp:featuredmedia":[{"embeddable":true,"href":"https:\/\/purama.lt\/lv\/wp-json\/wp\/v2\/media\/34051"}],"wp:attachment":[{"href":"https:\/\/purama.lt\/lv\/wp-json\/wp\/v2\/media?parent=33992"}],"wp:term":[{"taxonomy":"product_brand","embeddable":true,"href":"https:\/\/purama.lt\/lv\/wp-json\/wp\/v2\/product_brand?post=33992"},{"taxonomy":"product_cat","embeddable":true,"href":"https:\/\/purama.lt\/lv\/wp-json\/wp\/v2\/product_cat?post=33992"},{"taxonomy":"product_tag","embeddable":true,"href":"https:\/\/purama.lt\/lv\/wp-json\/wp\/v2\/product_tag?post=33992"}],"curies":[{"name":"wp","href":"https:\/\/api.w.org\/{rel}","templated":true}]}}