{"id":33991,"date":"2025-04-15T15:57:08","date_gmt":"2025-04-15T15:57:08","guid":{"rendered":"https:\/\/purama.lt\/produktas\/le-kku-cbd-naktinis-veido-kremas\/"},"modified":"2026-04-10T13:03:27","modified_gmt":"2026-04-10T11:03:27","slug":"le-kku-cbd-nakts-sejas-krems","status":"publish","type":"product","link":"https:\/\/purama.lt\/lv\/produktas\/le-kku-cbd-naktinis-veido-kremas\/","title":{"rendered":"LE-KKU CBD nakts sejas kr\u0113ms"},"content":{"rendered":"<p><strong>Lieto\u0161ana:<\/strong><br>Vakar\u0101 uz t\u012bras \u0101das uzkl\u0101jiet nelielu kr\u0113ma daudzumu. Viegli iemas\u0113jiet, l\u012bdz piln\u012bb\u0101 ies\u016bcas. Izvairieties no acu zonas. Uzglab\u0101t v\u0113s\u0101, saus\u0101 viet\u0101, \u0101rpus tie\u0161iem saules stariem. Pirms lieto\u0161anas ieteicams veikt \u0101das jut\u012bbas testu.<\/p>\n\n\n\n<p><strong>Sast\u0101vs:<\/strong><br>\u016adens, Butyrospermum Parkii sviests, skval\u0101ns, glicerilstear\u0101ts, Aloe Barbadensis lapu sula, glicer\u012bns, glicer\u012bna citr\u0101ts\/lakt\u0101ts\/linole\u0101ts\/ole\u0101ts, Simmondsia Chinensis s\u0113klu e\u013c\u013ca, cetearilspirts, <em>Kanabidiols<\/em> (no ka\u0146epju ekstrakta, tinkt\u016bras vai sve\u0137iem), Cannabis Sativa s\u0113klu e\u013c\u013ca, tokoferols, n\u0101trija hialuron\u0101ts, n\u0101trija benzo\u0101ts, n\u0101trija sorb\u0101ts, k\u0101lija sorb\u0101ts, ksant\u0101na sve\u0137i, citronsk\u0101be.<\/p>","protected":false},"excerpt":{"rendered":"<p><strong>LE-KKU CBD nakts sejas kr\u0113ms - intens\u012bva \u0101das atjauno\u0161ana ar 300 mg CBD.<\/strong> \u013baujiet \u0101dai atg\u016bties nakts laik\u0101 ar<strong> LE-KKU CBD<\/strong> Nakts kr\u0113ms, kas bag\u0101tin\u0101ts ar 300 mg kanabidiola (CBD) un 99 dabiskas izcelsmes % sast\u0101vda\u013c\u0101m. Kr\u0113ms ne tikai mitrina un nomierina, bet ar\u012b akt\u012bvi re\u0123ener\u0113, toniz\u0113 un atjauno \u0101du, lai j\u016bs pamostos ar vesel\u012bgu, mirdzo\u0161u un atjaunotu sejas \u0101du. T\u0101 bag\u0101t\u012bg\u0101, bet \u0101tri uzs\u016bco\u0161\u0101 tekst\u016bra <strong>dzi\u013ci baro \u0101du, pal\u012bdzot atjaunot t\u0101s dabisko elast\u012bbu un stiprina aizsargbarjeru.<\/strong>. CBD kop\u0101 ar ka\u0146epju s\u0113klu e\u013c\u013cu, skval\u0101nu un dab\u012bgiem mitrin\u0101t\u0101jiem intens\u012bvi uztur \u0101das l\u012bdzsvaru, aizsarg\u0101jot to no sausuma un stresa ietekmes. Ide\u0101li piem\u0113rots ikdienas vakara ritu\u0101liem - mier\u012bga \u0101das atjauno\u0161ana nakts laik\u0101.<\/p>\n<p data-start=\"1011\" data-end=\"1039\"><strong data-start=\"1015\" data-end=\"1039\">K\u0101p\u0113c izv\u0113l\u0113ties?<br \/><\/strong>\u2714\ufe0f Ar 300 mg CBD - dzi\u013ca nomierino\u0161a un atjaunojo\u0161a iedarb\u012bba<br data-start=\"1101\" data-end=\"1104\" \/>\u2714\ufe0f Neto 99 % dabiskas izcelsmes sast\u0101vda\u013cas<br data-start=\"1145\" data-end=\"1148\" \/>\u2714\ufe0f Veicina \u0101das re\u0123ener\u0101ciju miega laik\u0101<br data-start=\"1187\" data-end=\"1190\" \/>\u2714\ufe0f Dzi\u013ci mitrina un atjauno \u0101das elast\u012bbu.<br data-start=\"1235\" data-end=\"1238\" \/>\u2714\ufe0f Toniz\u0113 un atjauno \u0101du<br data-start=\"1281\" data-end=\"1284\" \/>\u2714\ufe0f Piem\u0113rots visiem \u0101das tipiem, tostarp jut\u012bgai \u0101dai.<\/p>","protected":false},"featured_media":34044,"comment_status":"open","ping_status":"closed","template":"","meta":{"_acf_changed":false},"product_brand":[435],"product_cat":[55,92,59],"product_tag":[],"class_list":{"0":"post-33991","1":"product","2":"type-product","3":"status-publish","4":"has-post-thumbnail","6":"product_brand-le-kku","7":"product_cat-veido-kremai","8":"product_cat-groziui","9":"product_cat-veidui","11":"first","12":"instock","13":"shipping-taxable","14":"purchasable","15":"product-type-simple"},"acf":[],"tiered_pricing_type":"fixed","tiered_pricing_fixed_rules":[],"tiered_pricing_product_settings":{"layout":"default","base_unit_name":{"singular":null,"plural":null},"default_variation":null},"tiered_pricing_minimum_quantity":null,"tiered_pricing_roles_data":[],"tiered_pricing_percentage_rules":[],"_links":{"self":[{"href":"https:\/\/purama.lt\/lv\/wp-json\/wp\/v2\/product\/33991","targetHints":{"allow":["GET"]}}],"collection":[{"href":"https:\/\/purama.lt\/lv\/wp-json\/wp\/v2\/product"}],"about":[{"href":"https:\/\/purama.lt\/lv\/wp-json\/wp\/v2\/types\/product"}],"replies":[{"embeddable":true,"href":"https:\/\/purama.lt\/lv\/wp-json\/wp\/v2\/comments?post=33991"}],"wp:featuredmedia":[{"embeddable":true,"href":"https:\/\/purama.lt\/lv\/wp-json\/wp\/v2\/media\/34044"}],"wp:attachment":[{"href":"https:\/\/purama.lt\/lv\/wp-json\/wp\/v2\/media?parent=33991"}],"wp:term":[{"taxonomy":"product_brand","embeddable":true,"href":"https:\/\/purama.lt\/lv\/wp-json\/wp\/v2\/product_brand?post=33991"},{"taxonomy":"product_cat","embeddable":true,"href":"https:\/\/purama.lt\/lv\/wp-json\/wp\/v2\/product_cat?post=33991"},{"taxonomy":"product_tag","embeddable":true,"href":"https:\/\/purama.lt\/lv\/wp-json\/wp\/v2\/product_tag?post=33991"}],"curies":[{"name":"wp","href":"https:\/\/api.w.org\/{rel}","templated":true}]}}