{"id":33989,"date":"2025-04-15T15:57:07","date_gmt":"2025-04-15T15:57:07","guid":{"rendered":"https:\/\/purama.lt\/produktas\/le-kku-cbd-lupu-balzamas\/"},"modified":"2025-11-12T09:28:02","modified_gmt":"2025-11-12T07:28:02","slug":"kku-cbd-lupus-balzams","status":"publish","type":"product","link":"https:\/\/purama.lt\/lv\/produktas\/le-kku-cbd-lupu-balzamas\/","title":{"rendered":"LE-KKU CBD l\u016bpu balzams"},"content":{"rendered":"<p><strong>Lieto\u0161ana:<\/strong><br>P\u0113c vajadz\u012bbas uzkl\u0101jiet uz l\u016bp\u0101m vajadz\u012bgo balzama daudzumu. Uzglab\u0101t v\u0113s\u0101, saus\u0101, no saules gaismas pasarg\u0101t\u0101 viet\u0101.<\/p>\n\n\n\n<p><strong>Sast\u0101vs:<\/strong><br>Bi\u0161u vasks, Cannabis Sativa s\u0113klu e\u013c\u013ca, Cocos Nucifera e\u013c\u013ca, Theobroma Cacao s\u0113klu sviests, Ricinus Communis s\u0113klu e\u013c\u013ca, Simmondsia Chinensis s\u0113klu e\u013c\u013ca, Hippophae Rhamnoides aug\u013cu ekstrakts, Litsea Cubeba aug\u013cu e\u013c\u013ca, <em>Kanabidiols<\/em> (no ka\u0146epju ekstrakta, tinkt\u016bras vai sve\u0137iem), tokoferols, *limon\u0113ns, *linalools, *citronelols, *citrals, *geraniols (* dabiski sastopams \u0113teriskaj\u0101s e\u013c\u013c\u0101s).<\/p>","protected":false},"excerpt":{"rendered":"<p data-start=\"149\" data-end=\"226\"><strong data-start=\"153\" data-end=\"226\">LE-KKU CBD l\u016bpu balzams - 60 mg CBD, intens\u012bva aizsardz\u012bba un mitrin\u0101\u0161ana. <\/strong>R\u016bp\u0113jieties par sav\u0101m l\u016bp\u0101m dabiski un efekt\u012bvi ar <strong data-start=\"280\" data-end=\"307\">LE-KKU CBD l\u016bpu balzams<\/strong>, kas baro, nomierina un aizsarg\u0101 pat vissaus\u0101k\u0101s l\u016bpas. Sast\u0101vs: - Sast\u0101vs. <strong data-start=\"389\" data-end=\"402\">60 mg CBD<\/strong>, <strong data-start=\"404\" data-end=\"444\">100 % Dabiskas izcelsmes sast\u0101vda\u013cas<\/strong>, E vitam\u012bnu un omega tauksk\u0101b\u0113m, kas pal\u012bdz atjaunot un saglab\u0101t vesel\u012bgas l\u016bpas jebkuros laika apst\u0101k\u013cos. Maiga, bieza formula ar bi\u0161u vasku, ka\u0146epju s\u0113klu, kokosriekstu, kakao un smilts\u0113rk\u0161\u0137u e\u013c\u013c\u0101m. <strong data-start=\"659\" data-end=\"717\">Nodro\u0161ina ilgsto\u0161u aizsardz\u012bbu pret plais\u0101\u0161anu un sausumu<\/strong>, un nomierino\u0161ais efekts ir j\u016btams jau p\u0113c pirm\u0101s lieto\u0161anas reizes. Ide\u0101la izv\u0113le ikvienam, kas nov\u0113rt\u0113 dabisku, dro\u0161u un efekt\u012bvu l\u016bpu kop\u0161anu. <\/p>\n<p><strong data-start=\"877\" data-end=\"901\">K\u0101p\u0113c izv\u0113l\u0113ties?<br \/><\/strong>\u2714\ufe0f Ar 60 mg CBD - efekt\u012bva aizsarg\u0101jo\u0161a un atjaunojo\u0161a iedarb\u012bba<br data-start=\"967\" data-end=\"970\" \/>\u2714\ufe0f 100 % Dabiskas izcelsmes sast\u0101vda\u013cas<br data-start=\"1009\" data-end=\"1012\" \/>\u2714\ufe0f Dzi\u013ci mitrina un atjauno l\u016bpas<br data-start=\"1053\" data-end=\"1056\" \/>\u2714\ufe0f Pal\u012bdz nov\u0113rst sausumu, plais\u0101\u0161anu un sprogas.<br data-start=\"1110\" data-end=\"1113\" \/>\u2714\ufe0f Uzlabo l\u016bpu izskatu un elast\u012bbu.<br data-start=\"1157\" data-end=\"1160\" \/>\u2714\ufe0f Nomierina iekaisu\u0161as un jut\u012bgas l\u016bpas<br data-start=\"1199\" data-end=\"1202\" \/>\u2714\ufe0f Bag\u0101t\u012bga, bet ne lip\u012bga tekst\u016bra - ide\u0101li piem\u0113rota ikdienas lieto\u0161anai.<\/p>","protected":false},"featured_media":34045,"comment_status":"open","ping_status":"closed","template":"","meta":{"_acf_changed":false},"product_brand":[435],"product_cat":[92,182,59],"product_tag":[],"class_list":{"0":"post-33989","1":"product","2":"type-product","3":"status-publish","4":"has-post-thumbnail","6":"product_brand-le-kku","7":"product_cat-groziui","8":"product_cat-lupu-kaukes","9":"product_cat-veidui","11":"first","12":"instock","13":"shipping-taxable","14":"purchasable","15":"product-type-simple"},"acf":[],"tiered_pricing_type":"fixed","tiered_pricing_fixed_rules":[],"tiered_pricing_product_settings":{"layout":"default","base_unit_name":{"singular":null,"plural":null},"default_variation":null},"tiered_pricing_minimum_quantity":null,"tiered_pricing_roles_data":[],"tiered_pricing_percentage_rules":[],"_links":{"self":[{"href":"https:\/\/purama.lt\/lv\/wp-json\/wp\/v2\/product\/33989","targetHints":{"allow":["GET"]}}],"collection":[{"href":"https:\/\/purama.lt\/lv\/wp-json\/wp\/v2\/product"}],"about":[{"href":"https:\/\/purama.lt\/lv\/wp-json\/wp\/v2\/types\/product"}],"replies":[{"embeddable":true,"href":"https:\/\/purama.lt\/lv\/wp-json\/wp\/v2\/comments?post=33989"}],"wp:featuredmedia":[{"embeddable":true,"href":"https:\/\/purama.lt\/lv\/wp-json\/wp\/v2\/media\/34045"}],"wp:attachment":[{"href":"https:\/\/purama.lt\/lv\/wp-json\/wp\/v2\/media?parent=33989"}],"wp:term":[{"taxonomy":"product_brand","embeddable":true,"href":"https:\/\/purama.lt\/lv\/wp-json\/wp\/v2\/product_brand?post=33989"},{"taxonomy":"product_cat","embeddable":true,"href":"https:\/\/purama.lt\/lv\/wp-json\/wp\/v2\/product_cat?post=33989"},{"taxonomy":"product_tag","embeddable":true,"href":"https:\/\/purama.lt\/lv\/wp-json\/wp\/v2\/product_tag?post=33989"}],"curies":[{"name":"wp","href":"https:\/\/api.w.org\/{rel}","templated":true}]}}