{"id":33988,"date":"2025-04-15T15:57:07","date_gmt":"2025-04-15T15:57:07","guid":{"rendered":"https:\/\/purama.lt\/produktas\/le-kku-cbd-veido-serumas\/"},"modified":"2026-04-10T13:03:27","modified_gmt":"2026-04-10T11:03:27","slug":"le-kku-cbd-sejas-serums","status":"publish","type":"product","link":"https:\/\/purama.lt\/lv\/produktas\/le-kku-cbd-veido-serumas\/","title":{"rendered":"LE-KKU CBD sejas serums"},"content":{"rendered":"<p><strong>Lieto\u0161ana:<\/strong><br>Uzkl\u0101jiet nelielu seruma daudzumu uz t\u012bras \u0101das un viegli iemas\u0113jiet, l\u012bdz tas piln\u012bb\u0101 ies\u016bcas. Var lietot gan uz sejas, gan \u0137erme\u0146a. Izvair\u012bties no saskares ar ac\u012bm. Uzglab\u0101t v\u0113s\u0101, saus\u0101 viet\u0101, \u0101rpus tie\u0161iem saules stariem.<\/p>\n\n\n\n<p><strong>Sast\u0101vs:<\/strong><br>skval\u0101ns, Prunus Amygdalus Dulcis e\u013c\u013ca, <em>Kanabidiols<\/em> (no ka\u0146epju ekstrakta, tinkt\u016bras vai sve\u0137iem), Boswellia Carterii e\u013c\u013ca, Pelargonium Graveolens ziedu e\u013c\u013ca, tokoferols, *limon\u0113ns, *linalols, *linalols, *citrals, *geraniols, *citronelols (* dabiski sastopams \u0113teriskaj\u0101s e\u013c\u013c\u0101s).<\/p>","protected":false},"excerpt":{"rendered":"<p data-start=\"160\" data-end=\"246\"><strong data-start=\"164\" data-end=\"246\">LE-KKU CBD sejas serums - 300 mg CBD mirdzo\u0161ai, mier\u012bg\u0101kai un tvirt\u0101kai \u0101dai\u00a0<\/strong>Mekl\u0113jat daudzpus\u012bgu risin\u0101jumu, kas ne tikai mitrina, bet ar\u012b redzami uzlabo \u0101das izskatu? <strong data-start=\"344\" data-end=\"372\">LE-KKU CBD sejas serums<\/strong> ar <strong data-start=\"376\" data-end=\"390\">300 mg CBD<\/strong> un <strong data-start=\"394\" data-end=\"435\">100 % ar dabiskas izcelsmes sast\u0101vda\u013c\u0101m<\/strong> - ir intens\u012bvas iedarb\u012bbas l\u012bdzeklis, kas paredz\u0113ts sejas un \u0137erme\u0146a \u0101das atjauno\u0161anai, atjauno\u0161anai un nomierin\u0101\u0161anai. Unik\u0101la e\u013c\u013cas formula ar <strong data-start=\"574\" data-end=\"586\">squalanu<\/strong>Ar saldo mande\u013cu e\u013c\u013cu un grezn\u0101m \u0113teriskaj\u0101m e\u013c\u013c\u0101m tas maigi izl\u012bdzina, izgaismo, mitrina un toniz\u0113 \u0101du, sniedzot ilgsto\u0161u komforta saj\u016btu. CBD ir paz\u012bstams ar sav\u0101m nomierino\u0161aj\u0101m un antioksidanta \u012bpa\u0161\u012bb\u0101m, kas pal\u012bdz nomierin\u0101t jut\u012bgu vai sakairin\u0101tu \u0101du un veicina \u0101das elast\u012bbu. Ide\u0101li piem\u0113rots gan r\u012bta, gan vakara proced\u016br\u0101m - lieto\u0161anai atsevi\u0161\u0137i vai pirms kr\u0113ma, kad \u0101dai nepiecie\u0161ams papildu mirdzums un atsvaidzin\u0101jums.<\/p>\n<p data-start=\"160\" data-end=\"246\"><strong data-start=\"1029\" data-end=\"1053\">K\u0101p\u0113c izv\u0113l\u0113ties?<br \/><\/strong>\u2714\ufe0f Ar 300 mg CBD - sp\u0113c\u012bga nomierino\u0161a un atjaunojo\u0161a iedarb\u012bba<br data-start=\"1118\" data-end=\"1121\" \/>\u2714\ufe0f 100 % Dabiskas izcelsmes sast\u0101vda\u013cas<br data-start=\"1160\" data-end=\"1163\" \/>\u2714\ufe0f Nostiprina, mitrina un izgaismo \u0101du.<br data-start=\"1200\" data-end=\"1203\" \/>\u2714\ufe0f Pie\u0161\u0137ir \u0101dai starojo\u0161u, svaigu un jaunekl\u012bgu mirdzumu.<br data-start=\"1255\" data-end=\"1258\" \/>\u2714\ufe0f Veicina \u0101das elast\u012bbu un gludumu.<br data-start=\"1298\" data-end=\"1301\" \/>\u2714\ufe0f Toniz\u0113 un nomierina jut\u012bgu \u0101du<br data-start=\"1335\" data-end=\"1338\" \/>\u2714\ufe0f Piem\u0113rots gan sejai, gan \u0137ermenim - lieto\u0161anai dien\u0101 un nakt\u012b.<\/p>","protected":false},"featured_media":34040,"comment_status":"open","ping_status":"closed","template":"","meta":{"_acf_changed":false},"product_brand":[435],"product_cat":[92,56,59],"product_tag":[],"class_list":{"0":"post-33988","1":"product","2":"type-product","3":"status-publish","4":"has-post-thumbnail","6":"product_brand-le-kku","7":"product_cat-groziui","8":"product_cat-veido-serumai","9":"product_cat-veidui","11":"first","12":"instock","13":"shipping-taxable","14":"purchasable","15":"product-type-simple"},"acf":[],"tiered_pricing_type":"fixed","tiered_pricing_fixed_rules":[],"tiered_pricing_product_settings":{"layout":"default","base_unit_name":{"singular":null,"plural":null},"default_variation":null},"tiered_pricing_minimum_quantity":null,"tiered_pricing_roles_data":[],"tiered_pricing_percentage_rules":[],"_links":{"self":[{"href":"https:\/\/purama.lt\/lv\/wp-json\/wp\/v2\/product\/33988","targetHints":{"allow":["GET"]}}],"collection":[{"href":"https:\/\/purama.lt\/lv\/wp-json\/wp\/v2\/product"}],"about":[{"href":"https:\/\/purama.lt\/lv\/wp-json\/wp\/v2\/types\/product"}],"replies":[{"embeddable":true,"href":"https:\/\/purama.lt\/lv\/wp-json\/wp\/v2\/comments?post=33988"}],"wp:featuredmedia":[{"embeddable":true,"href":"https:\/\/purama.lt\/lv\/wp-json\/wp\/v2\/media\/34040"}],"wp:attachment":[{"href":"https:\/\/purama.lt\/lv\/wp-json\/wp\/v2\/media?parent=33988"}],"wp:term":[{"taxonomy":"product_brand","embeddable":true,"href":"https:\/\/purama.lt\/lv\/wp-json\/wp\/v2\/product_brand?post=33988"},{"taxonomy":"product_cat","embeddable":true,"href":"https:\/\/purama.lt\/lv\/wp-json\/wp\/v2\/product_cat?post=33988"},{"taxonomy":"product_tag","embeddable":true,"href":"https:\/\/purama.lt\/lv\/wp-json\/wp\/v2\/product_tag?post=33988"}],"curies":[{"name":"wp","href":"https:\/\/api.w.org\/{rel}","templated":true}]}}