{"id":33986,"date":"2025-04-15T15:57:06","date_gmt":"2025-04-15T15:57:06","guid":{"rendered":"https:\/\/purama.lt\/produktas\/real-ems-all-in-one-universalus-masazuoklis\/"},"modified":"2025-11-12T14:04:35","modified_gmt":"2025-11-12T12:04:35","slug":"real-ems-all-in-one-universalais-masazas-aparats","status":"publish","type":"product","link":"https:\/\/purama.lt\/lv\/produktas\/real-ems-all-in-one-universalus-masazuoklis\/","title":{"rendered":"REAL EMS All in One univers\u0101lais mas\u0101\u017eas apar\u0101ts"},"content":{"rendered":"<p><strong>K\u0101 lietot?<\/strong><\/p>\n\n\n\n<ol class=\"wp-block-list\">\n<li>Piepildiet pudeli ar \u016bdeni un vienm\u0113r\u012bgi samitriniet abas zoles.<\/li>\n\n\n\n<li>Aptiniet lentes ap izv\u0113l\u0113t\u0101m \u0137erme\u0146a da\u013c\u0101m - rok\u0101m, aug\u0161stilbiem vai te\u013ciem - un nostipriniet t\u0101s ar velcro siksn\u0101m.<\/li>\n\n\n\n<li>Pievienojiet kabe\u013cus, iesl\u0113dziet vad\u012bbas paneli un izv\u0113lieties v\u0113lamo re\u017e\u012bmu.<\/li>\n\n\n\n<li>Noregul\u0113jiet intensit\u0101ti, izmantojot pogas \u201e+\u201c un \u201e-\u201c, lai to piel\u0101gotu j\u016bsu \u0113rt\u012bb\u0101m.<\/li>\n\n\n\n<li>Viens seanss ilgst 20 min\u016btes, kuru laik\u0101 notiek akt\u012bva musku\u013cu stimul\u0101cija.<\/li>\n\n\n\n<li>Ieteicams lietot 1-3 reizes dien\u0101, vienm\u0113r\u012bgi sadalot laiku.<\/li>\n<\/ol>\n\n\n\n<p><strong>Kas ir iek\u013cauts?<\/strong><\/p>\n\n\n\n<ul class=\"wp-block-list\">\n<li>2 x univers\u0101las zoles sloksnes<\/li>\n\n\n\n<li>1 x vad\u012bbas panelis<\/li>\n\n\n\n<li>1 x savienojuma kabelis<\/li>\n\n\n\n<li>1 x aizsarg\u0101jo\u0161s glab\u0101\u0161anas maisi\u0146\u0161<\/li>\n\n\n\n<li>1 x \u016bdens smidzin\u0101t\u0101js<\/li>\n\n\n\n<li>1 x uzl\u0101des kabelis<\/li>\n<\/ul>\n\n\n\n<p><strong>REAL EMS viss vien\u0101<\/strong> - ir revolucion\u0101rs risin\u0101jums visa \u0137erme\u0146a kop\u0161anai. Ja v\u0113laties t\u016bl\u012bt\u0113jus rezult\u0101tus bez papildu p\u016bl\u0113m, \u0161\u012b ier\u012bce ir tie\u0161i jums. <strong>Izbaudiet musku\u013cu treni\u0146a un mas\u0101\u017eas priek\u0161roc\u012bbas vien\u0101 ier\u012bc\u0113 - efekt\u012bvi, \u0113rti un dro\u0161i.<\/strong> Esiet gatavi atg\u016bt sp\u0113ku, mazin\u0101t spriedzi un sajust \u0137erme\u0146a vieglumu p\u0113c katras nodarb\u012bbas!<\/p>","protected":false},"excerpt":{"rendered":"<p><strong>REAL EMS viss vien\u0101<\/strong> - gudrs risin\u0101jums, lai tren\u0113tu un atsl\u0101bin\u0101tu musku\u013cus vis\u0101 \u0137ermen\u012b! Neatkar\u012bgi no t\u0101, vai v\u0113laties nostiprin\u0101t musku\u013cus, mazin\u0101t sasprindzin\u0101jumu vai vienk\u0101r\u0161i atp\u016bsties p\u0113c garas dienas, to visu varat izdar\u012bt bez sporta z\u0101les, bez svariem un bez piep\u016bles! <strong>REAL EMS All-in-One ir m\u016bsdien\u012bga zemas frekvences elektrisk\u0101s musku\u013cu stimul\u0101cijas (EMS) ier\u012bce visaptvero\u0161ai roku, aug\u0161stilbu un te\u013cu apr\u016bpei.<\/strong>. Tas ir viens no popul\u0101r\u0101kajiem daudzfunkcion\u0101lajiem mas\u0101\u017eas apar\u0101tiem, un ir starptautiski atz\u012bts par Dienvidkorejas apbalvojumu ieguv\u0113ju.<strong>\u00a02020. gada Seulas balvas\u201e<\/strong> Balva par izcilu kvalit\u0101ti un inov\u0101cij\u0101m. Tas ne tikai tren\u0113s un toniz\u0113s j\u016bsu musku\u013cus, bet ar\u012b uzlabos asinsriti, mazin\u0101s nogurumu, mazin\u0101s musku\u013cu sasprindzin\u0101jumu un uzlabos visp\u0101r\u0113jo labsaj\u016btu. Regul\u0101ri lietojot, j\u016bs varat paman\u012bt ne tikai uzlabotu musku\u013cu formu, bet ar\u012b liel\u0101ku fizisko veiktsp\u0113ju.<\/p>\n<p data-start=\"874\" data-end=\"918\"><strong>K\u0101p\u0113c izv\u0113l\u0113ties REAL EMS All-in-One?<\/strong><\/p>\n<p class=\"\" data-start=\"920\" data-end=\"1478\">\u2714\ufe0f <strong data-start=\"923\" data-end=\"957\">Vienlaic\u012bga 3 zonu stimul\u0101cija<\/strong> - bicepss, tricepss, aug\u0161stilbi, te\u013ci<br data-start=\"998\" data-end=\"1001\" \/>\u2714\ufe0f <strong data-start=\"1004\" data-end=\"1036\">Uzlabota EMS tehnolo\u0123ija<\/strong> - m\u0113r\u0137tiec\u012bgi impulsi tie\u0161i uz musku\u013cu \u0161\u0137iedr\u0101m.<br data-start=\"1086\" data-end=\"1089\" \/>\u2714\ufe0f <strong data-start=\"1092\" data-end=\"1117\">4 treni\u0146u re\u017e\u012bmi<\/strong> - Aerobika, Mas\u0101\u017ea, Sejas vingro\u0161ana, Svara treni\u0146i, Iztur\u012bba<br data-start=\"1178\" data-end=\"1181\" \/>\u2714\ufe0f <strong data-start=\"1184\" data-end=\"1208\">12 intensit\u0101tes l\u012bme\u0146i<\/strong> - piem\u0113rots ies\u0101c\u0113jiem un pieredz\u0113ju\u0161iem studentiem<br data-start=\"1253\" data-end=\"1256\" \/>\u2714\ufe0f <strong data-start=\"1259\" data-end=\"1295\">Ide\u0101li piem\u0113rots p\u0113c sporta vai s\u0113do\u0161a darba<\/strong> - mazina musku\u013cu sasprindzin\u0101jumu un s\u0101pes.<br data-start=\"1332\" data-end=\"1335\" \/>\u2714\ufe0f <strong data-start=\"1338\" data-end=\"1365\" data-is-only-node=\"\">Kompakts un mobils<\/strong> - Tren\u0113jieties jebkur\u0101 viet\u0101: m\u0101j\u0101s, darb\u0101 vai ce\u013c\u0101.<br data-start=\"1418\" data-end=\"1421\" \/>\u2714\ufe0f <strong data-start=\"1424\" data-end=\"1478\">Efekt\u012bvs veids, k\u0101 nostiprin\u0101t \u0137ermeni bez fizisk\u0101m aktivit\u0101t\u0113m<br \/><\/strong><\/p>\n<p data-pm-slice=\"1 1 []\"><strong>PIEG\u0100DES LAIKS VAR B\u016aT NO 10 L\u012aDZ 14 DARBA DIEN\u0100M.<\/strong><\/p>","protected":false},"featured_media":34030,"comment_status":"open","ping_status":"closed","template":"","meta":{"_acf_changed":false},"product_brand":[452],"product_cat":[282,287,283],"product_tag":[],"class_list":{"0":"post-33986","1":"product","2":"type-product","3":"status-publish","4":"has-post-thumbnail","6":"product_brand-real-ems","7":"product_cat-longevity-prietaisai","8":"product_cat-masazuokliai","9":"product_cat-sveikatingumo-prietaisai","11":"first","12":"instock","13":"shipping-taxable","14":"purchasable","15":"product-type-simple"},"acf":[],"tiered_pricing_type":"fixed","tiered_pricing_fixed_rules":[],"tiered_pricing_product_settings":{"layout":"default","base_unit_name":{"singular":null,"plural":null},"default_variation":null},"tiered_pricing_minimum_quantity":null,"tiered_pricing_roles_data":[],"tiered_pricing_percentage_rules":[],"_links":{"self":[{"href":"https:\/\/purama.lt\/lv\/wp-json\/wp\/v2\/product\/33986","targetHints":{"allow":["GET"]}}],"collection":[{"href":"https:\/\/purama.lt\/lv\/wp-json\/wp\/v2\/product"}],"about":[{"href":"https:\/\/purama.lt\/lv\/wp-json\/wp\/v2\/types\/product"}],"replies":[{"embeddable":true,"href":"https:\/\/purama.lt\/lv\/wp-json\/wp\/v2\/comments?post=33986"}],"wp:featuredmedia":[{"embeddable":true,"href":"https:\/\/purama.lt\/lv\/wp-json\/wp\/v2\/media\/34030"}],"wp:attachment":[{"href":"https:\/\/purama.lt\/lv\/wp-json\/wp\/v2\/media?parent=33986"}],"wp:term":[{"taxonomy":"product_brand","embeddable":true,"href":"https:\/\/purama.lt\/lv\/wp-json\/wp\/v2\/product_brand?post=33986"},{"taxonomy":"product_cat","embeddable":true,"href":"https:\/\/purama.lt\/lv\/wp-json\/wp\/v2\/product_cat?post=33986"},{"taxonomy":"product_tag","embeddable":true,"href":"https:\/\/purama.lt\/lv\/wp-json\/wp\/v2\/product_tag?post=33986"}],"curies":[{"name":"wp","href":"https:\/\/api.w.org\/{rel}","templated":true}]}}