{"id":33985,"date":"2025-04-15T15:57:06","date_gmt":"2025-04-15T15:57:06","guid":{"rendered":"https:\/\/purama.lt\/produktas\/real-ems-knee-exercise-massage-kelio-masazuoklis\/"},"modified":"2025-11-12T14:04:31","modified_gmt":"2025-11-12T12:04:31","slug":"reals-ems-celgalu-vingrinajumu-masaza-celgalu-masieris","status":"publish","type":"product","link":"https:\/\/purama.lt\/lv\/produktas\/real-ems-knee-exercise-massage-kelio-masazuoklis\/","title":{"rendered":"REAL EMS ce\u013cgala vingrin\u0101jumu un mas\u0101\u017eas ce\u013cgala masieris"},"content":{"rendered":"<p><strong>K\u0101 lietot?<\/strong><\/p>\n\n\n\n<ol class=\"wp-block-list\">\n<li>Piepildiet \u016bdens pudeli un samitriniet ce\u013cgalu spilventi\u0146us.<\/li>\n\n\n\n<li>Uzlieciet mas\u0101\u017eas apar\u0101tu s\u0113dus - ce\u013cgalam j\u0101paliek atv\u0113rtam.<\/li>\n\n\n\n<li>Savienojiet vadus ar spilveniem un vad\u012bbas paneli.<\/li>\n\n\n\n<li>Iesl\u0113dziet ier\u012bci, izv\u0113lieties re\u017e\u012bmu un intensit\u0101ti.<\/li>\n\n\n\n<li>Visu nodarb\u012bbas laiku (20 min\u016btes) turiet k\u0101jas saliektas.<\/li>\n\n\n\n<li>Lietojiet 1-3 reizes dien\u0101 - efekts ir j\u016btams jau p\u0113c da\u017e\u0101m lieto\u0161anas reiz\u0113m!<\/li>\n<\/ol>\n\n\n\n<p><strong>Apr\u012bkojums:<\/strong><\/p>\n\n\n\n<ul class=\"wp-block-list\">\n<li>2 x mas\u0101\u017eas spilventi\u0146i<\/li>\n\n\n\n<li>1 x vad\u012bbas panelis<\/li>\n\n\n\n<li>1 x kabelis<\/li>\n\n\n\n<li>1 x aizsargmaiss<\/li>\n\n\n\n<li>1 x \u016bdens smidzin\u0101t\u0101js<\/li>\n\n\n\n<li>1 x uzl\u0101des kabelis<\/li>\n<\/ul>\n\n\n\n<p><strong>REAL EMS ce\u013ca mas\u0101\u017eas apar\u0101ts<\/strong> - kad runa ir ne tikai par atp\u016btu, bet ar\u012b par stiprin\u0101\u0161anu. Tas nav tikai masieris - tas ir gudrs veids, k\u0101 pan\u0101kt akt\u012bv\u0101ku un vesel\u012bg\u0101ku dz\u012bvesveidu! Izm\u0113\u0123iniet to un atkl\u0101jiet jaunu komforta l\u012bmeni ik uz so\u013ca.<\/p>","protected":false},"excerpt":{"rendered":"<p class=\"\" data-start=\"0\" data-end=\"89\"><strong data-start=\"0\" data-end=\"89\">REAL EMS ce\u013cgalu vingrin\u0101jumi un mas\u0101\u017ea - revol\u016bcija ce\u013cgalu apr\u016bp\u0113 uz katra so\u013ca!\u00a0<\/strong>Aizmirstiet par diskomfortu un izbaudiet kust\u012bbu br\u012bv\u012bbu ar <strong data-start=\"147\" data-end=\"173\">REAL EMS ce\u013ca mas\u0101\u017eas apar\u0101ts<\/strong> - vieda treni\u0146a un mas\u0101\u017eas ier\u012bce, kas paredz\u0113ta cilv\u0113kiem ar noguru\u0161iem, v\u0101jiem vai bie\u017ei s\u0101po\u0161iem ce\u013cgaliem. \u0160\u012b vied\u0101 ier\u012bce izmanto <strong data-start=\"314\" data-end=\"366\">zemas frekvences elektrisk\u0101 musku\u013cu stimul\u0101cija (EMS).<\/strong>ne tikai mazin\u0101t s\u0101pes, bet ar\u012b <strong data-start=\"405\" data-end=\"436\">akt\u012bvi stiprin\u0101t musku\u013cus<\/strong> ap ce\u013cgaliem, aug\u0161stilbiem un te\u013ciem. Neatkar\u012bgi no t\u0101, vai str\u0101d\u0101jat s\u0113do\u0161u darbu, nodarbojaties ar sportu, bie\u017ei izj\u016btat stresu vai vienk\u0101r\u0161i v\u0113laties r\u016bp\u0113ties par sav\u0101m loc\u012btav\u0101m, \u0161is mas\u0101\u017eas apar\u0101ts k\u013c\u016bs par neaizst\u0101jamu ikdienas apr\u016bpes l\u012bdzekli. Kl\u012bniski p\u0101rbaud\u012bts, viegli lietojams m\u0101j\u0101s, tas pal\u012bdz <strong data-start=\"713\" data-end=\"770\">uzlabo asinsriti, elast\u012bbu un mazina st\u012bvumu.<\/strong>Ak, j\u0101 <strong data-start=\"777\" data-end=\"816\">4 programmas un 12 intensit\u0101tes l\u012bme\u0146i<\/strong> \u013cauj piel\u0101got terapiju j\u016bsu individu\u0101laj\u0101m vajadz\u012bb\u0101m.<\/p>\n<p data-start=\"882\" data-end=\"931\"><strong>K\u0101p\u0113c izm\u0113\u0123in\u0101t REAL EMS ce\u013ca mas\u0101\u017eas apar\u0101tu?<\/strong><\/p>\n<p class=\"\" data-start=\"933\" data-end=\"1444\">\u2714\ufe0f <strong data-start=\"936\" data-end=\"961\">Visaptvero\u0161a apr\u016bpe<\/strong> - mas\u0113 un stiprina ce\u013cgalus, aug\u0161stilbus, hamstringus un te\u013cus.<br data-start=\"1026\" data-end=\"1029\" \/>\u2714\ufe0f <strong data-start=\"1032\" data-end=\"1061\">Dzi\u013c\u0101 musku\u013cu stimul\u0101cija<\/strong> - veicina tonusu, pal\u012bdz atg\u016bties p\u0113c traum\u0101m un treni\u0146iem.<br data-start=\"1123\" data-end=\"1126\" \/>\u2714\ufe0f <strong data-start=\"1129\" data-end=\"1158\">mazina s\u0101pes un spriedzi<\/strong> - \u012bpa\u0161i noder\u012bga p\u0113c ilgsto\u0161as st\u0101v\u0113\u0161anas vai s\u0113d\u0113\u0161anas.<br data-start=\"1204\" data-end=\"1207\" \/>\u2714\ufe0f <strong data-start=\"1210\" data-end=\"1247\">4 re\u017e\u012bmi un 12 intensit\u0101tes l\u012bme\u0146i<\/strong> - no maigas mas\u0101\u017eas l\u012bdz intens\u012bvam treni\u0146am.<br data-start=\"1297\" data-end=\"1300\" \/>\u2714\ufe0f <strong data-start=\"1303\" data-end=\"1326\">Ikdienas komforts<\/strong> - Piem\u0113rots gan jauniem, gan veciem<br data-start=\"1379\" data-end=\"1382\" \/>\u2714\ufe0f <strong data-start=\"1385\" data-end=\"1412\" data-is-only-node=\"\">Kompakts un viegls<\/strong> - Izmantojiet jebkur\u0101 viet\u0101 un jebkur\u0101 laik\u0101<\/p>\n<p><strong>PIEG\u0100DES LAIKS VAR B\u016aT NO 10 L\u012aDZ 14 DARBA DIEN\u0100M.<\/strong><\/p>","protected":false},"featured_media":34034,"comment_status":"open","ping_status":"closed","template":"","meta":{"_acf_changed":false},"product_brand":[452],"product_cat":[282,287,283],"product_tag":[],"class_list":{"0":"post-33985","1":"product","2":"type-product","3":"status-publish","4":"has-post-thumbnail","6":"product_brand-real-ems","7":"product_cat-longevity-prietaisai","8":"product_cat-masazuokliai","9":"product_cat-sveikatingumo-prietaisai","11":"first","12":"instock","13":"shipping-taxable","14":"purchasable","15":"product-type-simple"},"acf":[],"tiered_pricing_type":"fixed","tiered_pricing_fixed_rules":[],"tiered_pricing_product_settings":{"layout":"default","base_unit_name":{"singular":null,"plural":null},"default_variation":null},"tiered_pricing_minimum_quantity":null,"tiered_pricing_roles_data":[],"tiered_pricing_percentage_rules":[],"_links":{"self":[{"href":"https:\/\/purama.lt\/lv\/wp-json\/wp\/v2\/product\/33985","targetHints":{"allow":["GET"]}}],"collection":[{"href":"https:\/\/purama.lt\/lv\/wp-json\/wp\/v2\/product"}],"about":[{"href":"https:\/\/purama.lt\/lv\/wp-json\/wp\/v2\/types\/product"}],"replies":[{"embeddable":true,"href":"https:\/\/purama.lt\/lv\/wp-json\/wp\/v2\/comments?post=33985"}],"wp:featuredmedia":[{"embeddable":true,"href":"https:\/\/purama.lt\/lv\/wp-json\/wp\/v2\/media\/34034"}],"wp:attachment":[{"href":"https:\/\/purama.lt\/lv\/wp-json\/wp\/v2\/media?parent=33985"}],"wp:term":[{"taxonomy":"product_brand","embeddable":true,"href":"https:\/\/purama.lt\/lv\/wp-json\/wp\/v2\/product_brand?post=33985"},{"taxonomy":"product_cat","embeddable":true,"href":"https:\/\/purama.lt\/lv\/wp-json\/wp\/v2\/product_cat?post=33985"},{"taxonomy":"product_tag","embeddable":true,"href":"https:\/\/purama.lt\/lv\/wp-json\/wp\/v2\/product_tag?post=33985"}],"curies":[{"name":"wp","href":"https:\/\/api.w.org\/{rel}","templated":true}]}}