{"id":33984,"date":"2025-04-15T15:57:05","date_gmt":"2025-04-15T15:57:05","guid":{"rendered":"https:\/\/purama.lt\/produktas\/real-ems-perfect-hip-klubu-formos-masazuoklis\/"},"modified":"2025-11-12T14:04:25","modified_gmt":"2025-11-12T12:04:25","slug":"real-ems-perfekts-guzas-guzas-guzas-masazas-aparats","status":"publish","type":"product","link":"https:\/\/purama.lt\/lv\/produktas\/real-ems-perfect-hip-klubu-formos-masazuoklis\/","title":{"rendered":"REAL EMS Ide\u0101ls g\u016b\u017eas g\u016b\u017eas formas masieris"},"content":{"rendered":"<p><strong>K\u0101 lietot?<\/strong><\/p>\n\n\n\n<ol class=\"wp-block-list\">\n<li>Piepildiet smidzin\u0101t\u0101ju ar \u016bdeni un viegli samitriniet abus spilventi\u0146us - \u013caujiet tiem ies\u016bkties.<\/li>\n\n\n\n<li>Uzlieciet jostu uz s\u0113\u017eamvietas t\u0101, lai spilventi\u0146i cie\u0161i piegu\u013c s\u0113\u017eas musku\u013ciem.<\/li>\n\n\n\n<li>Pievienojiet vad\u012bbas paneli, iesl\u0113dziet ier\u012bci un izv\u0113lieties v\u0113lamo re\u017e\u012bmu.<\/li>\n\n\n\n<li>Sesijas s\u0101kums - ilgums 20 min. Noregul\u0113jiet intensit\u0101ti ar pog\u0101m \u201e+\u201c un \u201e-\u201c.<\/li>\n\n\n\n<li>Lietojiet 1-3 reizes dien\u0101, lai pan\u0101ktu vislab\u0101ko iedarb\u012bbu.<\/li>\n<\/ol>\n\n\n\n<p><strong>Padoms:<\/strong> lai pan\u0101ktu maksim\u0101lu efektu, jostu izmantojiet uz kailas \u0101das.<\/p>\n\n\n\n<p><strong>Ietver:<\/strong><\/p>\n\n\n\n<ul class=\"wp-block-list\">\n<li>1 x Perfekt\u0101 gurnu josta (l\u012bdz 125-130 cm gurnu apk\u0101rtm\u0113ram)<\/li>\n\n\n\n<li>2 x elektriskie lukturi<\/li>\n\n\n\n<li>1 x vad\u012bbas panelis<\/li>\n\n\n\n<li>1 x kabelis<\/li>\n\n\n\n<li>1 x \u016bdens smidzin\u0101t\u0101js<\/li>\n\n\n\n<li>1 x uzl\u0101des kabelis<\/li>\n\n\n\n<li>1 x \u0113rts uzglab\u0101\u0161anas maisi\u0146\u0161<\/li>\n<\/ul>\n\n\n\n<p><strong>REAL EMS Perfect Hip<\/strong> - ja v\u0113laties ieg\u016bt lielisku fig\u016bru, bet nev\u0113laties smagi tren\u0113ties. Sieviet\u0113m, kas v\u0113las \u0101trus, \u0113rtus un dro\u0161us rezult\u0101tus. Atkl\u0101jiet, k\u0101 bez piep\u016bles nostiprin\u0101t s\u0113\u017eas musku\u013cus - <strong>Jaun\u0101k\u0101s paaudzes gurnu formas veido\u0161anas tehnolo\u0123ija ir kl\u0101t!<\/strong><\/p>","protected":false},"excerpt":{"rendered":"<p class=\"\" data-start=\"0\" data-end=\"81\"><strong data-start=\"0\" data-end=\"81\">REAL EMS Perfect Hip - revolucion\u0101rs solis ce\u013c\u0101 uz formas un stingriem s\u0113\u017eamvietas musku\u013ciem!\u00a0<\/strong>Iedom\u0101jieties to - vairs nek\u0101du nogurdino\u0161u sporta z\u0101les apmekl\u0113jumu, sviedru vai smagu pietupienu - tikai pat\u012bkamas saj\u016btas un rezult\u0101ti, ko redz\u0113siet spogul\u012b. <strong data-start=\"251\" data-end=\"275\">REAL EMS Perfect Hip<\/strong> - ir moderna, zemas frekvences EMS elektrostimul\u0101cijas ier\u012bce, kas paredz\u0113ta sieviet\u0113m, kuras v\u0113las uzlabot gurnus, veidot s\u0113\u017eamvietu un nostiprin\u0101t musku\u013cus. <strong data-start=\"448\" data-end=\"484\">\u0101tri, \u0113rti un bez piep\u016bles<\/strong>. \u0160\u012b gurnu formas josta ir <strong data-start=\"518\" data-end=\"552\">starptautiski atz\u012bts<\/strong> - 2022. gada Seulas apbalvo\u0161anas ceremonij\u0101 ieguva Dienvidkorejas izcil\u0101 produkta balvu. Tas darbojas, aktiviz\u0113jot dzi\u013cos musku\u013cu sl\u0101\u0146us, kas parastas fizisk\u0101s slodzes laik\u0101 bie\u017ei vien nav pieejami. Vienk\u0101r\u0161i uzlieciet to, iesl\u0113dziet un \u013caujiet tehnolo\u0123ijai str\u0101d\u0101t j\u016bsu viet\u0101! <strong>K\u0101p\u0113c izv\u0113l\u0113ties REAL EMS Perfect Hip?<\/strong><\/p>\n<p class=\"\" data-start=\"852\" data-end=\"1492\">\u2714\ufe0f <strong data-start=\"855\" data-end=\"898\">Viegli veido stingras s\u0113\u017eamvietas formas<\/strong> - aktiviz\u0113 s\u0113\u017eas musku\u013cus ar EMS impulsiem.<br data-start=\"940\" data-end=\"943\" \/>\u2714\ufe0f <strong data-start=\"946\" data-end=\"982\">4 re\u017e\u012bmi x 12 intensit\u0101tes l\u012bme\u0146i<\/strong> - no maigas mas\u0101\u017eas l\u012bdz intens\u012bvam treni\u0146am.<br data-start=\"1032\" data-end=\"1035\" \/>\u2714\ufe0f <strong data-start=\"1038\" data-end=\"1065\">Slaid\u0101ks \u0137erme\u0146a siluets<\/strong> - Regul\u0101ri lietojot, iev\u0113rojami uzlabojas forma un musku\u013cu tonuss.<br data-start=\"1136\" data-end=\"1139\" \/>\u2714\ufe0f <strong data-start=\"1142\" data-end=\"1173\">M\u0101j\u0101s, ce\u013c\u0101 vai darb\u0101<\/strong> - tikai 20 min\u016btes dien\u0101, lai sasniegtu efekt\u012bvus rezult\u0101tus.<br data-start=\"1222\" data-end=\"1225\" \/>\u2714\ufe0f <strong data-start=\"1228\" data-end=\"1244\">Piem\u0113rots visiem<\/strong> - regul\u0113jama josta l\u012bdz 130 cm gurnu apk\u0101rtm\u0113ram.<br data-start=\"1293\" data-end=\"1296\" \/>\u2714\ufe0f <strong data-start=\"1299\" data-end=\"1324\">\u0112rts dizains<\/strong> - nav ierobe\u017eojo\u0161s, \u0113rts uz \u0101das vai ar pl\u0101n\u0101m sporta biks\u0113m.<br data-start=\"1404\" data-end=\"1407\" data-is-only-node=\"\" \/>\u2714\ufe0f <strong data-start=\"1410\" data-end=\"1449\">Ide\u0101li piem\u0113rots p\u0113c dzemd\u012bb\u0101m vai s\u0113do\u0161a darba veik\u0161anai.<\/strong> - pal\u012bdz atjaunot s\u0113\u017eamvietas iztur\u012bbu un formu.<\/p>\n<p data-pm-slice=\"1 1 []\"><strong>PIEG\u0100DES LAIKS VAR B\u016aT NO 10 L\u012aDZ 14 DARBA DIEN\u0100M.<\/strong><\/p>","protected":false},"featured_media":34033,"comment_status":"open","ping_status":"closed","template":"","meta":{"_acf_changed":false},"product_brand":[452],"product_cat":[282,287,283],"product_tag":[],"class_list":{"0":"post-33984","1":"product","2":"type-product","3":"status-publish","4":"has-post-thumbnail","6":"product_brand-real-ems","7":"product_cat-longevity-prietaisai","8":"product_cat-masazuokliai","9":"product_cat-sveikatingumo-prietaisai","11":"first","12":"instock","13":"shipping-taxable","14":"purchasable","15":"product-type-simple"},"acf":[],"tiered_pricing_type":"fixed","tiered_pricing_fixed_rules":[],"tiered_pricing_product_settings":{"layout":"default","base_unit_name":{"singular":null,"plural":null},"default_variation":null},"tiered_pricing_minimum_quantity":null,"tiered_pricing_roles_data":[],"tiered_pricing_percentage_rules":[],"_links":{"self":[{"href":"https:\/\/purama.lt\/lv\/wp-json\/wp\/v2\/product\/33984","targetHints":{"allow":["GET"]}}],"collection":[{"href":"https:\/\/purama.lt\/lv\/wp-json\/wp\/v2\/product"}],"about":[{"href":"https:\/\/purama.lt\/lv\/wp-json\/wp\/v2\/types\/product"}],"replies":[{"embeddable":true,"href":"https:\/\/purama.lt\/lv\/wp-json\/wp\/v2\/comments?post=33984"}],"wp:featuredmedia":[{"embeddable":true,"href":"https:\/\/purama.lt\/lv\/wp-json\/wp\/v2\/media\/34033"}],"wp:attachment":[{"href":"https:\/\/purama.lt\/lv\/wp-json\/wp\/v2\/media?parent=33984"}],"wp:term":[{"taxonomy":"product_brand","embeddable":true,"href":"https:\/\/purama.lt\/lv\/wp-json\/wp\/v2\/product_brand?post=33984"},{"taxonomy":"product_cat","embeddable":true,"href":"https:\/\/purama.lt\/lv\/wp-json\/wp\/v2\/product_cat?post=33984"},{"taxonomy":"product_tag","embeddable":true,"href":"https:\/\/purama.lt\/lv\/wp-json\/wp\/v2\/product_tag?post=33984"}],"curies":[{"name":"wp","href":"https:\/\/api.w.org\/{rel}","templated":true}]}}