{"id":33983,"date":"2025-04-15T15:57:05","date_gmt":"2025-04-15T15:57:05","guid":{"rendered":"https:\/\/purama.lt\/produktas\/real-ems-shoulder-massager-peciu-masazuoklis\/"},"modified":"2025-11-12T14:04:21","modified_gmt":"2025-11-12T12:04:21","slug":"real-ems-plecu-masazas-aparats-plecu-masazas-aparats","status":"publish","type":"product","link":"https:\/\/purama.lt\/lv\/produktas\/real-ems-shoulder-massager-peciu-masazuoklis\/","title":{"rendered":"REAL EMS plecu mas\u0101\u017eas apar\u0101ts plecu mas\u0101\u017eas apar\u0101ts"},"content":{"rendered":"<p><strong>Izmanto\u0161ana<\/strong><\/p>\n\n\n\n<ol class=\"wp-block-list\">\n<li>Piepildiet smidzin\u0101t\u0101ju ar \u016bdeni un samitriniet elektrisk\u0101s vaboles.<\/li>\n\n\n\n<li>Uzlieciet mas\u0101\u017eas apar\u0101tu uz pleciem, dro\u0161i nostipriniet ar velcro siksn\u0101m.<\/li>\n\n\n\n<li>Pievienojiet vad\u012bbas paneli un izv\u0113lieties mas\u0101\u017eas re\u017e\u012bmu.<\/li>\n\n\n\n<li>Piel\u0101gojiet intensit\u0101ti atbilsto\u0161i sav\u0101m vajadz\u012bb\u0101m.<\/li>\n\n\n\n<li>Viena sesija ilgst <strong>20 min\u016btes<\/strong> - ieteicams <strong>1-3 reizes dien\u0101<\/strong>.<\/li>\n<\/ol>\n\n\n\n<p><strong>Komplekt\u0101 atrad\u012bsiet<\/strong><\/p>\n\n\n\n<ul class=\"wp-block-list\">\n<li>1 x plecu mas\u0101\u017eas siksna<\/li>\n\n\n\n<li>1 x vad\u012bbas panelis<\/li>\n\n\n\n<li>1 x savienojuma kabelis<\/li>\n\n\n\n<li>1 x aizsarg\u0101jo\u0161s glab\u0101\u0161anas maisi\u0146\u0161<\/li>\n\n\n\n<li>1 x izsmidzin\u0101t\u0101ja pudele<\/li>\n\n\n\n<li>1 x uzl\u0101des kabelis<\/li>\n<\/ul>\n\n\n\n<p><strong>REAL EMS plecu masieris<\/strong> - T\u0101 nav tikai ier\u012bce, t\u0101 ir j\u016bsu ikdienas labsaj\u016btas uzlabo\u0161ana. Dodiet sev 20 min\u016btes un saj\u016btiet at\u0161\u0137ir\u012bbu - <strong>Atsl\u0101bin\u0101ti pleci, lab\u0101ka st\u0101ja, maz\u0101k stresa un vair\u0101k ener\u0123ijas.<\/strong> katru dienu.<\/p>","protected":false},"excerpt":{"rendered":"<p class=\"\" data-start=\"0\" data-end=\"86\"><strong data-start=\"0\" data-end=\"86\">REAL EMS plecu mas\u0101\u017eas apar\u0101ts - gudrs risin\u0101jums sp\u0113c\u012bgiem un relaks\u0113tiem pleciem. <\/strong>Aizmirstiet par spriedzi, s\u0101p\u0113m un past\u0101v\u012bgu diskomfortu - <strong data-start=\"142\" data-end=\"172\">REAL EMS plecu masieris<\/strong> ir inovat\u012bva ier\u012bce, kas izstr\u0101d\u0101ta, lai pal\u012bdz\u0113tu atg\u016bt sp\u0113ku, uzlabotu st\u0101ju un mazin\u0101tu musku\u013cu sasprindzin\u0101jumu plecos un muguras aug\u0161da\u013c\u0101. <strong data-start=\"330\" data-end=\"390\">2022. gada Seulas apbalvo\u0161anas ceremonij\u0101 apbalvots k\u0101 Dienvidkorejas \"Izcil\u0101kais produkts\".<\/strong>, \u0161is mas\u0101\u017eas apar\u0101ts izmanto modernu <strong data-start=\"425\" data-end=\"467\">zemas frekvences EMS (elektrostimul\u0101cija).<\/strong> tehnolo\u0123ija, kas stimul\u0113 musku\u013cus un sniedz dzi\u013cas mas\u0101\u017eas saj\u016btu. Ide\u0101li piem\u0113rots tiem, kas <strong data-start=\"568\" data-end=\"590\">s\u0113do\u0161s darbs<\/strong>, j\u016btas <strong data-start=\"599\" data-end=\"619\">L\u012bdzstr\u0101vas spriegums<\/strong> uz j\u016bsu pleciem vai vienk\u0101r\u0161i v\u0113laties <strong data-start=\"645\" data-end=\"686\">uzlabot st\u0101ju un relaks\u0101ciju.<\/strong> p\u0113c saspringtas dienas.<\/p>\n<p data-start=\"708\" data-end=\"736\"><strong>K\u0101p\u0113c to izm\u0113\u0123in\u0101t?<\/strong><\/p>\n<p class=\"\" data-start=\"737\" data-end=\"1273\">\u2714\ufe0f <strong data-start=\"740\" data-end=\"762\">Uzlabo st\u0101ju<\/strong> un pal\u012bdz mazin\u0101t sasprindzin\u0101jumu muguras aug\u0161\u0113j\u0101 da\u013c\u0101.<br data-start=\"819\" data-end=\"822\" \/>\u2714\ufe0f <strong data-start=\"825\" data-end=\"873\">Efekt\u012bvi atsl\u0101bina dzi\u013cos musku\u013cus<\/strong> - mazina spazmas un stagn\u0101ciju<br data-start=\"903\" data-end=\"906\" \/>\u2714\ufe0f <strong data-start=\"909\" data-end=\"926\">Samazina stresu<\/strong> un spriedzi, sniedzot nomierino\u0161u mas\u0101\u017eas efektu.<br data-start=\"973\" data-end=\"976\" \/>\u2714\ufe0f <strong data-start=\"979\" data-end=\"999\">4 mas\u0101\u017eas re\u017e\u012bmi<\/strong>: maigs, norm\u0101ls, dzi\u013c\u0161 un notur\u012bgs<br data-start=\"1038\" data-end=\"1041\" data-is-only-node=\"\" \/>\u2714\ufe0f <strong data-start=\"1044\" data-end=\"1072\">L\u012bdz 12 intensit\u0101tes l\u012bme\u0146iem<\/strong> vis\u0101m vajadz\u012bb\u0101m<br data-start=\"1093\" data-end=\"1096\" \/>\u2714\ufe0f Kompakts, bezvadu, viegli lietojams - gan m\u0101j\u0101s, gan darb\u0101<br data-start=\"1172\" data-end=\"1175\" \/>\u2714\ufe0f Ieteicams gan <strong data-start=\"1199\" data-end=\"1220\">akt\u012bviem cilv\u0113kiem<\/strong>gan tiem, kas ilgsto\u0161i s\u0113\u017e vai str\u0101d\u0101 ar datoru.<\/p>\n<p><strong>PIEG\u0100DES LAIKS VAR B\u016aT NO 10 L\u012aDZ 14 DARBA DIEN\u0100M.<\/strong><\/p>","protected":false},"featured_media":34032,"comment_status":"open","ping_status":"closed","template":"","meta":{"_acf_changed":false},"product_brand":[452],"product_cat":[282,287,283],"product_tag":[],"class_list":{"0":"post-33983","1":"product","2":"type-product","3":"status-publish","4":"has-post-thumbnail","6":"product_brand-real-ems","7":"product_cat-longevity-prietaisai","8":"product_cat-masazuokliai","9":"product_cat-sveikatingumo-prietaisai","11":"first","12":"instock","13":"shipping-taxable","14":"purchasable","15":"product-type-variable"},"acf":[],"tiered_pricing_type":"fixed","tiered_pricing_fixed_rules":[],"tiered_pricing_product_settings":{"layout":"default","base_unit_name":{"singular":null,"plural":null},"default_variation":null},"tiered_pricing_minimum_quantity":null,"tiered_pricing_roles_data":[],"tiered_pricing_percentage_rules":[],"_links":{"self":[{"href":"https:\/\/purama.lt\/lv\/wp-json\/wp\/v2\/product\/33983","targetHints":{"allow":["GET"]}}],"collection":[{"href":"https:\/\/purama.lt\/lv\/wp-json\/wp\/v2\/product"}],"about":[{"href":"https:\/\/purama.lt\/lv\/wp-json\/wp\/v2\/types\/product"}],"replies":[{"embeddable":true,"href":"https:\/\/purama.lt\/lv\/wp-json\/wp\/v2\/comments?post=33983"}],"wp:featuredmedia":[{"embeddable":true,"href":"https:\/\/purama.lt\/lv\/wp-json\/wp\/v2\/media\/34032"}],"wp:attachment":[{"href":"https:\/\/purama.lt\/lv\/wp-json\/wp\/v2\/media?parent=33983"}],"wp:term":[{"taxonomy":"product_brand","embeddable":true,"href":"https:\/\/purama.lt\/lv\/wp-json\/wp\/v2\/product_brand?post=33983"},{"taxonomy":"product_cat","embeddable":true,"href":"https:\/\/purama.lt\/lv\/wp-json\/wp\/v2\/product_cat?post=33983"},{"taxonomy":"product_tag","embeddable":true,"href":"https:\/\/purama.lt\/lv\/wp-json\/wp\/v2\/product_tag?post=33983"}],"curies":[{"name":"wp","href":"https:\/\/api.w.org\/{rel}","templated":true}]}}