{"id":33867,"date":"2025-04-09T07:46:59","date_gmt":"2025-04-09T07:46:59","guid":{"rendered":"https:\/\/purama.lt\/produktas\/slavic-labs-brainbost-wese-papildas-smegenu-funkcijoms-gerinti\/"},"modified":"2026-02-03T16:09:52","modified_gmt":"2026-02-03T14:09:52","slug":"slavu-laboratorijas-brainbost-wese-papildinajums-smadzenu-funkcijas-uzlabosanai","status":"publish","type":"product","link":"https:\/\/purama.lt\/lv\/produktas\/slavic-labs-brainbost-wese-papildas-smegenu-funkcijoms-gerinti\/","title":{"rendered":"SLAVIC LABS BrainBost Wese Papildin\u0101jums smadze\u0146u darb\u012bbas uzlabo\u0161anai"},"content":{"rendered":"<p><strong>Lieto\u0161ana:<\/strong><br>Lietojiet 3 kapsulas dien\u0101, v\u0113lams no r\u012bta vai 15 min\u016btes pirms pl\u0101not\u0101s fizisk\u0101s slodzes. <br><br><strong>Sast\u0101vs:<\/strong> N-acetil-L-tiroz\u012bns, lauvas purva s\u0113ne (Hericium erinaceus) - aug\u013c\u0137erme\u0146u ekstrakts (DER 30:1, standartiz\u0113ts l\u012bdz 50 % \u03b2-glik\u0101niem), fosfatidilser\u012bns, citicol\u012bns, L-tean\u012bns, Ginkgo biloba ekstrakts (standartiz\u0113ts l\u012bdz 26 % flavona glikoz\u012bdiem un 6 % terp\u0113na laktoniem), Asama meln\u0101s t\u0113jas ekstrakts (standartiz\u0113ts l\u012bdz 99 % teakr\u012bna), kofe\u012bns, piroloksal-5-fosf\u0101ts (B6 vitam\u012bns), niac\u012bnam\u012bds (niac\u012bns), metilkobalam\u012bns (B12 vitam\u012bns), kapsula - liellopu \u017eelat\u012bns.<\/p>\n\n\n\n<p><\/p>","protected":false},"excerpt":{"rendered":"<p class=\"\" data-start=\"128\" data-end=\"192\"><strong data-start=\"128\" data-end=\"192\">SLAVIC LABS BrainBoost Wese -<\/strong> ir uzlabota formula, kas paredz\u0113ta cilv\u0113kiem, kuri v\u0113las ieg\u016bt maksim\u0101lu gar\u012bgo ener\u0123iju, koncentr\u0113\u0161an\u0101s sp\u0113jas un skaidr\u012bbu bez p\u0113k\u0161\u0146iem ener\u0123ijas l\u0113cieniem vai kritumiem. Pamatojoties uz jaun\u0101kajiem zin\u0101tniskajiem p\u0113t\u012bjumiem, \u0161is papildin\u0101jums l\u012bdzsvaro efekt\u012bvas dabiskas vielas, kas stimul\u0113 smadze\u0146u darb\u012bbu un veicina organisma visp\u0101r\u0113jo iztur\u012bbu pret stresu un nogurumu. Ieteicams studentiem, profesion\u0101\u013ciem, sportistiem un ikvienam, kas v\u0113las saglab\u0101t gar\u012bgo modr\u012bbu un sasniegt ambiciozus m\u0113r\u0137us. Regul\u0101ri lietojot, BrainBoost pal\u012bdz p\u0101rvar\u0113t gar\u012bgo nogurumu, uzlabo uzman\u012bbas notur\u012bbu un motiv\u0113 darbam.<\/p>\n<p class=\"\" data-start=\"819\" data-end=\"1154\"><strong data-start=\"819\" data-end=\"859\">K\u0101p\u0113c izv\u0113l\u0113ties BrainBoost Wese?<\/strong><br data-start=\"859\" data-end=\"862\" \/>\u2714\ufe0f Uzlabo koncentr\u0113\u0161an\u0101s sp\u0113jas un gar\u012bgo iztur\u012bbu<br data-start=\"915\" data-end=\"918\" \/>\u2714\ufe0f Sniedz ener\u0123iju bez m\u0101ksl\u012bgiem stimulantiem vai v\u0113l\u0101kajiem triecieniem.<br data-start=\"984\" data-end=\"987\" \/>\u2714\ufe0f Pal\u012bdz p\u0101rvar\u0113t gar\u012bgo nogurumu un saglab\u0101t produktivit\u0101ti.<br data-start=\"1047\" data-end=\"1050\" \/>\u2714\ufe0f Piem\u0113rots gar\u012bgajam darbam, m\u0101c\u012bb\u0101m un sportam<br data-start=\"1097\" data-end=\"1100\" \/>\u2714\ufe0f Izstr\u0101d\u0101ts, pamatojoties uz jaun\u0101kajiem zin\u0101tnes sasniegumiem<\/p>","protected":false},"featured_media":33878,"comment_status":"open","ping_status":"closed","template":"","meta":{"_acf_changed":false},"product_brand":[455],"product_cat":[123,257,256],"product_tag":[],"class_list":{"0":"post-33867","1":"product","2":"type-product","3":"status-publish","4":"has-post-thumbnail","6":"product_brand-slavic-labs","7":"product_cat-papildai-ilgaamziskumui","8":"product_cat-atmintis-ir-demesys","9":"product_cat-smegenims-ir-atminciai","11":"first","12":"instock","13":"shipping-taxable","14":"purchasable","15":"product-type-simple"},"acf":[],"tiered_pricing_type":"fixed","tiered_pricing_fixed_rules":[],"tiered_pricing_product_settings":{"layout":"default","base_unit_name":{"singular":null,"plural":null},"default_variation":null},"tiered_pricing_minimum_quantity":null,"tiered_pricing_roles_data":[],"tiered_pricing_percentage_rules":[],"_links":{"self":[{"href":"https:\/\/purama.lt\/lv\/wp-json\/wp\/v2\/product\/33867","targetHints":{"allow":["GET"]}}],"collection":[{"href":"https:\/\/purama.lt\/lv\/wp-json\/wp\/v2\/product"}],"about":[{"href":"https:\/\/purama.lt\/lv\/wp-json\/wp\/v2\/types\/product"}],"replies":[{"embeddable":true,"href":"https:\/\/purama.lt\/lv\/wp-json\/wp\/v2\/comments?post=33867"}],"wp:featuredmedia":[{"embeddable":true,"href":"https:\/\/purama.lt\/lv\/wp-json\/wp\/v2\/media\/33878"}],"wp:attachment":[{"href":"https:\/\/purama.lt\/lv\/wp-json\/wp\/v2\/media?parent=33867"}],"wp:term":[{"taxonomy":"product_brand","embeddable":true,"href":"https:\/\/purama.lt\/lv\/wp-json\/wp\/v2\/product_brand?post=33867"},{"taxonomy":"product_cat","embeddable":true,"href":"https:\/\/purama.lt\/lv\/wp-json\/wp\/v2\/product_cat?post=33867"},{"taxonomy":"product_tag","embeddable":true,"href":"https:\/\/purama.lt\/lv\/wp-json\/wp\/v2\/product_tag?post=33867"}],"curies":[{"name":"wp","href":"https:\/\/api.w.org\/{rel}","templated":true}]}}