{"id":33865,"date":"2025-04-09T07:46:59","date_gmt":"2025-04-09T07:46:59","guid":{"rendered":"https:\/\/purama.lt\/produktas\/slavic-labs-brainmag-magnio-l-treonatas-streso-valdymo-papildas-50g\/"},"modified":"2026-04-14T13:28:41","modified_gmt":"2026-04-14T11:28:41","slug":"slavic-labs-brainmag-magnija-l-treonats-stresa-vadibas-papildinajums-50g","status":"publish","type":"product","link":"https:\/\/purama.lt\/lv\/produktas\/slavic-labs-brainmag-magnio-l-treonatas-streso-valdymo-papildas-50g\/","title":{"rendered":"SLAVIC LABS BRAINMAG Magnija L-treon\u0101ts Papildin\u0101jums stresa vad\u012bbai"},"content":{"rendered":"<p><strong>Pat\u0113ri\u0146\u0161<\/strong><br>1 porcija = 1 m\u0113rkarote; lietojiet 1-3 porcijas dien\u0101, sajaucot ar \u016bdeni vai citu dz\u0113rienu; v\u0113lams vakar\u0101 pirms gul\u0113tie\u0161anas.<br>Nep\u0101rsniegt ieteicamo dienas devu; uztura bag\u0101tin\u0101t\u0101js neaizst\u0101j sabalans\u0113tu uzturu; glab\u0101t b\u0113rniem nepieejam\u0101 viet\u0101.<\/p>\n\n\n\n<p><strong>Sast\u0101vda\u013cas<\/strong><br>magnija l-treon\u0101ts (t\u012br\u012bba 99,2 %), vitam\u012bns b6 (piridoks\u012bna hidrohlor\u012bds)<\/p>","protected":false},"excerpt":{"rendered":"<p data-start=\"0\" data-end=\"542\"><strong data-start=\"16\" data-end=\"64\">Slavic Labs - BrainMag magnija L-treon\u0101ts<\/strong> - uzlabots magnija papildin\u0101jums pulvera veid\u0101 ikdienas lieto\u0161anai. <strong data-start=\"127\" data-end=\"154\">nervu sist\u0113mas l\u012bdzsvaro\u0161anai<\/strong>, gar\u012bgai labsaj\u016btai un relaks\u0101cijai p\u0113c stresa. Satur \u012bpa\u0161i t\u012bru <strong data-start=\"231\" data-end=\"262\">Magnija L-treon\u0101ts (99,2 %)<\/strong> un <strong data-start=\"266\" data-end=\"282\">B6 vitam\u012bns<\/strong>, kas pal\u012bdz uztur\u0113t norm\u0101lu nervu sist\u0113mas darb\u012bbu un mazina nogurumu. Viegli pievienojot \u016bdenim vai citiem dz\u0113rieniem, vakara lieto\u0161ana ir \u012bpa\u0161i \u0113rta tiem, kuri v\u0113las \u201eizsl\u0113gt\u201c dienas ritmu un sagatavoties atp\u016btai.<\/p>\n<p data-start=\"544\" data-end=\"889\"><strong data-start=\"544\" data-end=\"567\">K\u0101p\u0113c izv\u0113l\u0113ties<\/strong><br data-start=\"567\" data-end=\"570\" \/><strong data-start=\"570\" data-end=\"576\">\u2714\ufe0f<\/strong> Augstas t\u012br\u012bbas pak\u0101pes magnija L-treon\u0101ts (99,2 %)<br data-start=\"616\" data-end=\"619\" \/><strong data-start=\"619\" data-end=\"625\">\u2714\ufe0f<\/strong> ar B6 vitam\u012bnu nervu sist\u0113mai un noguruma mazin\u0101\u0161anai.<br data-start=\"678\" data-end=\"681\" \/><strong data-start=\"681\" data-end=\"687\">\u2714\ufe0f<\/strong> Pulvera forma - viegli sajaucams ar dz\u0113rienu<br data-start=\"731\" data-end=\"734\" \/><strong data-start=\"734\" data-end=\"740\">\u2714\ufe0f<\/strong> Elast\u012bgs pat\u0113ri\u0146\u0161 p\u0113c piepras\u012bjuma (1-3 porcijas dien\u0101)<br data-start=\"799\" data-end=\"802\" \/><strong data-start=\"802\" data-end=\"808\">\u2714\ufe0f<\/strong> Ieteicams lietot vakar\u0101 pirms gul\u0113tie\u0161anas<\/p>","protected":false},"featured_media":38575,"comment_status":"open","ping_status":"closed","template":"","meta":{"_acf_changed":false},"product_brand":[455],"product_cat":[123,257,256,269],"product_tag":[],"class_list":{"0":"post-33865","1":"product","2":"type-product","3":"status-publish","4":"has-post-thumbnail","6":"product_brand-slavic-labs","7":"product_cat-papildai-ilgaamziskumui","8":"product_cat-atmintis-ir-demesys","9":"product_cat-smegenims-ir-atminciai","10":"product_cat-stresui-ir-miegui","12":"first","13":"instock","14":"shipping-taxable","15":"purchasable","16":"product-type-variable"},"acf":[],"tiered_pricing_type":"fixed","tiered_pricing_fixed_rules":[],"tiered_pricing_product_settings":{"layout":"default","base_unit_name":{"singular":null,"plural":null},"default_variation":null},"tiered_pricing_minimum_quantity":null,"tiered_pricing_roles_data":[],"tiered_pricing_percentage_rules":[],"_links":{"self":[{"href":"https:\/\/purama.lt\/lv\/wp-json\/wp\/v2\/product\/33865","targetHints":{"allow":["GET"]}}],"collection":[{"href":"https:\/\/purama.lt\/lv\/wp-json\/wp\/v2\/product"}],"about":[{"href":"https:\/\/purama.lt\/lv\/wp-json\/wp\/v2\/types\/product"}],"replies":[{"embeddable":true,"href":"https:\/\/purama.lt\/lv\/wp-json\/wp\/v2\/comments?post=33865"}],"wp:featuredmedia":[{"embeddable":true,"href":"https:\/\/purama.lt\/lv\/wp-json\/wp\/v2\/media\/38575"}],"wp:attachment":[{"href":"https:\/\/purama.lt\/lv\/wp-json\/wp\/v2\/media?parent=33865"}],"wp:term":[{"taxonomy":"product_brand","embeddable":true,"href":"https:\/\/purama.lt\/lv\/wp-json\/wp\/v2\/product_brand?post=33865"},{"taxonomy":"product_cat","embeddable":true,"href":"https:\/\/purama.lt\/lv\/wp-json\/wp\/v2\/product_cat?post=33865"},{"taxonomy":"product_tag","embeddable":true,"href":"https:\/\/purama.lt\/lv\/wp-json\/wp\/v2\/product_tag?post=33865"}],"curies":[{"name":"wp","href":"https:\/\/api.w.org\/{rel}","templated":true}]}}