{"id":33864,"date":"2025-04-09T07:46:58","date_gmt":"2025-04-09T07:46:58","guid":{"rendered":"https:\/\/purama.lt\/produktas\/slavic-labs-omega-3-riebalu-rugsciu-trigliceridai\/"},"modified":"2026-02-08T19:46:11","modified_gmt":"2026-02-08T17:46:11","slug":"slavu-laboratorijas-omega-3-taukskabes-trigliceridi","status":"publish","type":"product","link":"https:\/\/purama.lt\/lv\/produktas\/slavic-labs-omega-3-riebalu-rugsciu-trigliceridai\/","title":{"rendered":"SLAVIC LABS Omega-3 tauksk\u0101bju triglicer\u012bdi"},"content":{"rendered":"<p><strong>Lieto\u0161ana:<\/strong><br>Lietojiet 1-2 kapsulas dien\u0101, uzdzerot \u016bdeni, v\u0113lams \u0113\u0161anas laik\u0101. Ja omega-3 l\u012bmenis ir zems, ieteicams lietot 2 kapsulas. Devu var sadal\u012bt no r\u012bta un vakar\u0101.<\/p>\n\n\n\n<p><strong>Sast\u0101vs (2 kapsulas):<\/strong><br>Savva\u013cas an\u0161ovu e\u013c\u013ca (EPA + DHA), kapsula: \u017eelat\u012bns, mitrin\u0101t\u0101js glicer\u012bns, \u016bdens, E vitam\u012bns.<\/p>","protected":false},"excerpt":{"rendered":"<p class=\"\" data-start=\"128\" data-end=\"429\"><strong>SLAVIC LABS Omega-3<\/strong> - ir \u012bpa\u0161i t\u012brs uztura bag\u0101tin\u0101t\u0101js, kas satur <strong>EPA un DHA<\/strong> tauksk\u0101bju avoti no savva\u013cas an\u0161ovu e\u013c\u013cas, kurai ir izcila biolo\u0123isk\u0101 v\u0113rt\u012bba. Izmantot\u0101 triglicer\u012bdu forma \u013cauj organismam uz\u0146emt l\u012bdz pat 4 reiz\u0113m vair\u0101k omega-3 nek\u0101 parast\u0101 esteru forma. \u0160is uztura bag\u0101tin\u0101t\u0101js ir izstr\u0101d\u0101ts saska\u0146\u0101 ar visaugst\u0101kajiem kvalit\u0101tes standartiem un papildin\u0101ts ar dab\u012bgo antioksidantu E vitam\u012bnu, <strong>pal\u012bdz aizsarg\u0101t \u0161\u016bnas no oksidat\u012bv\u0101 stresa un nodro\u0161ina ilg\u0101ku akt\u012bvo sast\u0101vda\u013cu stabilit\u0101ti.<\/strong>. Ide\u0101li piem\u0113rots cilv\u0113kiem, kuri dz\u012bvo aiz\u0146emtu dz\u012bvi, daudz str\u0101d\u0101, vingro vai r\u016bp\u0113jas par sirds, smadze\u0146u un visa \u0137erme\u0146a vesel\u012bbu.<\/p>\n<p data-start=\"128\" data-end=\"429\"><strong data-start=\"820\" data-end=\"864\">K\u0101p\u0113c izv\u0113l\u0113ties SLAVIC LABS Omega-3?<\/strong><br data-start=\"864\" data-end=\"867\" \/>\u2714\ufe0f Liela deva: 1000 mg EPA un 500 mg DHA dien\u0101 (2 kapsulas).<br data-start=\"931\" data-end=\"934\" \/>\u2714\ufe0f Triglicer\u012bdu forma - l\u012bdz 4 reiz\u0113m lab\u0101ka uzs\u016bk\u0161an\u0101s nek\u0101 esteriem.<br data-start=\"1005\" data-end=\"1008\" \/>\u2714\ufe0f Bag\u0101tin\u0101ts ar E vitam\u012bnu - sp\u0113c\u012bg\u0101ka aizsardz\u012bba pret oksidat\u012bvo stresu.<br data-start=\"1076\" data-end=\"1079\" \/>\u2714\ufe0f Atbalsta smadze\u0146u darb\u012bbu, sirds darb\u012bbu un redzi.<br data-start=\"1134\" data-end=\"1137\" \/>\u2714\ufe0f Piem\u0113rots aiz\u0146emtam dz\u012bvesveidam, sportam un gados vec\u0101kiem cilv\u0113kiem.<\/p>","protected":false},"featured_media":33884,"comment_status":"open","ping_status":"closed","template":"","meta":{"_acf_changed":false},"product_brand":[455],"product_cat":[123,253,252,279,255,256,254],"product_tag":[],"class_list":{"0":"post-33864","1":"product","2":"type-product","3":"status-publish","4":"has-post-thumbnail","6":"product_brand-slavic-labs","7":"product_cat-papildai-ilgaamziskumui","8":"product_cat-imuniteto-palaikymas","9":"product_cat-imunitetui","10":"product_cat-kaulams-ir-sanariams","11":"product_cat-oksidacinio-streso-mazinimas","12":"product_cat-smegenims-ir-atminciai","13":"product_cat-uzdegimo-mazinimas","15":"first","16":"instock","17":"shipping-taxable","18":"purchasable","19":"product-type-simple"},"acf":[],"tiered_pricing_type":"fixed","tiered_pricing_fixed_rules":[],"tiered_pricing_product_settings":{"layout":"default","base_unit_name":{"singular":null,"plural":null},"default_variation":null},"tiered_pricing_minimum_quantity":null,"tiered_pricing_roles_data":[],"tiered_pricing_percentage_rules":[],"_links":{"self":[{"href":"https:\/\/purama.lt\/lv\/wp-json\/wp\/v2\/product\/33864","targetHints":{"allow":["GET"]}}],"collection":[{"href":"https:\/\/purama.lt\/lv\/wp-json\/wp\/v2\/product"}],"about":[{"href":"https:\/\/purama.lt\/lv\/wp-json\/wp\/v2\/types\/product"}],"replies":[{"embeddable":true,"href":"https:\/\/purama.lt\/lv\/wp-json\/wp\/v2\/comments?post=33864"}],"wp:featuredmedia":[{"embeddable":true,"href":"https:\/\/purama.lt\/lv\/wp-json\/wp\/v2\/media\/33884"}],"wp:attachment":[{"href":"https:\/\/purama.lt\/lv\/wp-json\/wp\/v2\/media?parent=33864"}],"wp:term":[{"taxonomy":"product_brand","embeddable":true,"href":"https:\/\/purama.lt\/lv\/wp-json\/wp\/v2\/product_brand?post=33864"},{"taxonomy":"product_cat","embeddable":true,"href":"https:\/\/purama.lt\/lv\/wp-json\/wp\/v2\/product_cat?post=33864"},{"taxonomy":"product_tag","embeddable":true,"href":"https:\/\/purama.lt\/lv\/wp-json\/wp\/v2\/product_tag?post=33864"}],"curies":[{"name":"wp","href":"https:\/\/api.w.org\/{rel}","templated":true}]}}