{"id":33862,"date":"2025-04-09T07:46:58","date_gmt":"2025-04-09T07:46:58","guid":{"rendered":"https:\/\/purama.lt\/produktas\/slavic-labs-chaga-201-detoksikacijos-papildas\/"},"modified":"2026-04-14T15:03:06","modified_gmt":"2026-04-14T13:03:06","slug":"slavic-labs-chaga-201-detoksikacijas-papildinajums","status":"publish","type":"product","link":"https:\/\/purama.lt\/lv\/produktas\/slavic-labs-chaga-201-detoksikacijos-papildas\/","title":{"rendered":"SLAVIC LABS Chaga 20:1 Detoksik\u0101cijas papildin\u0101jums"},"content":{"rendered":"<p><strong>K\u0101 lietot:<\/strong><br>Lietojiet 2 m\u0113rkarotes dien\u0101 (vakar\u0101). Iz\u0161\u0137\u012bdiniet 200 ml silta \u016bdens, t\u0113jas, kafijas vai iecien\u012bt\u0101k\u0101 koktei\u013ca. Ieteicams s\u0101kt ar maz\u0101ku devu un pak\u0101peniski palielin\u0101t, sekojot l\u012bdzi savai pa\u0161saj\u016btai. Bez pildviel\u0101m. Bez aromatiz\u0113t\u0101jiem - tikai dabas sp\u0113ks J\u016bsu organismam.<\/p>\n\n\n\n<p><strong>Sast\u0101vda\u013cas vien\u0101 dienas porcij\u0101:<\/strong><br>1000 mg \u010dagas s\u0113nes (Inonotus obliquus) ekstrakta, DER 20:1.<\/p>","protected":false},"excerpt":{"rendered":"<p class=\"\" data-start=\"102\" data-end=\"199\"><strong data-start=\"102\" data-end=\"199\">SLAVIC LABS Chaga 20:1 - dabisks sabiedrotais detoksik\u0101cijai, imunit\u0101tei un ilgm\u016b\u017e\u012bbai. <\/strong>Chaga 20:1 ir \u013coti koncentr\u0113ts <strong>\u010cagosas s\u0113ne (Inonotus obliquus)<\/strong> ekstrakts, kas paredz\u0113ts, lai pal\u012bdz\u0113tu j\u016bsu organismam<strong> c\u012bn\u0101s pret oksidat\u012bvo stresu, veicina dabisko detoksik\u0101ciju, stiprina im\u016bnsist\u0113mu un uztur \u0161\u016bnu vesel\u012bbu.<\/strong>. Ar DER attiec\u012bbu 20:1 katrs grams \u0161\u012b ekstrakta satur tikpat daudz k\u0101 200 gramus augstas kvalit\u0101tes neapstr\u0101d\u0101tas \u010dagas. \u0160\u012b s\u0113ne jau kop\u0161 seniem laikiem ir nov\u0113rt\u0113ta t\u0101s adaptog\u0113no, pretiekaisuma un antioksidantu \u012bpa\u0161\u012bbu d\u0113\u013c. T\u0101 pal\u012bdz organismam piel\u0101goties stresam, aizsarg\u0101 pret br\u012bvajiem radik\u0101\u013ciem un atbalsta iek\u0161\u0113jo org\u0101nu, \u012bpa\u0161i aknu un gremo\u0161anas sist\u0113mas darb\u012bbu.<\/p>\n<p class=\"\" data-start=\"822\" data-end=\"874\"><strong data-start=\"822\" data-end=\"874\">K\u0101p\u0113c izv\u0113l\u0113ties Chaga 20:1?<br \/><\/strong>\u2714\ufe0f <strong data-start=\"879\" data-end=\"914\">Augsta koncentr\u0101cija (DER 20:1)<\/strong> - maksim\u0101lais efekts no katras devas<br data-start=\"956\" data-end=\"959\" \/>\u2714\ufe0f <strong data-start=\"962\" data-end=\"984\">Patiesa dabiskums<\/strong> - bez m\u0101ksl\u012bg\u0101m piedev\u0101m, aromatiz\u0113t\u0101jiem un saldin\u0101t\u0101jiem.<br data-start=\"1030\" data-end=\"1033\" \/>\u2714\ufe0f <strong data-start=\"1036\" data-end=\"1059\">Viegli \u0161\u0137\u012bst<\/strong> - \u0112rti lietojams kop\u0101 ar iecien\u012bt\u0101kajiem dz\u0113rieniem<br data-start=\"1100\" data-end=\"1103\" \/>\u2714\ufe0f <strong data-start=\"1106\" data-end=\"1138\">Imunit\u0101tei un detoksik\u0101cijai<\/strong> - pal\u012bdz c\u012bn\u012bties pret oksidat\u012bvo stresu un veicina visp\u0101r\u0113jo labsaj\u016btu.<br data-start=\"1204\" data-end=\"1207\" data-is-only-node=\"\" \/>\u2714\ufe0f <strong data-start=\"1210\" data-end=\"1240\">No zieme\u013cu klimata me\u017eiem<\/strong> - tikai r\u016bp\u012bgi atlas\u012btu koku s\u0113nes<\/p>","protected":false},"featured_media":33889,"comment_status":"open","ping_status":"closed","template":"","meta":{"_acf_changed":false},"product_brand":[455],"product_cat":[123,266,253,252,267,255,500,254,264,265],"product_tag":[],"class_list":{"0":"post-33862","1":"product","2":"type-product","3":"status-publish","4":"has-post-thumbnail","6":"product_brand-slavic-labs","7":"product_cat-papildai-ilgaamziskumui","8":"product_cat-fermentai-ir-virskinimas","9":"product_cat-imuniteto-palaikymas","10":"product_cat-imunitetui","11":"product_cat-kepenu-detoksas","12":"product_cat-oksidacinio-streso-mazinimas","13":"product_cat-outlet","14":"product_cat-uzdegimo-mazinimas","15":"product_cat-virskinimui-ir-detoksui","16":"product_cat-zarnynas-ir-mikrobioma","18":"first","19":"instock","20":"sale","21":"shipping-taxable","22":"purchasable","23":"product-type-simple"},"acf":[],"tiered_pricing_type":"fixed","tiered_pricing_fixed_rules":[],"tiered_pricing_product_settings":{"layout":"default","base_unit_name":{"singular":null,"plural":null},"default_variation":null},"tiered_pricing_minimum_quantity":null,"tiered_pricing_roles_data":[],"tiered_pricing_percentage_rules":[],"_links":{"self":[{"href":"https:\/\/purama.lt\/lv\/wp-json\/wp\/v2\/product\/33862","targetHints":{"allow":["GET"]}}],"collection":[{"href":"https:\/\/purama.lt\/lv\/wp-json\/wp\/v2\/product"}],"about":[{"href":"https:\/\/purama.lt\/lv\/wp-json\/wp\/v2\/types\/product"}],"replies":[{"embeddable":true,"href":"https:\/\/purama.lt\/lv\/wp-json\/wp\/v2\/comments?post=33862"}],"wp:featuredmedia":[{"embeddable":true,"href":"https:\/\/purama.lt\/lv\/wp-json\/wp\/v2\/media\/33889"}],"wp:attachment":[{"href":"https:\/\/purama.lt\/lv\/wp-json\/wp\/v2\/media?parent=33862"}],"wp:term":[{"taxonomy":"product_brand","embeddable":true,"href":"https:\/\/purama.lt\/lv\/wp-json\/wp\/v2\/product_brand?post=33862"},{"taxonomy":"product_cat","embeddable":true,"href":"https:\/\/purama.lt\/lv\/wp-json\/wp\/v2\/product_cat?post=33862"},{"taxonomy":"product_tag","embeddable":true,"href":"https:\/\/purama.lt\/lv\/wp-json\/wp\/v2\/product_tag?post=33862"}],"curies":[{"name":"wp","href":"https:\/\/api.w.org\/{rel}","templated":true}]}}