{"id":33861,"date":"2025-04-09T07:46:57","date_gmt":"2025-04-09T07:46:57","guid":{"rendered":"https:\/\/purama.lt\/produktas\/slavic-labs-reishi-201-streso-valdymo-papildas\/"},"modified":"2026-02-03T16:10:47","modified_gmt":"2026-02-03T14:10:47","slug":"slavic-labs-reishi-201-stresa-vadibas-papildinajums","status":"publish","type":"product","link":"https:\/\/purama.lt\/lv\/produktas\/slavic-labs-reishi-201-streso-valdymo-papildas\/","title":{"rendered":"SLAVIC LABS Reishi 20:1 papildin\u0101jums stresa vad\u012bbai"},"content":{"rendered":"<p><strong>K\u0101 lietot:<\/strong><br>1-2 m\u0113rkarotes dien\u0101, iz\u0161\u0137\u012bdin\u0101t 200 ml silta \u016bdens, kafijas vai j\u016bsu iecien\u012bt\u0101k\u0101 dz\u0113riena. Ieteicams lietot vakar\u0101, lai maksim\u0101li atp\u016bstos.<br><br><strong>Sast\u0101vda\u013cas (dienas porcij\u0101):<\/strong><br>1000 mg Reishi (Ganoderma lucidum) ekstrakts DER 20:1, B6 vitam\u012bns.<\/p>","protected":false},"excerpt":{"rendered":"<p class=\"\" data-start=\"0\" data-end=\"405\"><strong data-start=\"268\" data-end=\"346\">SLAVIC LABS Reishi 20:1 ir dabiska reakcija uz stresu - kad pr\u0101ts ir noguris un \u0137ermenim nepiecie\u0161ams atjaunoties. <\/strong>SLAVIC LABS Reishi 20:1 ir \u013coti koncentr\u0113ts uztura bag\u0101tin\u0101t\u0101js, <strong>pal\u012bdz p\u0101rvald\u012bt stresu, stiprin\u0101t imunit\u0101ti un uztur\u0113t iek\u0161\u0113jo l\u012bdzsvaru.<\/strong>. DER 20:1 ekstraktu ieg\u016bst inovat\u012bv\u0101 \u016bdens un etanola ekstrakcijas proces\u0101, kas saglab\u0101 visas v\u0113rt\u012bg\u0101k\u0101s Ganoderma lucidum s\u0113nes \u012bpa\u0161\u012bbas.<\/p>\n<p class=\"\" data-start=\"407\" data-end=\"805\"><strong data-start=\"407\" data-end=\"438\">K\u0101p\u0113c izv\u0113l\u0113ties Reishi?<\/strong><br data-start=\"438\" data-end=\"441\" \/>\u2714\ufe0f Sp\u0113c\u012bgs stresa vad\u012bbas l\u012bdzeklis - pal\u012bdz atsl\u0101bin\u0101ties un saglab\u0101t emocion\u0101lo l\u012bdzsvaru.<br data-start=\"526\" data-end=\"529\" \/>\u2714\ufe0f Imunit\u0101tes veido\u0161ana - organisma dabisk\u0101 iztur\u012bba.<br data-start=\"596\" data-end=\"599\" \/>\u2714\ufe0f Atbalsta kvalitat\u012bvu miegu un atvese\u013co\u0161anos no stresa.<br data-start=\"651\" data-end=\"654\" data-is-only-node=\"\" \/>\u2714\ufe0f Piem\u0113rots vec\u0101kiem cilv\u0113kiem ar gar\u012bgo darbu vai nogurumu.<br data-start=\"739\" data-end=\"742\" \/>\u2714\ufe0f Papildina uzturu bez m\u0101ksl\u012bg\u0101m piedev\u0101m - tikai tas, kas darbojas<\/p>","protected":false},"featured_media":33882,"comment_status":"open","ping_status":"closed","template":"","meta":{"_acf_changed":false},"product_brand":[455],"product_cat":[123,253,252,122,255,269,254],"product_tag":[],"class_list":{"0":"post-33861","1":"product","2":"type-product","3":"status-publish","4":"has-post-thumbnail","6":"product_brand-slavic-labs","7":"product_cat-papildai-ilgaamziskumui","8":"product_cat-imuniteto-palaikymas","9":"product_cat-imunitetui","10":"product_cat-lasteliu-jaunystei","11":"product_cat-oksidacinio-streso-mazinimas","12":"product_cat-stresui-ir-miegui","13":"product_cat-uzdegimo-mazinimas","15":"first","16":"instock","17":"shipping-taxable","18":"purchasable","19":"product-type-simple"},"acf":[],"tiered_pricing_type":"fixed","tiered_pricing_fixed_rules":[],"tiered_pricing_product_settings":{"layout":"default","base_unit_name":{"singular":null,"plural":null},"default_variation":null},"tiered_pricing_minimum_quantity":null,"tiered_pricing_roles_data":[],"tiered_pricing_percentage_rules":[],"_links":{"self":[{"href":"https:\/\/purama.lt\/lv\/wp-json\/wp\/v2\/product\/33861","targetHints":{"allow":["GET"]}}],"collection":[{"href":"https:\/\/purama.lt\/lv\/wp-json\/wp\/v2\/product"}],"about":[{"href":"https:\/\/purama.lt\/lv\/wp-json\/wp\/v2\/types\/product"}],"replies":[{"embeddable":true,"href":"https:\/\/purama.lt\/lv\/wp-json\/wp\/v2\/comments?post=33861"}],"wp:featuredmedia":[{"embeddable":true,"href":"https:\/\/purama.lt\/lv\/wp-json\/wp\/v2\/media\/33882"}],"wp:attachment":[{"href":"https:\/\/purama.lt\/lv\/wp-json\/wp\/v2\/media?parent=33861"}],"wp:term":[{"taxonomy":"product_brand","embeddable":true,"href":"https:\/\/purama.lt\/lv\/wp-json\/wp\/v2\/product_brand?post=33861"},{"taxonomy":"product_cat","embeddable":true,"href":"https:\/\/purama.lt\/lv\/wp-json\/wp\/v2\/product_cat?post=33861"},{"taxonomy":"product_tag","embeddable":true,"href":"https:\/\/purama.lt\/lv\/wp-json\/wp\/v2\/product_tag?post=33861"}],"curies":[{"name":"wp","href":"https:\/\/api.w.org\/{rel}","templated":true}]}}