{"id":33860,"date":"2025-04-09T07:46:57","date_gmt":"2025-04-09T07:46:57","guid":{"rendered":"https:\/\/purama.lt\/produktas\/slavic-labs-cordyceps-der-201-energijos-ir-istvermes-papildas\/"},"modified":"2026-04-14T14:59:59","modified_gmt":"2026-04-14T12:59:59","slug":"slavic-labs-kordyceps-der-201-energijas-un-speka-papildinajums","status":"publish","type":"product","link":"https:\/\/purama.lt\/lv\/produktas\/slavic-labs-cordyceps-der-201-energijos-ir-istvermes-papildas\/","title":{"rendered":"SLAVIC LABS Cordyceps DER 20:1 Ener\u0123ijas un iztur\u012bbas papildin\u0101jums"},"content":{"rendered":"<p><strong>Lieto\u0161ana:<\/strong><br>Lietojiet 1-2 m\u0113rkarotes vienu reizi dien\u0101. Iz\u0161\u0137\u012bdiniet 200 ml \u016bdens, kafijas vai cita iecien\u012bta dz\u0113riena. Ieteicams lietot dienas pirmaj\u0101 pus\u0113.<br><br><strong>Sast\u0101vs (dienas deva):<\/strong> 1000 mg Cordyceps sinensis ekstrakta (DER 20:1), B6 vitam\u012bns.<\/p>","protected":false},"excerpt":{"rendered":"<p class=\"\" data-start=\"69\" data-end=\"138\"><strong data-start=\"69\" data-end=\"138\">SLAVIC LABS Cordyceps 20:1 - Ener\u0123ijai, iztur\u012bbai un vitalit\u0101tei <\/strong>- ir augstas koncentr\u0101cijas (DER 20:1) Kordicepsas s\u0113\u0146u ekstrakts, kas ieg\u016bts modern\u0101 \u016bdens-etanola ekstrakcijas proces\u0101. \u0160\u012b metode \u013cauj saglab\u0101t maksim\u0101lo biolo\u0123iski akt\u012bvo vielu spektru, piem\u0113ram, kordycep\u012bnu, polisahar\u012bdus un ster\u012bnus. \u0160o uztura bag\u0101tin\u0101t\u0101ju \u012bpa\u0161i nov\u0113rt\u0113 sportisti, fiziski akt\u012bvi cilv\u0113ki un tie, kuri str\u0101d\u0101 gar\u012bgu darbu vai izj\u016bt ener\u0123ijas tr\u016bkumu. Kordicepss ir ide\u0101li piem\u0113rots ar\u012b gados vec\u0101kiem cilv\u0113kiem un ikvienam, kas v\u0113las dab\u012bg\u0101 veid\u0101 atbalst\u012bt organisma iztur\u012bbu un vitalit\u0101ti. Kordicepss 20:1 <strong>pal\u012bdz uztur\u0113t fizisko iztur\u012bbu, veicina sk\u0101bek\u013ca izmanto\u0161anu \u0161\u016bn\u0101s un veicina vesel\u012bgu ener\u0123ijas vielmai\u0146u. Kop\u0101 ar B6 vitam\u012bnu \u0161is papildin\u0101jums pal\u012bdz nervu sist\u0113mai, mazina nogurumu un veicina norm\u0101lu psiholo\u0123isko darb\u012bbu.<\/strong>. <\/p>\n<p><strong data-start=\"132\" data-end=\"186\"> K\u0101p\u0113c izv\u0113l\u0113ties Kordicepss 20: 1?<br \/><\/strong>\u2714\ufe0f <strong data-start=\"191\" data-end=\"227\">Augsta koncentr\u0101cija (DER 20:1):<\/strong> No 20 g izejvielas - 1 g ekstrakta maksim\u0101li efekt\u012bvai formulai.<br data-start=\"294\" data-end=\"297\" \/>\u2714\ufe0f <strong data-start=\"300\" data-end=\"325\">Ener\u0123\u0113tiskais atbalsts:<\/strong> Dabiski veicina iztur\u012bbu, fizisko veiktsp\u0113ju un sk\u0101bek\u013ca uz\u0146em\u0161anu.<br data-start=\"395\" data-end=\"398\" data-is-only-node=\"\" \/>\u2714\ufe0f <strong data-start=\"401\" data-end=\"420\">Smadze\u0146u darb\u012bba:<\/strong> Pal\u012bdz uztur\u0113t pr\u0101ta skaidr\u012bbu, koncentr\u0113\u0161an\u0101s sp\u0113jas un c\u012bn\u012bties pret nogurumu.<br data-start=\"491\" data-end=\"494\" \/>\u2714\ufe0f <strong data-start=\"497\" data-end=\"514\">B6 vitam\u012bns:<\/strong> Atbalsta norm\u0101lu nervu sist\u0113mas darb\u012bbu un ener\u0123ijas vielmai\u0146u<br data-start=\"575\" data-end=\"578\" \/>\u2714\ufe0f <strong data-start=\"581\" data-end=\"621\">Ide\u0101la izv\u0113le sporta entuziastiem:<\/strong> Piem\u0113rots gan fiziska, gan psiholo\u0123iska stresa gad\u012bjum\u0101<br data-start=\"670\" data-end=\"673\" \/>\u2714\ufe0f <strong data-start=\"676\" data-end=\"700\">Nav m\u0101ksl\u012bgo piedevu:<\/strong> Tikai dab\u012bgas sast\u0101vda\u013cas - bez pildviel\u0101m vai sint\u0113tisk\u0101m viel\u0101m<\/p>","protected":false},"featured_media":33888,"comment_status":"open","ping_status":"closed","template":"","meta":{"_acf_changed":false},"product_brand":[455],"product_cat":[123,261,260,263,262,500],"product_tag":[],"class_list":{"0":"post-33860","1":"product","2":"type-product","3":"status-publish","4":"has-post-thumbnail","6":"product_brand-slavic-labs","7":"product_cat-papildai-ilgaamziskumui","8":"product_cat-cukraus-balansas","9":"product_cat-energijai-ir-apykaitai","10":"product_cat-fizine-istverme","11":"product_cat-medziagu-apykaita","12":"product_cat-outlet","14":"first","15":"instock","16":"sale","17":"shipping-taxable","18":"purchasable","19":"product-type-variable"},"acf":[],"tiered_pricing_type":"fixed","tiered_pricing_fixed_rules":[],"tiered_pricing_product_settings":{"layout":"default","base_unit_name":{"singular":null,"plural":null},"default_variation":null},"tiered_pricing_minimum_quantity":null,"tiered_pricing_roles_data":[],"tiered_pricing_percentage_rules":[],"_links":{"self":[{"href":"https:\/\/purama.lt\/lv\/wp-json\/wp\/v2\/product\/33860","targetHints":{"allow":["GET"]}}],"collection":[{"href":"https:\/\/purama.lt\/lv\/wp-json\/wp\/v2\/product"}],"about":[{"href":"https:\/\/purama.lt\/lv\/wp-json\/wp\/v2\/types\/product"}],"replies":[{"embeddable":true,"href":"https:\/\/purama.lt\/lv\/wp-json\/wp\/v2\/comments?post=33860"}],"wp:featuredmedia":[{"embeddable":true,"href":"https:\/\/purama.lt\/lv\/wp-json\/wp\/v2\/media\/33888"}],"wp:attachment":[{"href":"https:\/\/purama.lt\/lv\/wp-json\/wp\/v2\/media?parent=33860"}],"wp:term":[{"taxonomy":"product_brand","embeddable":true,"href":"https:\/\/purama.lt\/lv\/wp-json\/wp\/v2\/product_brand?post=33860"},{"taxonomy":"product_cat","embeddable":true,"href":"https:\/\/purama.lt\/lv\/wp-json\/wp\/v2\/product_cat?post=33860"},{"taxonomy":"product_tag","embeddable":true,"href":"https:\/\/purama.lt\/lv\/wp-json\/wp\/v2\/product_tag?post=33860"}],"curies":[{"name":"wp","href":"https:\/\/api.w.org\/{rel}","templated":true}]}}