{"id":33859,"date":"2025-04-09T07:46:57","date_gmt":"2025-04-09T07:46:57","guid":{"rendered":"https:\/\/purama.lt\/produktas\/slavic-labs-lions-mane-201-kognityvinis-papildas\/"},"modified":"2026-04-14T14:58:29","modified_gmt":"2026-04-14T12:58:29","slug":"slavu-laboratorijas-lions-me-201-kognitivais-papildinajums","status":"publish","type":"product","link":"https:\/\/purama.lt\/lv\/produktas\/slavic-labs-lions-mane-201-kognityvinis-papildas\/","title":{"rendered":"SLAVIC LABS Lion's mane 20:1 Kognit\u012bvais papildin\u0101jums"},"content":{"rendered":"<p><strong>Pat\u0113ri\u0146\u0161:<\/strong><br>1-2 m\u0113rkarotes dien\u0101, iz\u0161\u0137\u012bdin\u0101t 200 ml \u016bdens, kafijas vai cita iecien\u012bta dz\u0113riena. Ieteicams lietot no r\u012bta, lai pal\u012bdz\u0113tu saglab\u0101t koncentr\u0113\u0161anos un dz\u012bvesprieku visas dienas garum\u0101.<\/p>\n\n\n\n<p><strong>Sast\u0101vda\u013cas (dienas porcija):<\/strong><br>1000 mg Lion's Mane s\u0113\u0146u ekstrakts (DER 20:1), B6 vitam\u012bns.<\/p>","protected":false},"excerpt":{"rendered":"<p class=\"\" data-start=\"137\" data-end=\"229\"><strong data-start=\"137\" data-end=\"229\">SLAVIC LABS Lion's Mane 20:1 - Kognit\u012bvais papildin\u0101jums smadze\u0146u un zarnu vesel\u012bbai. <\/strong>Vai mekl\u0113jat dabisku veidu, k\u0101 stiprin\u0101t atmi\u0146u, koncentr\u0113\u0161an\u0101s sp\u0113jas un nervu sist\u0113mu? \u201eSLAVIC LABS Lion's Mane 20:1\u201c ir augsti koncentr\u0113ts Lion's Mane s\u0113nes (Hericium erinaceus) ekstrakts, kas veicina kognit\u012bv\u0101s funkcijas, zarnu darb\u012bbu un visp\u0101r\u0113jo labsaj\u016btu. Ekstrah\u0113ts, izmantojot modernu \u016bdens-spirta ekstrakcijas metodi, tas izce\u013cas ar iev\u0113rojamu t\u012br\u012bbu un maksim\u0101lu akt\u012bvo vielu saglab\u0101\u0161anu. Neatkar\u012bgi laboratorijas p\u0113t\u012bjumi ir apstiprin\u0101ju\u0161i, ka pat <strong data-start=\"687\" data-end=\"711\">29,7 % beta-glik\u0101ns<\/strong> koncentr\u0101ciju - pat par 50 % vair\u0101k nek\u0101 liel\u0101k\u0101 da\u013ca citu tirg\u016b pieejamo uztura bag\u0101tin\u0101t\u0101ju. Turkl\u0101t ekstrakt\u0101 saglab\u0101ti dabiskie savienojumi. <strong data-start=\"838\" data-end=\"851\">hericons<\/strong> un <strong data-start=\"855\" data-end=\"869\">erinacins<\/strong>, kas kop\u0101 ar B6 vitam\u012bnu veicina nervu sist\u0113mas darb\u012bbu un ener\u0123ijas vielmai\u0146u. <\/p>\n<p><strong data-start=\"1198\" data-end=\"1256\">K\u0101p\u0113c izv\u0113l\u0113ties Lion's Mane 20:1 no SLAVIC LABS?<\/strong><br data-start=\"1256\" data-end=\"1259\" \/>\u2714\ufe0f 20:1 koncentr\u0101cija - sp\u0113c\u012bga akt\u012bvo sast\u0101vda\u013cu deva.<br data-start=\"1313\" data-end=\"1316\" \/>\u2714\ufe0f 29.7 % beta-glik\u0101ns - galvenais kognit\u012bvo funkciju atbalsta avots<br data-start=\"1383\" data-end=\"1386\" \/>\u2714\ufe0f Ar B6 vitam\u012bnu - nervu sist\u0113mai un ener\u0123ijai<br data-start=\"1433\" data-end=\"1436\" \/>\u2714\ufe0f Herikoni un erinac\u012bni - v\u0113rt\u012bgi neirotransmiteru veicin\u0101t\u0101ji.<br data-start=\"1502\" data-end=\"1505\" \/>\u2714\ufe0f Nav pildvielu vai m\u0101ksl\u012bgo piedevu.<\/p>","protected":false},"featured_media":33886,"comment_status":"open","ping_status":"closed","template":"","meta":{"_acf_changed":false},"product_brand":[455],"product_cat":[123,257,259,500,256,258],"product_tag":[],"class_list":{"0":"post-33859","1":"product","2":"type-product","3":"status-publish","4":"has-post-thumbnail","6":"product_brand-slavic-labs","7":"product_cat-papildai-ilgaamziskumui","8":"product_cat-atmintis-ir-demesys","9":"product_cat-nuotaika-ir-stresas","10":"product_cat-outlet","11":"product_cat-smegenims-ir-atminciai","12":"product_cat-smegenu-apsauga","14":"first","15":"instock","16":"sale","17":"shipping-taxable","18":"purchasable","19":"product-type-variable"},"acf":[],"tiered_pricing_type":"fixed","tiered_pricing_fixed_rules":[],"tiered_pricing_product_settings":{"layout":"default","base_unit_name":{"singular":null,"plural":null},"default_variation":null},"tiered_pricing_minimum_quantity":null,"tiered_pricing_roles_data":[],"tiered_pricing_percentage_rules":[],"_links":{"self":[{"href":"https:\/\/purama.lt\/lv\/wp-json\/wp\/v2\/product\/33859","targetHints":{"allow":["GET"]}}],"collection":[{"href":"https:\/\/purama.lt\/lv\/wp-json\/wp\/v2\/product"}],"about":[{"href":"https:\/\/purama.lt\/lv\/wp-json\/wp\/v2\/types\/product"}],"replies":[{"embeddable":true,"href":"https:\/\/purama.lt\/lv\/wp-json\/wp\/v2\/comments?post=33859"}],"wp:featuredmedia":[{"embeddable":true,"href":"https:\/\/purama.lt\/lv\/wp-json\/wp\/v2\/media\/33886"}],"wp:attachment":[{"href":"https:\/\/purama.lt\/lv\/wp-json\/wp\/v2\/media?parent=33859"}],"wp:term":[{"taxonomy":"product_brand","embeddable":true,"href":"https:\/\/purama.lt\/lv\/wp-json\/wp\/v2\/product_brand?post=33859"},{"taxonomy":"product_cat","embeddable":true,"href":"https:\/\/purama.lt\/lv\/wp-json\/wp\/v2\/product_cat?post=33859"},{"taxonomy":"product_tag","embeddable":true,"href":"https:\/\/purama.lt\/lv\/wp-json\/wp\/v2\/product_tag?post=33859"}],"curies":[{"name":"wp","href":"https:\/\/api.w.org\/{rel}","templated":true}]}}