{"id":33853,"date":"2025-04-09T07:46:55","date_gmt":"2025-04-09T07:46:55","guid":{"rendered":"https:\/\/purama.lt\/produktas\/lapcos-retinolio-odos-atnaujinimo-kauke\/"},"modified":"2026-04-10T13:03:27","modified_gmt":"2026-04-10T11:03:27","slug":"lapcos-retinola-atjaunojosa-maska-adai","status":"publish","type":"product","link":"https:\/\/purama.lt\/lv\/produktas\/lapcos-retinolio-odos-atnaujinimo-kauke\/","title":{"rendered":"LAPCOS Retinola \u0101das atjauno\u0161anas maska"},"content":{"rendered":"<p><strong>K\u0101 lietot:<\/strong><br>Vakar\u0101 uzkl\u0101jiet masku uz t\u012bras \u0101das. Atst\u0101jiet uz sejas uz 15-20 min\u016bt\u0113m, p\u0113c tam no\u0146emiet un maigi iemas\u0113jiet atliku\u0161o serumu. Ieteicams s\u0101kt ar 1 reizi ned\u0113\u013c\u0101 un pak\u0101peniski palielin\u0101t l\u012bdz 3-4 reiz\u0113m ned\u0113\u013c\u0101, sekojot \u0101das reakcijai. No r\u012bta nomazg\u0101jiet seju un noteikti uzkl\u0101jiet SPF.<br><br><strong>Sast\u0101vs:<\/strong> \u016adens, liposom\u0101lais retin\u0101ls, pienenes ekstrakts, zil\u0101s agaves ekstrakts, sojas ekstrakts, adenoz\u012bns, acetilheksapept\u012bds-8, hialuronsk\u0101be, kolag\u0113ns, azi\u0101tu centella, kumel\u012b\u0161u ekstrakts.<\/p>","protected":false},"excerpt":{"rendered":"<p class=\"\" data-start=\"0\" data-end=\"102\"><strong data-start=\"0\" data-end=\"43\">LAPCOS Retinola atjaunojo\u0161a maska \u0101dai - o<\/strong><strong data-start=\"46\" data-end=\"102\">atjauno\u0161anas un jaun\u012bbas mirdzuma ritu\u0101ls. <\/strong>Atkl\u0101jiet maigu, bet \u013coti efekt\u012bvu veidu, k\u0101 atjaunot \u0101du ar LAPCOS retinola masku - modernu, bet \u013coti efekt\u012bvu l\u012bdzekli, kas <strong>PT \u0161\u016bna<\/strong> loksnes maska, kas bag\u0101tin\u0101ta ar patent\u0113tu liposom\u0101lo retin\u0101lu (100 iU\/g) un piene\u0146u ekstraktu. Maska pal\u012bdz samazin\u0101t s\u012bk\u0101s grumbi\u0146as, izl\u012bdzina \u0101das strukt\u016bru, nostiprina un atjauno \u0101das dabisko mirdzumu.<\/p>\n<p class=\"\" data-start=\"427\" data-end=\"849\"><strong data-start=\"427\" data-end=\"453\">K\u0101p\u0113c tev vajadz\u0113tu to izm\u0113\u0123in\u0101t:<br \/><\/strong> \u2714\ufe0f Jaud\u012bgs, bet saudz\u012bgs retinols - retin\u0101ls darbojas \u0101tr\u0101k un sp\u0113c\u012bg\u0101k nek\u0101 parastais retinols, nekairinot \u0101du.<br data-start=\"571\" data-end=\"574\" \/>\u2714\ufe0f Izl\u012bdzina s\u012bk\u0101s grumbi\u0146as un poras - stimul\u0113 \u0161\u016bnu atjauno\u0161anos.<br data-start=\"645\" data-end=\"648\" \/>\u2714\ufe0f Mitrina un nomierina - zil\u0101s agaves, sojas un pienenes ekstrakti mazina kairin\u0101jumu un nodro\u0161ina ilgsto\u0161u mitrin\u0101\u0161anu.<br data-start=\"759\" data-end=\"762\" data-is-only-node=\"\" \/>\u2714\ufe0f Biolo\u0123iski no\u0101rd\u0101ms audums - m\u012bksts materi\u0101ls, kas lieliski piel\u0101gojas sejas kont\u016br\u0101m.<\/p>","protected":false},"featured_media":33894,"comment_status":"open","ping_status":"closed","template":"","meta":{"_acf_changed":false},"product_brand":[434],"product_cat":[142,92,59],"product_tag":[],"class_list":{"0":"post-33853","1":"product","2":"type-product","3":"status-publish","4":"has-post-thumbnail","6":"product_brand-lapcos","7":"product_cat-veido-kaukes","8":"product_cat-groziui","9":"product_cat-veidui","11":"first","12":"instock","13":"shipping-taxable","14":"purchasable","15":"product-type-simple"},"acf":[],"tiered_pricing_type":"fixed","tiered_pricing_fixed_rules":[],"tiered_pricing_product_settings":{"layout":"default","base_unit_name":{"singular":null,"plural":null},"default_variation":null},"tiered_pricing_minimum_quantity":null,"tiered_pricing_roles_data":[],"tiered_pricing_percentage_rules":[],"_links":{"self":[{"href":"https:\/\/purama.lt\/lv\/wp-json\/wp\/v2\/product\/33853","targetHints":{"allow":["GET"]}}],"collection":[{"href":"https:\/\/purama.lt\/lv\/wp-json\/wp\/v2\/product"}],"about":[{"href":"https:\/\/purama.lt\/lv\/wp-json\/wp\/v2\/types\/product"}],"replies":[{"embeddable":true,"href":"https:\/\/purama.lt\/lv\/wp-json\/wp\/v2\/comments?post=33853"}],"wp:featuredmedia":[{"embeddable":true,"href":"https:\/\/purama.lt\/lv\/wp-json\/wp\/v2\/media\/33894"}],"wp:attachment":[{"href":"https:\/\/purama.lt\/lv\/wp-json\/wp\/v2\/media?parent=33853"}],"wp:term":[{"taxonomy":"product_brand","embeddable":true,"href":"https:\/\/purama.lt\/lv\/wp-json\/wp\/v2\/product_brand?post=33853"},{"taxonomy":"product_cat","embeddable":true,"href":"https:\/\/purama.lt\/lv\/wp-json\/wp\/v2\/product_cat?post=33853"},{"taxonomy":"product_tag","embeddable":true,"href":"https:\/\/purama.lt\/lv\/wp-json\/wp\/v2\/product_tag?post=33853"}],"curies":[{"name":"wp","href":"https:\/\/api.w.org\/{rel}","templated":true}]}}