{"id":33819,"date":"2025-04-07T07:42:32","date_gmt":"2025-04-07T07:42:32","guid":{"rendered":"https:\/\/purama.lt\/produktas\/medicube-pdrn-pink-peptide-serum-veido-serumas\/"},"modified":"2026-04-10T13:03:27","modified_gmt":"2026-04-10T11:03:27","slug":"medicube-pdrn-roza-peptidu-serums-sejas-serums","status":"publish","type":"product","link":"https:\/\/purama.lt\/lv\/produktas\/medicube-pdrn-pink-peptide-serum-veido-serumas\/","title":{"rendered":"Medicube PDRN Roz\u0101 pept\u012bdu serums sejas serums"},"content":{"rendered":"<p><strong>Lieto\u0161ana:<\/strong><br>Uzkl\u0101jiet da\u017eus pilienus seruma uz t\u012bras, toniz\u0113tas \u0101das. Viegli iemas\u0113jiet, lai pal\u012bdz\u0113tu uzs\u016bkties. Lietojiet no r\u012bta un\/vai vakar\u0101.<\/p>\n\n\n\n<p><strong>Sast\u0101vs:<\/strong> \u016adens, niac\u012bnam\u012bds, hidroliz\u0113ts kolag\u0113ns, n\u0101trija DNS (PDRN), miltu ekstrakts, pept\u012bdi (vara tripept\u012bds-1, acetilheksapept\u012bds-8, palmitoilpept\u012bdi), hialuronsk\u0101be, glicer\u012bns, koenz\u012bms Q10 (ubikvinons), adenoz\u012bns, atelokolag\u0113ns, la\u0161a ikru ekstrakts, cianokobalam\u012bns (Vit. B12), dab\u012bgie augu ekstrakti (sv\u0113tais baziliks, kurkuma, n\u012bma lapas un ziedi, sarkan\u0101s a\u013c\u0123es), aromatiz\u0113t\u0101ji.<br><br>Vai mekl\u0113jat vair\u0101k? Apskatiet visu <a href=\"\/lv\/produktu-etiketes\/medicube\/\">Medicube sortimentu<\/a>.<\/p>\n\n\n\n<p><\/p>","protected":false},"excerpt":{"rendered":"<p class=\"\" data-start=\"0\" data-end=\"127\"><strong data-start=\"0\" data-end=\"127\">Medicube PDRN roz\u0101 pept\u012bdu serums - <\/strong>Intens\u012bvi atjaunojo\u0161s serums mirdzo\u0161ai, tvirtai un mitrino\u0161ai \u0101dai. Atkl\u0101jiet \u012bpa\u0161i koncentr\u0113tas \u0101das atjauno\u0161anas sp\u0113ku ar <em data-start=\"188\" data-end=\"222\">Medicube PDRN roz\u0101 pept\u012bdu serums<\/em>. \u0160is inovat\u012bvais sejas serums ir bag\u0101tin\u0101ts ar pat <strong data-start=\"270\" data-end=\"296\">10 000 ppm la\u0161a PDRN<\/strong> - akt\u012bv\u0101 viela, kas pal\u012bdz stimul\u0113t \u0161\u016bnu atjauno\u0161anos, atjaunot \u0101das aizsargbarjeru un uzlabot t\u0101s elast\u012bbu. Unik\u0101ls <strong data-start=\"424\" data-end=\"454\">pept\u012bdi un la\u0161a kolag\u0113ns<\/strong> komplekss, ko papildina <strong data-start=\"478\" data-end=\"556\">hialuronsk\u0101be, Q10 koenz\u012bms un tulsi (Ocimum Tenuiflorum) ekstrakts.<\/strong>, Tas intens\u012bvi mitrina, nomierina kairin\u0101tu \u0101du un samazina pigmenta plankumus. Nelip\u012bg\u0101 tekst\u016bra \u0101tri ies\u016bcas, neatst\u0101jot taukainu k\u0101rti\u0146u un diskomforta saj\u016btu. \u0160is serums ne tikai <strong data-start=\"738\" data-end=\"765\">stiprina \u0101das strukt\u016bru<\/strong> un pasarg\u0101 no \u0101r\u0113j\u0101s iedarb\u012bbas, k\u0101 ar\u012b pie\u0161\u0137ir sejai <strong data-start=\"821\" data-end=\"861\">vitalit\u0101ti un dabisko mirdzumu.<\/strong>. Ide\u0101li piem\u0113rots jut\u012bgai, noguru\u0161ai vai nobriedu\u0161ai \u0101dai, kurai nepiecie\u0161ama papildu kop\u0161ana un re\u0123ener\u0101cija. <\/p>\n<p><strong>K\u0101p\u0113c izv\u0113l\u0113ties?<\/strong> <br \/>\u2714\ufe0f Stimul\u0113 \u0101das dabisko atjauno\u0161anos un elast\u012bbu.<br data-start=\"138\" data-end=\"141\" \/>\u2714\ufe0f Nostiprina boj\u0101to \u0101das barjeru no iek\u0161puses.<br data-start=\"184\" data-end=\"187\" \/>\u2714\ufe0f Samazina grumbas un izl\u012bdzina \u0101das virsmu.<br data-start=\"229\" data-end=\"232\" \/>\u2714\ufe0f Nomierina kairin\u0101tu \u0101du un mitrina.<br data-start=\"267\" data-end=\"270\" \/>\u2714\ufe0f Uzlabo citu instrumentu izmanto\u0161anu.<\/p>","protected":false},"featured_media":33814,"comment_status":"open","ping_status":"closed","template":"","meta":{"_acf_changed":false},"product_brand":[438],"product_cat":[56,92,59],"product_tag":[],"class_list":{"0":"post-33819","1":"product","2":"type-product","3":"status-publish","4":"has-post-thumbnail","6":"product_brand-medicube","7":"product_cat-veido-serumai","8":"product_cat-groziui","9":"product_cat-veidui","11":"first","12":"instock","13":"shipping-taxable","14":"purchasable","15":"product-type-simple"},"acf":[],"tiered_pricing_type":"fixed","tiered_pricing_fixed_rules":[],"tiered_pricing_product_settings":{"layout":"default","base_unit_name":{"singular":null,"plural":null},"default_variation":null},"tiered_pricing_minimum_quantity":null,"tiered_pricing_roles_data":[],"tiered_pricing_percentage_rules":[],"_links":{"self":[{"href":"https:\/\/purama.lt\/lv\/wp-json\/wp\/v2\/product\/33819","targetHints":{"allow":["GET"]}}],"collection":[{"href":"https:\/\/purama.lt\/lv\/wp-json\/wp\/v2\/product"}],"about":[{"href":"https:\/\/purama.lt\/lv\/wp-json\/wp\/v2\/types\/product"}],"replies":[{"embeddable":true,"href":"https:\/\/purama.lt\/lv\/wp-json\/wp\/v2\/comments?post=33819"}],"wp:featuredmedia":[{"embeddable":true,"href":"https:\/\/purama.lt\/lv\/wp-json\/wp\/v2\/media\/33814"}],"wp:attachment":[{"href":"https:\/\/purama.lt\/lv\/wp-json\/wp\/v2\/media?parent=33819"}],"wp:term":[{"taxonomy":"product_brand","embeddable":true,"href":"https:\/\/purama.lt\/lv\/wp-json\/wp\/v2\/product_brand?post=33819"},{"taxonomy":"product_cat","embeddable":true,"href":"https:\/\/purama.lt\/lv\/wp-json\/wp\/v2\/product_cat?post=33819"},{"taxonomy":"product_tag","embeddable":true,"href":"https:\/\/purama.lt\/lv\/wp-json\/wp\/v2\/product_tag?post=33819"}],"curies":[{"name":"wp","href":"https:\/\/api.w.org\/{rel}","templated":true}]}}