{"id":33818,"date":"2025-04-07T07:42:31","date_gmt":"2025-04-07T07:42:31","guid":{"rendered":"https:\/\/purama.lt\/produktas\/medicube-collagen-glow-booster-serum-veido-serumas\/"},"modified":"2026-04-10T13:03:27","modified_gmt":"2026-04-10T11:03:27","slug":"medicube-kolagena-mirdzuma-stiprinasanas-serums-sejas-serums","status":"publish","type":"product","link":"https:\/\/purama.lt\/lv\/produktas\/medicube-collagen-glow-booster-serum-veido-serumas\/","title":{"rendered":"Medicube Kolag\u0113na mirdzumu pastiprino\u0161s sejas serums Medicube Collagen Glow Booster Serum"},"content":{"rendered":"<p><strong>Lieto\u0161ana:<\/strong><br>Pagrieziet serumu pa kreisi, lai atv\u0113rtu. Nospiediet s\u016bkni un uzkl\u0101jiet nelielu daudzumu uz sejas. Viegli iemas\u0113jiet, lai pal\u012bdz\u0113tu uzs\u016bkties. Kad s\u016bknis ir gatavs, pagrieziet pa labi, lai aizv\u0113rtu. Lietojiet no r\u012bta un vakar\u0101.<\/p>\n\n\n\n<p><strong>Sast\u0101vs:<\/strong> \u016adens, piena olbaltumvielu ekstrakts, butil\u0113nglikols, 1,2-heks\u0101ndiols, etilheksilglicer\u012bns, glicer\u012bns, dikapril\u0113teris, tokoferols (E vitam\u012bns), izononilizonano\u0101ts, dipropil\u0113nglikols, C9-12 alk\u0101ni, poligliceril-4-ole\u0101ts, poligliceril-3-poliricinole\u0101ts, PEG-30 dipolihidroksistear\u0101ts, kolag\u0113ns, magnija sulf\u0101ts un niacinam\u012bds (B3 vitam\u012bns), \u0161\u0137\u012bsto\u0161s proteoglik\u0101ns, chlorella vulgaris ekstrakts, glikoze, fruktooligosahar\u012bdi, fruktoze, kaprilic\/kapric triglicer\u012bdi, hidrogen\u0113ts lecit\u012bns, keram\u012bds NP, beta-glik\u0101ns, hidroliz\u0113ts elast\u012bns, aromatiz\u0113t\u0101ji, kaprilglikols, adenoz\u012bns, hidroksipropiltrimonija hialuron\u0101ts, n\u0101trija DNS, heksapept\u012bds-2, biot\u012bns (B7 vitam\u012bns).<\/p>","protected":false},"excerpt":{"rendered":"<p class=\"\" data-start=\"87\" data-end=\"503\"><strong>Medicube kolag\u0113na mirdzuma pastiprin\u0101t\u0101js<\/strong> - ir uzlabots sejas serums ar dzi\u013ci uzs\u016bco\u0161u kolag\u0113nu un cit\u0101m akt\u012bvaj\u0101m sast\u0101vda\u013c\u0101m, kas atjaunos \u0101das elast\u012bbu un pie\u0161\u0137irs tai dabisku mirdzumu. Inovat\u012bv\u0101 bl\u012bvuma tehnolo\u0123ija nodro\u0161ina sp\u0113c\u012bgu akt\u012bvo sast\u0101vda\u013cu devu ar vienu piesk\u0101rienu: <strong data-start=\"385\" data-end=\"393\">PDRN<\/strong>, <strong data-start=\"395\" data-end=\"412\">piena baltums<\/strong>, <strong data-start=\"414\" data-end=\"435\">hibr\u012bda pept\u012bds<\/strong> un <strong data-start=\"439\" data-end=\"451\">glikoze<\/strong>kas intens\u012bvi iedarbojas uz \u0101das iek\u0161\u0113jiem sl\u0101\u0146iem. Tr\u012bs sast\u0101vda\u013cas - <strong data-start=\"524\" data-end=\"536\">kolag\u0113ns<\/strong>, <strong data-start=\"538\" data-end=\"550\">elast\u012bns<\/strong> un <strong data-start=\"554\" data-end=\"571\">proteoglik\u0101ns<\/strong> - Komplekss pal\u012bdz nostiprin\u0101t nov\u0101jin\u0101tu \u0101du, ilgsto\u0161i mitrina un pal\u012bdz atjaunot vesel\u012bgu un gludu tekst\u016bru. Hipoaler\u0123isk\u0101 formula ir p\u0101rbaud\u012bta jut\u012bgai \u0101dai un ir piem\u0113rota ikdienas dro\u0161ai kop\u0161anai.<\/p>\n<p data-start=\"87\" data-end=\"503\"><strong data-start=\"787\" data-end=\"811\">K\u0101p\u0113c izv\u0113l\u0113ties?<\/strong><br data-start=\"811\" data-end=\"814\" \/>\u2714\ufe0f Kolag\u0113ns, elast\u012bns un proteoglik\u0101ni - \u0101das bl\u012bvumam un elast\u012bbai.<br data-start=\"896\" data-end=\"899\" \/>\u2714\ufe0f Inovat\u012bva formula ar PDRN un pept\u012bdiem - dzi\u013ca atjaunojo\u0161a iedarb\u012bba<br data-start=\"970\" data-end=\"973\" \/>\u2714\ufe0f Pie\u0161\u0137ir \u0101dai mirdzumu, maigumu un mitrumu.<br data-start=\"1021\" data-end=\"1024\" data-is-only-node=\"\" \/>\u2714\ufe0f Test\u0113ts jut\u012bgai \u0101dai - hipoaler\u0123iska izv\u0113le<br data-start=\"1080\" data-end=\"1083\" \/>\u2714\ufe0f Viegli lietojams un lieliski uzs\u016bcas<\/p>\n<p data-start=\"87\" data-end=\"503\"><strong>PIEG\u0100DE ILGS 7-10 DARBA DIENAS.<\/strong><\/p>","protected":false},"featured_media":33813,"comment_status":"open","ping_status":"closed","template":"","meta":{"_acf_changed":false},"product_brand":[438],"product_cat":[56,92,59],"product_tag":[],"class_list":{"0":"post-33818","1":"product","2":"type-product","3":"status-publish","4":"has-post-thumbnail","6":"product_brand-medicube","7":"product_cat-veido-serumai","8":"product_cat-groziui","9":"product_cat-veidui","11":"first","12":"outofstock","13":"shipping-taxable","14":"purchasable","15":"product-type-simple"},"acf":[],"tiered_pricing_type":"fixed","tiered_pricing_fixed_rules":[],"tiered_pricing_product_settings":{"layout":"default","base_unit_name":{"singular":null,"plural":null},"default_variation":null},"tiered_pricing_minimum_quantity":null,"tiered_pricing_roles_data":[],"tiered_pricing_percentage_rules":[],"_links":{"self":[{"href":"https:\/\/purama.lt\/lv\/wp-json\/wp\/v2\/product\/33818","targetHints":{"allow":["GET"]}}],"collection":[{"href":"https:\/\/purama.lt\/lv\/wp-json\/wp\/v2\/product"}],"about":[{"href":"https:\/\/purama.lt\/lv\/wp-json\/wp\/v2\/types\/product"}],"replies":[{"embeddable":true,"href":"https:\/\/purama.lt\/lv\/wp-json\/wp\/v2\/comments?post=33818"}],"wp:featuredmedia":[{"embeddable":true,"href":"https:\/\/purama.lt\/lv\/wp-json\/wp\/v2\/media\/33813"}],"wp:attachment":[{"href":"https:\/\/purama.lt\/lv\/wp-json\/wp\/v2\/media?parent=33818"}],"wp:term":[{"taxonomy":"product_brand","embeddable":true,"href":"https:\/\/purama.lt\/lv\/wp-json\/wp\/v2\/product_brand?post=33818"},{"taxonomy":"product_cat","embeddable":true,"href":"https:\/\/purama.lt\/lv\/wp-json\/wp\/v2\/product_cat?post=33818"},{"taxonomy":"product_tag","embeddable":true,"href":"https:\/\/purama.lt\/lv\/wp-json\/wp\/v2\/product_tag?post=33818"}],"curies":[{"name":"wp","href":"https:\/\/api.w.org\/{rel}","templated":true}]}}