{"id":33817,"date":"2025-04-07T07:42:31","date_gmt":"2025-04-07T07:42:31","guid":{"rendered":"https:\/\/purama.lt\/produktas\/medicube-collagen-jelly-cream-veido-kremas\/"},"modified":"2026-04-10T13:03:27","modified_gmt":"2026-04-10T11:03:27","slug":"medicube-kolagena-zelejas-krems-sejas-krems","status":"publish","type":"product","link":"https:\/\/purama.lt\/lv\/produktas\/medicube-collagen-jelly-cream-veido-kremas\/","title":{"rendered":"Medicube Kolag\u0113na \u017eelejas kr\u0113ms sejas kr\u0113ms"},"content":{"rendered":"<p><strong>Lieto\u0161ana:<\/strong><br>Nosl\u0113dziet \u0101das kop\u0161anas proced\u016bru, uzkl\u0101jot nelielu kr\u0113ma daudzumu uz t\u012bras \u0101das. Vienm\u0113r vienm\u0113r\u012bgi izkl\u0101jiet un maigi nogl\u0101stiet, lai pal\u012bdz\u0113tu produktam ies\u016bkties \u0101d\u0101.<\/p>\n\n\n\n<p><strong>Sast\u0101vs:<\/strong><br>\u016adens, propandiols, niac\u012bnam\u012bds, hidroliz\u0113ts kolag\u0113ns, \u0161\u0137\u012bsto\u0161s kolag\u0113ns, hlorellas ekstrakts, la\u0161a ikrus saturo\u0161s ekstrakts, za\u013co augu komplekss (broko\u013ci, spin\u0101ti, mellenes, tom\u0101ti, \u0137iploki, auzas, za\u013c\u0101s t\u0113jas s\u0113klas), hialuronsk\u0101be, adenoz\u012bns, skval\u0101ns, E vitam\u012bns, B12 vitam\u012bns, proteoglik\u0101ni, elast\u012bbu uztur\u0113jo\u0161as vielas.<br><br>Vai mekl\u0113jat vair\u0101k? Apskatiet visu <a href=\"\/lv\/produktu-etiketes\/medicube\/\">Medicube sortimentu<\/a>.<\/p>\n\n\n\n<p><\/p>","protected":false},"excerpt":{"rendered":"<p class=\"\" data-start=\"72\" data-end=\"151\"><strong data-start=\"72\" data-end=\"151\">Medicube kolag\u0113na \u017eelejas kr\u0113ms - <\/strong>Intens\u012bvs g\u0113la sejas kr\u0113ms ar kolag\u0113nu. Atjauno noguru\u0161u un nov\u0101jin\u0101tu \u0101du ar <strong>Medicube kolag\u0113na \u017eelejas kr\u0113ms<\/strong> - \u0161is <strong data-start=\"246\" data-end=\"281\">atsvaidzino\u0161s kr\u0113ms ar \u017eelejas tekst\u016bru<\/strong>, kas pat <strong data-start=\"295\" data-end=\"325\">98 % Hidroliz\u0113ts kolag\u0113ns<\/strong>. Kr\u0113ms efekt\u012bvi samazina grumbi\u0146as, palielina elast\u012bbu un pie\u0161\u0137ir sejai jaun\u012bbas mirdzumu. Hialuronsk\u0101bes komplekss dzi\u013ci mitrina, pal\u012bdz atjaunot \u0101das dabisko strukt\u016bru un uzlabo t\u0101s visp\u0101r\u0113jo st\u0101vokli. Svaig\u0101, \u017eelejveida tekst\u016bra \u0101tri ies\u016bcas un sniedz z\u012bdaini gludu saj\u016btu bez smaguma saj\u016btas. Piem\u0113rots ikdienas lieto\u0161anai visiem \u0101das tipiem, \u012bpa\u0161i \u0101dai, kas zaud\u0113jusi tvirtumu vai ir nosliece uz sausumu. <\/p>\n<p><strong>K\u0101p\u0113c izv\u0113l\u0113ties?<br \/><\/strong>\u2714\ufe0f 98 % Hidroliz\u0113tais kolag\u0113ns - tvirt\u0101kai un elast\u012bg\u0101kai \u0101dai.<br data-start=\"833\" data-end=\"836\" \/>\u2714\ufe0f hialuronsk\u0101bes - dzi\u013cas mitrin\u0101\u0161anas un \u0101das strukt\u016bras atjauno\u0161anas nol\u016bkos.<br data-start=\"904\" data-end=\"907\" \/>\u2714\ufe0f Svaiga \u017eelejas tekst\u016bra - \u0101tri ies\u016bcas, bet nepadarot j\u016bs smagn\u0113ju.<br data-start=\"964\" data-end=\"967\" \/>\u2714\ufe0f Piem\u0113rots visiem \u0101das tipiem - \u012bpa\u0161i sausai un nobriedu\u0161ai \u0101dai.<br data-start=\"1017\" data-end=\"1020\" \/>\u2714\ufe0f Skaist\u0101ka, glud\u0101ka un maig\u0101ka \u0101da jau p\u0113c da\u017eiem lieto\u0161anas reiz\u0113m.<\/p>","protected":false},"featured_media":33815,"comment_status":"open","ping_status":"closed","template":"","meta":{"_acf_changed":false},"product_brand":[438],"product_cat":[55,92,59],"product_tag":[],"class_list":{"0":"post-33817","1":"product","2":"type-product","3":"status-publish","4":"has-post-thumbnail","6":"product_brand-medicube","7":"product_cat-veido-kremai","8":"product_cat-groziui","9":"product_cat-veidui","11":"first","12":"instock","13":"shipping-taxable","14":"purchasable","15":"product-type-simple"},"acf":[],"tiered_pricing_type":"fixed","tiered_pricing_fixed_rules":[],"tiered_pricing_product_settings":{"layout":"default","base_unit_name":{"singular":null,"plural":null},"default_variation":null},"tiered_pricing_minimum_quantity":null,"tiered_pricing_roles_data":[],"tiered_pricing_percentage_rules":[],"_links":{"self":[{"href":"https:\/\/purama.lt\/lv\/wp-json\/wp\/v2\/product\/33817","targetHints":{"allow":["GET"]}}],"collection":[{"href":"https:\/\/purama.lt\/lv\/wp-json\/wp\/v2\/product"}],"about":[{"href":"https:\/\/purama.lt\/lv\/wp-json\/wp\/v2\/types\/product"}],"replies":[{"embeddable":true,"href":"https:\/\/purama.lt\/lv\/wp-json\/wp\/v2\/comments?post=33817"}],"wp:featuredmedia":[{"embeddable":true,"href":"https:\/\/purama.lt\/lv\/wp-json\/wp\/v2\/media\/33815"}],"wp:attachment":[{"href":"https:\/\/purama.lt\/lv\/wp-json\/wp\/v2\/media?parent=33817"}],"wp:term":[{"taxonomy":"product_brand","embeddable":true,"href":"https:\/\/purama.lt\/lv\/wp-json\/wp\/v2\/product_brand?post=33817"},{"taxonomy":"product_cat","embeddable":true,"href":"https:\/\/purama.lt\/lv\/wp-json\/wp\/v2\/product_cat?post=33817"},{"taxonomy":"product_tag","embeddable":true,"href":"https:\/\/purama.lt\/lv\/wp-json\/wp\/v2\/product_tag?post=33817"}],"curies":[{"name":"wp","href":"https:\/\/api.w.org\/{rel}","templated":true}]}}