{"id":33694,"date":"2025-04-03T13:26:06","date_gmt":"2025-04-03T13:26:06","guid":{"rendered":"https:\/\/purama.lt\/produktas\/kojines-omg-yellow-sporcks\/"},"modified":"2026-04-20T20:53:01","modified_gmt":"2026-04-20T18:53:01","slug":"kojines-omg-dzeltenas-sporcks","status":"publish","type":"product","link":"https:\/\/purama.lt\/lv\/produktas\/kojines-omg-yellow-sporcks\/","title":{"rendered":"SPORCKS OMG Dzeltenas sporta ze\u0137es"},"content":{"rendered":"<p>Vai mekl\u0113jat vair\u0101k? Apskatiet visu <a href=\"\/lv\/produktu-etiketes\/sporcks\/\">Sporcks sortimentu<\/a>.<\/p>","protected":false},"excerpt":{"rendered":"<p class=\"\" data-start=\"0\" data-end=\"343\"><strong>SPORCKS OMG Dzeltens<\/strong> - ir drosm\u012bgs stila un funkcionalit\u0101tes apvienojums, kas paredz\u0113ts skr\u0113j\u0113jiem, kuri v\u0113las izcelties ne tikai veiktsp\u0113jas, bet ar\u012b t\u0113la zi\u0146\u0101. Drosm\u012bgais dizains apvienojas ar progres\u012bv\u0101m tehnolo\u0123ij\u0101m - ergonomisk\u0101 forma un sp\u0113c\u012bgais pot\u012btes un plant\u0101rais atbalsts pal\u012bdz saglab\u0101t p\u0113das stabilit\u0101ti pat visintens\u012bv\u0101ko treni\u0146u laik\u0101.<\/p>\n<p class=\"\" data-start=\"345\" data-end=\"590\"><strong>COOLMAX\u00ae<\/strong> Audums nodro\u0161ina lielisku ventil\u0101ciju, aizsardz\u012bbu pret tulzn\u0101m un efekt\u012bvu mitruma novad\u012b\u0161anu, saglab\u0101jot k\u0101jas sausas un svaigas. Vid\u0113ja l\u012bme\u0146a kompresija veicina asinsriti, mazina nogurumu un pal\u012bdz \u0101tr\u0101k atg\u016bties p\u0113c treni\u0146a.<\/p>\n<p class=\"\" data-start=\"592\" data-end=\"616\"><strong data-start=\"592\" data-end=\"616\">Galven\u0101s funkcijas:<\/strong><\/p>\n<p class=\"\" data-start=\"618\" data-end=\"1019\">\u2714\ufe0f <strong>Stil\u012bgs dizains:<\/strong> izcilu spilgtumu un profesionalit\u0101ti vien\u0101<br data-start=\"688\" data-end=\"691\" \/>\u2714\ufe0f<strong> Ergonomisks atbalsts:<\/strong> stabilit\u0101te pot\u012btes un p\u0113das da\u013c\u0101.<br data-start=\"761\" data-end=\"764\" \/>\u2714\ufe0f <strong>COOLMAX\u00ae audums:<\/strong> lieliska gaisa caurlaid\u012bba un aizsardz\u012bba pret tulzn\u0101m<br data-start=\"829\" data-end=\"832\" \/>\u2714\ufe0f <strong>Vid\u0113ja kompresija:<\/strong> pal\u012bdz musku\u013ciem \u0101tr\u0101k atjaunoties<br data-start=\"891\" data-end=\"894\" \/>\u2714\ufe0f <strong>Elpojo\u0161a strukt\u016bra:<\/strong> optim\u0101la \u0101das temperat\u016bra skrie\u0161anas laik\u0101<br data-start=\"957\" data-end=\"960\" \/>\u2714\ufe0f <strong>Ra\u017eots Sp\u0101nij\u0101:<\/strong> kvalit\u0101te, pamatojoties uz sporta pieredzi<\/p>","protected":false},"featured_media":33700,"comment_status":"open","ping_status":"closed","template":"","meta":{"_acf_changed":false},"product_brand":[246],"product_cat":[98,57,102],"product_tag":[],"class_list":{"0":"post-33694","1":"product","2":"type-product","3":"status-publish","4":"has-post-thumbnail","6":"product_brand-sporcks","7":"product_cat-sportui","8":"product_cat-akcijos","9":"product_cat-kojines","11":"first","12":"instock","13":"sale","14":"shipping-taxable","15":"purchasable","16":"product-type-variable"},"acf":[],"tiered_pricing_type":"fixed","tiered_pricing_fixed_rules":[],"tiered_pricing_product_settings":{"layout":"default","base_unit_name":{"singular":null,"plural":null},"default_variation":null},"tiered_pricing_minimum_quantity":null,"tiered_pricing_roles_data":[],"tiered_pricing_percentage_rules":[],"_links":{"self":[{"href":"https:\/\/purama.lt\/lv\/wp-json\/wp\/v2\/product\/33694","targetHints":{"allow":["GET"]}}],"collection":[{"href":"https:\/\/purama.lt\/lv\/wp-json\/wp\/v2\/product"}],"about":[{"href":"https:\/\/purama.lt\/lv\/wp-json\/wp\/v2\/types\/product"}],"replies":[{"embeddable":true,"href":"https:\/\/purama.lt\/lv\/wp-json\/wp\/v2\/comments?post=33694"}],"wp:featuredmedia":[{"embeddable":true,"href":"https:\/\/purama.lt\/lv\/wp-json\/wp\/v2\/media\/33700"}],"wp:attachment":[{"href":"https:\/\/purama.lt\/lv\/wp-json\/wp\/v2\/media?parent=33694"}],"wp:term":[{"taxonomy":"product_brand","embeddable":true,"href":"https:\/\/purama.lt\/lv\/wp-json\/wp\/v2\/product_brand?post=33694"},{"taxonomy":"product_cat","embeddable":true,"href":"https:\/\/purama.lt\/lv\/wp-json\/wp\/v2\/product_cat?post=33694"},{"taxonomy":"product_tag","embeddable":true,"href":"https:\/\/purama.lt\/lv\/wp-json\/wp\/v2\/product_tag?post=33694"}],"curies":[{"name":"wp","href":"https:\/\/api.w.org\/{rel}","templated":true}]}}