{"id":33693,"date":"2025-04-03T13:26:06","date_gmt":"2025-04-03T13:26:06","guid":{"rendered":"https:\/\/purama.lt\/produktas\/kojines-flow-pink-sporcks\/"},"modified":"2026-05-05T09:46:12","modified_gmt":"2026-05-05T07:46:12","slug":"kojines-plust-roza-sporcks","status":"publish","type":"product","link":"https:\/\/purama.lt\/lv\/produktas\/kojines-flow-pink-sporcks\/","title":{"rendered":"SPORCKS Flow Pink sporta ze\u0137es"},"content":{"rendered":"<p>Vai mekl\u0113jat vair\u0101k? Apskatiet visu <a href=\"\/lv\/produktu-etiketes\/sporcks\/\">Sporcks sortimentu<\/a>.<\/p>","protected":false},"excerpt":{"rendered":"<p class=\"\" data-start=\"0\" data-end=\"338\"><strong>SPORCKS Flow Pink<\/strong> - ir lieliska izv\u0113le tiem, kas mekl\u0113 harmoniju starp tehnisko komfortu un izteiksm\u012bgo stilu. \u0160\u012bm profesion\u0101laj\u0101m skrie\u0161anas ze\u0137\u0113m ir ergonomisks dizains, kas cie\u0161i piegu\u013c k\u0101jai, bet pastiprin\u0101ta atbalsta zona ap pot\u012bti un p\u0113das da\u013cu pal\u012bdz stabiliz\u0113t soli un mazina musku\u013cu sasprindzin\u0101jumu.<\/p>\n<p class=\"\" data-start=\"340\" data-end=\"612\"><strong>COOLMAX\u00ae<\/strong> Audums efekt\u012bvi regul\u0113 temperat\u016bru, \u0101tri iztvaiko mitrumu un aizsarg\u0101 pret sasitumiem un tulzn\u0101m, savuk\u0101rt elpojo\u0161ais siets nodro\u0161ina svaigumu pat gar\u0101kajos skr\u0113jienos. Vid\u0113ja l\u012bme\u0146a kompresija veicina asinsriti, pal\u012bdz atjaunoties un \u013cauj sasniegt vair\u0101k.<\/p>\n<p class=\"\" data-start=\"614\" data-end=\"638\"><strong data-start=\"614\" data-end=\"638\">Galven\u0101s funkcijas:<\/strong><\/p>\n<p class=\"\" data-start=\"640\" data-end=\"1085\">\u2714\ufe0f <strong>Stil\u012bgs un dinamisks dizains:<\/strong> Uzman\u012bbu piesaisto\u0161s roz\u0101 akcents sportisk\u0101 kombin\u0101cij\u0101<br data-start=\"730\" data-end=\"733\" \/>\u2714\ufe0f<strong> Stabilit\u0101te un atbalsts:<\/strong> pastiprin\u0101ts pot\u012btes un zoles atbalsts<br data-start=\"805\" data-end=\"808\" \/>\u2714\ufe0f <strong>COOLMAX\u00ae tehnolo\u0123ija:<\/strong> izcila ventil\u0101cija, gaisa sausin\u0101\u0161ana un komforts.<br data-start=\"884\" data-end=\"887\" \/>\u2714\ufe0f<strong> Vid\u0113ja kompresija:<\/strong> mazina nogurumu un veicina atvese\u013co\u0161anos.<br data-start=\"949\" data-end=\"952\" \/>\u2714\ufe0f <strong>T\u012bkla strukt\u016bra:<\/strong> Elpojo\u0161s materi\u0101ls intens\u012bviem treni\u0146iem<br data-start=\"1021\" data-end=\"1024\" \/>\u2714\ufe0f <strong>Ra\u017eots Sp\u0101nij\u0101:<\/strong> kvalit\u0101te, kurai uzticas profesion\u0101\u013ci<\/p>\n<p class=\"\" data-start=\"1087\" data-end=\"1196\">\u00a0<\/p>","protected":false},"featured_media":33696,"comment_status":"open","ping_status":"closed","template":"","meta":{"_acf_changed":false},"product_brand":[246],"product_cat":[98,102],"product_tag":[],"class_list":{"0":"post-33693","1":"product","2":"type-product","3":"status-publish","4":"has-post-thumbnail","6":"product_brand-sporcks","7":"product_cat-sportui","8":"product_cat-kojines","10":"first","11":"instock","12":"shipping-taxable","13":"purchasable","14":"product-type-variable"},"acf":[],"tiered_pricing_type":"fixed","tiered_pricing_fixed_rules":[],"tiered_pricing_product_settings":{"layout":"default","base_unit_name":{"singular":null,"plural":null},"default_variation":null},"tiered_pricing_minimum_quantity":null,"tiered_pricing_roles_data":[],"tiered_pricing_percentage_rules":[],"_links":{"self":[{"href":"https:\/\/purama.lt\/lv\/wp-json\/wp\/v2\/product\/33693","targetHints":{"allow":["GET"]}}],"collection":[{"href":"https:\/\/purama.lt\/lv\/wp-json\/wp\/v2\/product"}],"about":[{"href":"https:\/\/purama.lt\/lv\/wp-json\/wp\/v2\/types\/product"}],"replies":[{"embeddable":true,"href":"https:\/\/purama.lt\/lv\/wp-json\/wp\/v2\/comments?post=33693"}],"wp:featuredmedia":[{"embeddable":true,"href":"https:\/\/purama.lt\/lv\/wp-json\/wp\/v2\/media\/33696"}],"wp:attachment":[{"href":"https:\/\/purama.lt\/lv\/wp-json\/wp\/v2\/media?parent=33693"}],"wp:term":[{"taxonomy":"product_brand","embeddable":true,"href":"https:\/\/purama.lt\/lv\/wp-json\/wp\/v2\/product_brand?post=33693"},{"taxonomy":"product_cat","embeddable":true,"href":"https:\/\/purama.lt\/lv\/wp-json\/wp\/v2\/product_cat?post=33693"},{"taxonomy":"product_tag","embeddable":true,"href":"https:\/\/purama.lt\/lv\/wp-json\/wp\/v2\/product_tag?post=33693"}],"curies":[{"name":"wp","href":"https:\/\/api.w.org\/{rel}","templated":true}]}}