{"id":33611,"date":"2025-04-02T13:05:45","date_gmt":"2025-04-02T13:05:45","guid":{"rendered":"https:\/\/purama.lt\/produktas\/kernelmed-laser-80-plauku-atauginimo-sistema\/"},"modified":"2025-06-04T10:22:14","modified_gmt":"2025-06-04T10:22:14","slug":"kernel-kn8000c-matu-ataudzesanas-sistema","status":"publish","type":"product","link":"https:\/\/purama.lt\/lv\/produktas\/kernel-kn8000c-plauku-atauginimo-sistema\/","title":{"rendered":"Kernel KN8000C STANDARD matu aug\u0161anas sist\u0113ma"},"content":{"rendered":"<div class=\"wp-block-group is-vertical is-layout-flex wp-container-core-group-is-layout-fe9cc265 wp-block-group-is-layout-flex\">\n<p><strong>K\u0101 lietot, lai sasniegtu vislab\u0101kos rezult\u0101tus<\/strong>?<\/p>\n\n\n\n<ul class=\"wp-block-list\">\n<li><strong>Sagatavo\u0161ana lieto\u0161anai<\/strong> P\u0101rliecinieties, ka mati ir t\u012bri un sausi. Ier\u012bci ieteicams lietot uz t\u012bras galvas \u0101das, lai l\u0101zera staru k\u016blis var\u0113tu netrauc\u0113ti sasniegt folikulus.<\/li>\n\n\n\n<li><strong>Valk\u0101jiet \u0137iveri<\/strong> Uzlieciet ier\u012bci uz galvas t\u0101, lai t\u0101 \u0113rti piegu\u013c un ir stabila. Piel\u0101gojiet iek\u0161\u0113jo galvas lenti atbilsto\u0161i galvas izm\u0113ram.<\/li>\n\n\n\n<li><strong>Ier\u012bces iesl\u0113g\u0161ana<\/strong> Iesl\u0113dziet ier\u012bci, izmantojot pogu uz korpusa, vai p\u0101rvaldiet to, izmantojot AGE-R lietotni, ja ier\u012bcei ir Bluetooth piesl\u0113gums.<\/li>\n\n\n\n<li><strong>Izv\u0113lieties re\u017e\u012bmu<\/strong> Lietotn\u0113 vai ier\u012bces vad\u012bbas panel\u012b izv\u0113lieties v\u0113lamo re\u017e\u012bmu atbilsto\u0161i v\u0113lamajam terapijas m\u0113r\u0137im (piem\u0113ram, visp\u0101r\u0113jai stiprin\u0101\u0161anas, fokusa vai zon\u0101lajai ritin\u0101\u0161anas terapijai).<\/li>\n\n\n\n<li><strong>Terapijas ilgums<\/strong> Vienas proced\u016bras ilgums ir aptuveni 20 min\u016btes, to nav nepiecie\u0161ams p\u0101rsniegt. Ier\u012bce autom\u0101tiski izsl\u0113dzas, beidzoties iestat\u012btajam laikam.<\/li>\n\n\n\n<li><strong>Lieto\u0161anas bie\u017eums<\/strong> Ieteicamais lietojums <strong>3-4 reizes ned\u0113\u013c\u0101<\/strong>regul\u0101ri tr\u012bs m\u0113ne\u0161u laik\u0101. Rezult\u0101tus var redz\u0113t p\u0113c 8-12 ned\u0113\u013c\u0101m.<\/li>\n\n\n\n<li><strong>P\u0113c lieto\u0161anas<\/strong> Iz\u0146emiet ier\u012bci un, ja nepiecie\u0161ams, noslaukiet to ar m\u012bkstu dr\u0101nu. Uzglab\u0101t saus\u0101 viet\u0101, \u0101rpus tie\u0161iem saules stariem.<br><br><strong>Kernel KN8000C STANDARD<\/strong> - ir progres\u012bva l\u0101zerterapijas sist\u0113ma, kas izstr\u0101d\u0101ta, lai stimul\u0113tu matu aug\u0161anu un nov\u0113rstu matu izkri\u0161anu m\u0101jas apst\u0101k\u013cos. Viegla, stil\u012bga \u0137ivere izmanto <strong>LLLT gaismas tehnolo\u0123ija<\/strong>kas aktiviz\u0113 matu folikulus un nodro\u0161ina vienm\u0113r\u012bgu apgaismojumu pat liel\u0101s plat\u012bb\u0101s. Regul\u0113jams izm\u0113rs, zon\u0101l\u0101 terapija un \u0113rta valk\u0101\u0161ana - viss, kas nepiecie\u0161ams profesion\u0101lai matu kop\u0161anai bez piep\u016bles.<\/li>\n<\/ul>\n<\/div>","protected":false},"excerpt":{"rendered":"<p class=\"\" data-start=\"88\" data-end=\"398\"><strong>Kernel KN8000C STANDARD<\/strong> - irmodernu matu regrowth sist\u0113ma, kas izstr\u0101d\u0101ta, lai c\u012bn\u012btos pret<strong> seborrhoeic un alop\u0113cija areata alop\u0113cija<\/strong>. \u0160\u012b augsto tehnolo\u0123iju \u0137ivere izmanto zemas intensit\u0101tes l\u0101zerterapiju (LLLT), lai dro\u0161i un efekt\u012bvi stimul\u0113tu matu folikulus un veicin\u0101tu dabisku matu aug\u0161anu.<\/p>\n<p class=\"\" data-start=\"400\" data-end=\"424\"><strong>Galvenie ieguvumi:<\/strong><\/p>\n<p class=\"\" data-start=\"511\" data-end=\"1167\">\u2714\ufe0f <strong data-start=\"514\" data-end=\"535\">Dubult\u0101 darb\u012bba<\/strong>80 l\u0101zeri (650 nm) + 30 LED (655 nm) - dro\u0161a un efekt\u012bva stimul\u0101cija.<br data-start=\"622\" data-end=\"625\" \/>\u2714\ufe0f <strong data-start=\"628\" data-end=\"651\">Zonu apgaismojums<\/strong>: m\u0113r\u0137tiec\u012bga terapija atkar\u012bb\u0101 no matu izkri\u0161anas rakstura un intensit\u0101tes.<br data-start=\"708\" data-end=\"711\" \/>\u2714\ufe0f <strong data-start=\"714\" data-end=\"741\">\u0112rts lieto\u0161anai m\u0101j\u0101s<\/strong>: ergonomiska, viegla, nemobilit\u0101tes \u0137ivere.<br data-start=\"793\" data-end=\"796\" \/>\u2714\ufe0f <strong data-start=\"799\" data-end=\"845\">M\u012bksts silikona att\u0101luma regulators<\/strong>: nodro\u0161ina pietiekamu att\u0101lumu un komfortu.<br data-start=\"885\" data-end=\"888\" \/>\u2714\ufe0f <strong data-start=\"891\" data-end=\"922\">Viedie dro\u0161\u012bbas sensori<\/strong>: autom\u0101tiska apst\u0101\u0161an\u0101s, kad \u0137ivere ir no\u0146emta.<br data-start=\"969\" data-end=\"972\" \/>\u2714\ufe0f <strong data-start=\"975\" data-end=\"998\">Nep\u0101rtraukta uzraudz\u012bba<\/strong>: temperat\u016bras un mitruma uzraudz\u012bba re\u0101llaik\u0101.<br data-start=\"1049\" data-end=\"1052\" \/>\u2714\ufe0f <strong data-start=\"1055\" data-end=\"1079\">Mobil\u0101 lietotne<\/strong>: Bluetooth savienojam\u012bba \u013cauj p\u0101rvald\u012bt sesijas, uzraudz\u012bt progresu un personaliz\u0113t terapiju.<\/p>\n<p class=\"\" data-start=\"1169\" data-end=\"1427\">\u0160\u012b ier\u012bce ne tikai samazina matu izkri\u0161anu, bet ar\u012b pal\u012bdz stimul\u0113t jaunu matu aug\u0161anu, uzlabo galvas \u0101das st\u0101vokli un nodro\u0161ina ilgsto\u0161us rezult\u0101tus bez invaz\u012bv\u0101m proced\u016br\u0101m. T\u0101 ir dro\u0161a, gudra un zin\u0101tniski pamatota izv\u0113le j\u016bsu matu vesel\u012bbai.<\/p>\n<p><strong>Pieg\u0101des laiks var b\u016bt no 14 l\u012bdz 30 darba dien\u0101m.<\/strong><\/p>","protected":false},"featured_media":33677,"comment_status":"open","ping_status":"closed","template":"","meta":{"_acf_changed":false},"product_brand":[],"product_cat":[282,288,283],"product_tag":[],"class_list":{"0":"post-33611","1":"product","2":"type-product","3":"status-publish","4":"has-post-thumbnail","6":"product_cat-longevity-prietaisai","7":"product_cat-grozio-ir-odos-prieziura","8":"product_cat-sveikatingumo-prietaisai","10":"first","11":"instock","12":"shipping-taxable","13":"purchasable","14":"product-type-simple"},"acf":[],"tiered_pricing_type":"fixed","tiered_pricing_fixed_rules":[],"tiered_pricing_product_settings":{"layout":"default","base_unit_name":{"singular":null,"plural":null},"default_variation":null},"tiered_pricing_minimum_quantity":null,"tiered_pricing_roles_data":[],"tiered_pricing_percentage_rules":[],"_links":{"self":[{"href":"https:\/\/purama.lt\/lv\/wp-json\/wp\/v2\/product\/33611","targetHints":{"allow":["GET"]}}],"collection":[{"href":"https:\/\/purama.lt\/lv\/wp-json\/wp\/v2\/product"}],"about":[{"href":"https:\/\/purama.lt\/lv\/wp-json\/wp\/v2\/types\/product"}],"replies":[{"embeddable":true,"href":"https:\/\/purama.lt\/lv\/wp-json\/wp\/v2\/comments?post=33611"}],"wp:featuredmedia":[{"embeddable":true,"href":"https:\/\/purama.lt\/lv\/wp-json\/wp\/v2\/media\/33677"}],"wp:attachment":[{"href":"https:\/\/purama.lt\/lv\/wp-json\/wp\/v2\/media?parent=33611"}],"wp:term":[{"taxonomy":"product_brand","embeddable":true,"href":"https:\/\/purama.lt\/lv\/wp-json\/wp\/v2\/product_brand?post=33611"},{"taxonomy":"product_cat","embeddable":true,"href":"https:\/\/purama.lt\/lv\/wp-json\/wp\/v2\/product_cat?post=33611"},{"taxonomy":"product_tag","embeddable":true,"href":"https:\/\/purama.lt\/lv\/wp-json\/wp\/v2\/product_tag?post=33611"}],"curies":[{"name":"wp","href":"https:\/\/api.w.org\/{rel}","templated":true}]}}