{"id":33610,"date":"2025-04-02T13:05:45","date_gmt":"2025-04-02T13:05:45","guid":{"rendered":"https:\/\/purama.lt\/produktas\/kernelmed-laser-204-plauku-atauginimo-sistema\/"},"modified":"2025-11-11T17:18:38","modified_gmt":"2025-11-11T15:18:38","slug":"kernel-kn8000b-matu-ataudzesanas-sistema","status":"publish","type":"product","link":"https:\/\/purama.lt\/lv\/produktas\/kernel-kn8000b-plauku-atauginimo-sistema\/","title":{"rendered":"KERNEL KN8000B PREMIUM matu aug\u0161anas sist\u0113ma"},"content":{"rendered":"<p><strong>K\u0101 to lietot, lai sasniegtu maksim\u0101lu rezult\u0101tu?<\/strong><\/p>\n\n\n\n<ul class=\"wp-block-list\">\n<li><strong>Galvas \u0101das sagatavo\u0161ana<\/strong><br>P\u0101rliecinieties, ka galvas \u0101da ir t\u012bra un sausa. L\u0101zerterapijas izmanto\u0161ana uz net\u012bras \u0101das samazina gaismas iek\u013c\u016b\u0161anas efektivit\u0101ti - t\u012bri mati \u013cauj l\u0101zeriem sasniegt folikulus bez \u0161\u0137\u0113r\u0161\u013ciem.<\/li>\n\n\n\n<li><strong>Ievietojiet ier\u012bci<\/strong><br>Uzlieciet \u0137iveri t\u0101, lai t\u0101 cie\u0161i, bet \u0113rti piegu\u013c j\u016bsu galvai. Regul\u0113jam\u0101 iek\u0161\u0113j\u0101 galvas siksna \u013cauj piel\u0101got ier\u012bci j\u016bsu galvas formai - stabilit\u0101te ir svar\u012bga, lai nodro\u0161in\u0101tu vienm\u0113r\u012bgu apgaismojumu.<\/li>\n\n\n\n<li><strong>Iesl\u0113dziet un izv\u0113lieties re\u017e\u012bmu<\/strong><br>Aktiviz\u0113jiet ier\u012bci, izmantojot vad\u012bbas pogu vai AGE-R lietotni ar Bluetooth savienojumu. Lietojumprogramm\u0101 varat izv\u0113l\u0113ties terapijas re\u017e\u012bmus atbilsto\u0161i saviem m\u0113r\u0137iem - no piln\u012bgas aktiviz\u0113\u0161anas l\u012bdz lok\u0101lai r\u0113tainu zonu apstr\u0101dei.<\/li>\n\n\n\n<li><strong>Proced\u016bras pl\u016bsma<\/strong><br>Viena sesija ilgst aptuveni 20 min\u016btes. Pateicoties ieb\u016bv\u0113tajam dro\u0161\u012bbas meh\u0101nismam, ier\u012bce autom\u0101tiski izsl\u0113dzas, kad sesija beidzas vai ja tiek no\u0146emta \u0137ivere.<\/li>\n\n\n\n<li><strong>Lieto\u0161anas regularit\u0101te<\/strong><br>Optim\u0101lu rezult\u0101tu sasnieg\u0161anai ieteicams lietot ier\u012bci 3-4 reizes ned\u0113\u013c\u0101 nep\u0101rtraukti vismaz 12 ned\u0113\u013cas. Pirm\u0101s matu st\u0101vok\u013ca uzlabo\u0161an\u0101s paz\u012bmes var nov\u0113rot p\u0113c 8 ned\u0113\u013c\u0101m.<\/li>\n\n\n\n<li><strong>P\u0113c sesijas<\/strong><br>P\u0113c \u0137iveres no\u0146em\u0161anas noslaukiet iek\u0161\u0113jo virsmu ar m\u012bkstu dr\u0101nu. Ier\u012bci uzglab\u0101jiet saus\u0101 viet\u0101, \u0101rpus tie\u0161as saules gaismas.<\/li>\n<\/ul>\n\n\n\n<p><strong>KN8000B KN8000B PREMIUM<\/strong> - ir profesion\u0101la l\u0101zerterapijas sist\u0113ma ar l\u012bdz pat 204 l\u0101zeriem progres\u012bvai matu atjauno\u0161anai. Jaud\u012bgs, bet saudz\u012bgs risin\u0101jums intens\u012bvam matu izkri\u0161anai m\u0101jas apst\u0101k\u013cos, kas nodro\u0161ina uzticamus un ilgsto\u0161us rezult\u0101tus bez sare\u017e\u0123\u012bt\u0101m proced\u016br\u0101m.<\/p>","protected":false},"excerpt":{"rendered":"<p class=\"\" data-start=\"97\" data-end=\"427\"><strong>KN8000B KN8000B PREMIUM<\/strong> - ir augstas klases l\u0101zerterapijas sist\u0113ma, kas paredz\u0113ta intens\u012bvai matu izkri\u0161anas nov\u0113r\u0161anai, <strong>tostarp seborr\u0113zisk\u0101 un fok\u0101l\u0101 alop\u0113cija (alop\u0113cija areata).<\/strong>. Ier\u012bcei ir jaud\u012bga 204 l\u0101zeru (650 nm) platforma, kas nodro\u0161ina maksim\u0101lu galvas \u0101das p\u0101rkl\u0101jumu un v\u0113l efekt\u012bv\u0101ku folikulu stimul\u0101ciju.<\/p>\n<p class=\"\" data-start=\"429\" data-end=\"457\"><strong data-start=\"429\" data-end=\"457\">Galvenie ieguvumi:<\/strong><\/p>\n<p class=\"\" data-start=\"459\" data-end=\"1204\">\u2714\ufe0f Pat 204 medic\u012bnisk\u0101s kvalit\u0101tes l\u0101zeri: vienota, intens\u012bva terapija visai galvas \u0101dai.<br data-start=\"550\" data-end=\"553\" \/>\u2714\ufe0f LLLT tehnolo\u0123ija: dro\u0161a, maiga gaisma aktiviz\u0113 matu saknes un stimul\u0113 matu atjauno\u0161anos.<br data-start=\"647\" data-end=\"650\" \/>\u2714\ufe0f Vied\u0101 zonu terapija: \u0101rst\u0113 da\u017e\u0101das zonas atkar\u012bb\u0101 no galvas \u0101das rakstura un individu\u0101laj\u0101m vajadz\u012bb\u0101m.<br data-start=\"753\" data-end=\"756\" \/>\u2714\ufe0f Ergonomisks dizains: viegls, \u0113rts, piem\u0113rots visiem galvas izm\u0113riem.<br data-start=\"839\" data-end=\"842\" \/>\u2714\ufe0f M\u012bksts silikona regulators: optim\u0101ls l\u0101zera att\u0101lums un komforts sesijas laik\u0101.<br data-start=\"933\" data-end=\"936\" \/>\u2714\ufe0f Autom\u0101tisk\u0101 aizsardz\u012bba: ier\u012bce darbojas tikai tad, kad t\u0101 saskaras ar \u0101du - piln\u012bga dro\u0161\u012bba.<br data-start=\"1023\" data-end=\"1026\" \/>\u2714\ufe0f Temperat\u016bras un mitruma uzraudz\u012bba: nodro\u0161ina ide\u0101lus apst\u0101k\u013cus terapijai.<br data-start=\"1102\" data-end=\"1105\" \/>\u2714\ufe0f Mobil\u0101 lietotne: Bluetooth vad\u012bba \u013cauj pl\u0101not, p\u0101rvald\u012bt un personaliz\u0113t proced\u016bras.<\/p>\n<p class=\"\" data-start=\"1206\" data-end=\"1509\"><strong data-start=\"1206\" data-end=\"1232\">KN8000B KN8000B PREMIUM<\/strong> - ir vismodern\u0101k\u0101 l\u0101zera sist\u0113ma lieto\u0161anai m\u0101j\u0101s, kas ir orient\u0113ta uz rezult\u0101tu. Tiem, kas mekl\u0113 nopietnu pal\u012bdz\u012bbu progres\u0113jo\u0161as alop\u0113cijas gad\u012bjum\u0101 vai vienk\u0101r\u0161i v\u0113las atjaunot sp\u0113c\u012bgus, vesel\u012bgus matus bez invaz\u012bv\u0101m metod\u0113m, \u0161is ir dro\u0161s, efekt\u012bvs un uzticams ieguld\u012bjums matu vesel\u012bb\u0101.<\/p>\n<p><strong>Pieg\u0101des laiks var b\u016bt no 14 l\u012bdz 30 darba dien\u0101m.<\/strong><\/p>","protected":false},"featured_media":33675,"comment_status":"open","ping_status":"closed","template":"","meta":{"_acf_changed":false},"product_brand":[432],"product_cat":[282,288,283],"product_tag":[],"class_list":{"0":"post-33610","1":"product","2":"type-product","3":"status-publish","4":"has-post-thumbnail","6":"product_brand-kernel","7":"product_cat-longevity-prietaisai","8":"product_cat-grozio-ir-odos-prieziura","9":"product_cat-sveikatingumo-prietaisai","11":"first","12":"instock","13":"shipping-taxable","14":"purchasable","15":"product-type-simple"},"acf":[],"tiered_pricing_type":"fixed","tiered_pricing_fixed_rules":[],"tiered_pricing_product_settings":{"layout":"default","base_unit_name":{"singular":null,"plural":null},"default_variation":null},"tiered_pricing_minimum_quantity":null,"tiered_pricing_roles_data":[],"tiered_pricing_percentage_rules":[],"_links":{"self":[{"href":"https:\/\/purama.lt\/lv\/wp-json\/wp\/v2\/product\/33610","targetHints":{"allow":["GET"]}}],"collection":[{"href":"https:\/\/purama.lt\/lv\/wp-json\/wp\/v2\/product"}],"about":[{"href":"https:\/\/purama.lt\/lv\/wp-json\/wp\/v2\/types\/product"}],"replies":[{"embeddable":true,"href":"https:\/\/purama.lt\/lv\/wp-json\/wp\/v2\/comments?post=33610"}],"wp:featuredmedia":[{"embeddable":true,"href":"https:\/\/purama.lt\/lv\/wp-json\/wp\/v2\/media\/33675"}],"wp:attachment":[{"href":"https:\/\/purama.lt\/lv\/wp-json\/wp\/v2\/media?parent=33610"}],"wp:term":[{"taxonomy":"product_brand","embeddable":true,"href":"https:\/\/purama.lt\/lv\/wp-json\/wp\/v2\/product_brand?post=33610"},{"taxonomy":"product_cat","embeddable":true,"href":"https:\/\/purama.lt\/lv\/wp-json\/wp\/v2\/product_cat?post=33610"},{"taxonomy":"product_tag","embeddable":true,"href":"https:\/\/purama.lt\/lv\/wp-json\/wp\/v2\/product_tag?post=33610"}],"curies":[{"name":"wp","href":"https:\/\/api.w.org\/{rel}","templated":true}]}}