{"id":33609,"date":"2025-04-02T13:05:44","date_gmt":"2025-04-02T13:05:44","guid":{"rendered":"https:\/\/purama.lt\/produktas\/kojines-tokyo-pink-sporcks\/"},"modified":"2026-05-05T09:48:47","modified_gmt":"2026-05-05T07:48:47","slug":"zekes-tokija-roza-sporta-zekes","status":"publish","type":"product","link":"https:\/\/purama.lt\/lv\/produktas\/kojines-tokyo-pink-sporcks\/","title":{"rendered":"SPORCKS Tokyo Pink sporta ze\u0137es"},"content":{"rendered":"<p>Vai mekl\u0113jat vair\u0101k? Apskatiet visu <a href=\"\/lv\/produktu-etiketes\/sporcks\/\">Sporcks sortimentu<\/a>.<\/p>","protected":false},"excerpt":{"rendered":"<p class=\"\" data-start=\"86\" data-end=\"433\"><strong data-start=\"86\" data-end=\"238\">SPORCKS Tokyo Pink \u2013 tai auk\u0161tos kokyb\u0117s b\u0117gimo kojin\u0117s, sukurtos siekiant u\u017etikrinti maksimal\u0173 komfort\u0105, efektyvum\u0105 ir i\u0161skirtin\u012f stili\u0173.<\/strong> Ergonomiskais dizains un pastiprin\u0101tais atbalsts pie pot\u012btes un p\u0113das pal\u012bdz stabiliz\u0113t p\u0113du, mazin\u0101t musku\u013cu nogurumu un saglab\u0101t dabisku st\u0101vokli pat visintens\u012bv\u0101k\u0101s skrie\u0161anas laik\u0101. Vid\u0113ja kompresija veicina asinsriti, nov\u0113r\u0161 iekaisumus un sekm\u0113 \u0101tr\u0101ku atvese\u013co\u0161anos. Pap\u0113\u017ea un pirkstu zonas izgatavotas no modernas <strong>COOLMAX\u00ae<\/strong> audums, kas nodro\u0161ina triecienu absorbciju, efekt\u012bvu temperat\u016bras regul\u0113\u0161anu un nov\u0113r\u0161 p\u016bsl\u012b\u0161u veido\u0161anos. Elpojo\u0161ais siets \u013cauj p\u0113dai palikt sausai pat visaugst\u0101kaj\u0101 intensit\u0101tes l\u012bmen\u012b.<\/p>\n<p data-start=\"86\" data-end=\"433\"><strong data-start=\"829\" data-end=\"853\">Galven\u0101s funkcijas:<\/strong><\/p>\n<p data-start=\"86\" data-end=\"433\">\u2714\ufe0f <strong>Uzlabots atbalsts:<\/strong> papildu stabilit\u0101te pot\u012btes un p\u0113das da\u013c\u0101<br data-start=\"937\" data-end=\"940\" \/>\u2714\ufe0f<strong> Vid\u0113ja kompresija:<\/strong> uzlabo asinsriti, samazina musku\u013cu sasprindzin\u0101jumu<br data-start=\"1014\" data-end=\"1017\" \/>\u2714\ufe0f<strong> COOLMAX\u00ae audums:<\/strong> Efekt\u012bva mitruma novad\u012b\u0161ana, aizsardz\u012bba pret p\u016bsl\u012b\u0161u veido\u0161anos<br data-start=\"1085\" data-end=\"1088\" \/>\u2714\ufe0f<strong> Elpojo\u0161a strukt\u016bra:<\/strong> optim\u0101la \u0101das temperat\u016bra akt\u012bvas kust\u012bbas laik\u0101<br data-start=\"1162\" data-end=\"1165\" \/>\u2714\ufe0f <strong>Viegls, bet iztur\u012bgs audums:<\/strong> iztur\u012bba un komforts uz katra so\u013ca<br data-start=\"1248\" data-end=\"1251\" data-is-only-node=\"\" \/>\u2714\ufe0f <strong>Ra\u017eots Sp\u0101nij\u0101:<\/strong> visaugst\u0101kie kvalit\u0101tes standarti, kas balst\u012bti uz profesion\u0101lo pieredzi.<\/p>","protected":false},"featured_media":33627,"comment_status":"open","ping_status":"closed","template":"","meta":{"_acf_changed":false},"product_brand":[246],"product_cat":[98,102],"product_tag":[],"class_list":{"0":"post-33609","1":"product","2":"type-product","3":"status-publish","4":"has-post-thumbnail","6":"product_brand-sporcks","7":"product_cat-sportui","8":"product_cat-kojines","10":"first","11":"instock","12":"shipping-taxable","13":"purchasable","14":"product-type-variable"},"acf":[],"tiered_pricing_type":"fixed","tiered_pricing_fixed_rules":[],"tiered_pricing_product_settings":{"layout":"default","base_unit_name":{"singular":null,"plural":null},"default_variation":null},"tiered_pricing_minimum_quantity":null,"tiered_pricing_roles_data":[],"tiered_pricing_percentage_rules":[],"_links":{"self":[{"href":"https:\/\/purama.lt\/lv\/wp-json\/wp\/v2\/product\/33609","targetHints":{"allow":["GET"]}}],"collection":[{"href":"https:\/\/purama.lt\/lv\/wp-json\/wp\/v2\/product"}],"about":[{"href":"https:\/\/purama.lt\/lv\/wp-json\/wp\/v2\/types\/product"}],"replies":[{"embeddable":true,"href":"https:\/\/purama.lt\/lv\/wp-json\/wp\/v2\/comments?post=33609"}],"wp:featuredmedia":[{"embeddable":true,"href":"https:\/\/purama.lt\/lv\/wp-json\/wp\/v2\/media\/33627"}],"wp:attachment":[{"href":"https:\/\/purama.lt\/lv\/wp-json\/wp\/v2\/media?parent=33609"}],"wp:term":[{"taxonomy":"product_brand","embeddable":true,"href":"https:\/\/purama.lt\/lv\/wp-json\/wp\/v2\/product_brand?post=33609"},{"taxonomy":"product_cat","embeddable":true,"href":"https:\/\/purama.lt\/lv\/wp-json\/wp\/v2\/product_cat?post=33609"},{"taxonomy":"product_tag","embeddable":true,"href":"https:\/\/purama.lt\/lv\/wp-json\/wp\/v2\/product_tag?post=33609"}],"curies":[{"name":"wp","href":"https:\/\/api.w.org\/{rel}","templated":true}]}}