{"id":33608,"date":"2025-04-02T13:05:44","date_gmt":"2025-04-02T13:05:44","guid":{"rendered":"https:\/\/purama.lt\/produktas\/kojines-tokyo-green-sporcks\/"},"modified":"2026-04-21T12:18:43","modified_gmt":"2026-04-21T10:18:43","slug":"kojines-tokyo-green-sporcks","status":"publish","type":"product","link":"https:\/\/purama.lt\/lv\/produktas\/kojines-tokyo-green-sporcks\/","title":{"rendered":"SPORCKS Tokyo Green sporta ze\u0137es"},"content":{"rendered":"<p>Vai mekl\u0113jat vair\u0101k? Apskatiet visu <a href=\"\/lv\/produktu-etiketes\/sporcks\/\">Sporcks sortimentu<\/a>.<\/p>","protected":false},"excerpt":{"rendered":"<p class=\"\" data-start=\"203\" data-end=\"479\"><strong>SPORCKS Tokija Za\u013c\u0161<\/strong> - ir izcila dizaina un progres\u012bvu tehnolo\u0123iju apvienojums, kas izstr\u0101d\u0101ts, lai nodro\u0161in\u0101tu maksim\u0101lu komfortu un funkcionalit\u0101ti katr\u0101 sol\u012b. \u0160\u012bs skrie\u0161anas ze\u0137es ir paredz\u0113tas akt\u012bvam dz\u012bvesveidam - no \u012bsiem treni\u0146iem l\u012bdz pat garo distan\u010du sacens\u012bb\u0101m.<\/p>\n<p class=\"\" data-start=\"481\" data-end=\"764\">Anatomiski piel\u0101gotais dizains ar papildu atbalstu pot\u012btes un p\u0113das da\u013c\u0101 nodro\u0161ina stabilit\u0101ti, nov\u0113r\u0161 nogurumu un pal\u012bdz saglab\u0101t pareizu p\u0113das st\u0101vokli. M\u0113rena kompresija veicina asinsriti, mazina musku\u013cu nogurumu un pal\u012bdz nov\u0113rst mikrotraumas.<\/p>\n<p class=\"\" data-start=\"766\" data-end=\"1062\"><strong>COOLMAX\u00ae<\/strong> Audums pap\u0113\u017ea un pirkstu zon\u0101 efekt\u012bvi absorb\u0113 triecienus, \u013cauj \u0101dai elpot un samazina tulznu veido\u0161an\u0101s risku. Viegls, \u0101tri \u017e\u016bsto\u0161s audums nodro\u0161ina sausuma saj\u016btu pat visintens\u012bv\u0101ko treni\u0146u laik\u0101, savuk\u0101rt elpojo\u0161s t\u012bklveida sl\u0101nis pal\u012bdz uztur\u0113t optim\u0101lu p\u0113du temperat\u016bru.<\/p>\n<p class=\"\" data-start=\"1064\" data-end=\"1088\"><strong data-start=\"1064\" data-end=\"1088\">Galven\u0101s funkcijas:<\/strong><\/p>\n<ul>\n<li data-start=\"1091\" data-end=\"1157\"><strong>Anatomiskais atbalsts:<\/strong> Stabilit\u0101te pot\u012btes un zoles da\u013c\u0101.<\/li>\n<li data-start=\"1160\" data-end=\"1230\"><strong>M\u0113rena kompresija:<\/strong> Uzlabo asinsriti un mazina nogurumu.<\/li>\n<li data-start=\"1233\" data-end=\"1295\"><strong>COOLMAX\u00ae tehnolo\u0123ija:<\/strong> Elpojo\u0161s audums un aizsardz\u012bba pret triecieniem.<\/li>\n<li data-start=\"1298\" data-end=\"1367\"><strong>\u0100tra mitruma iztvaiko\u0161ana:<\/strong> Sausas un svaigas k\u0101jas visu treni\u0146a laiku.<\/li>\n<li data-start=\"1370\" data-end=\"1436\"><strong>Ra\u017eots Sp\u0101nij\u0101:<\/strong> Augstas kvalit\u0101tes, profesion\u0101lu sportistu iedvesmots.<\/li>\n<li data-start=\"1439\" data-end=\"1533\"><strong>Unik\u0101ls dizains:<\/strong> Kr\u0101sains, izteiksm\u012bgs stils, kas piem\u0113rots gan sportam, gan ikdienas valk\u0101\u0161anai.<\/li>\n<\/ul>","protected":false},"featured_media":33625,"comment_status":"open","ping_status":"closed","template":"","meta":{"_acf_changed":false},"product_brand":[246],"product_cat":[98,57,102],"product_tag":[],"class_list":{"0":"post-33608","1":"product","2":"type-product","3":"status-publish","4":"has-post-thumbnail","6":"product_brand-sporcks","7":"product_cat-sportui","8":"product_cat-akcijos","9":"product_cat-kojines","11":"first","12":"instock","13":"sale","14":"shipping-taxable","15":"purchasable","16":"product-type-variable"},"acf":[],"tiered_pricing_type":"fixed","tiered_pricing_fixed_rules":[],"tiered_pricing_product_settings":{"layout":"default","base_unit_name":{"singular":null,"plural":null},"default_variation":null},"tiered_pricing_minimum_quantity":null,"tiered_pricing_roles_data":[],"tiered_pricing_percentage_rules":[],"_links":{"self":[{"href":"https:\/\/purama.lt\/lv\/wp-json\/wp\/v2\/product\/33608","targetHints":{"allow":["GET"]}}],"collection":[{"href":"https:\/\/purama.lt\/lv\/wp-json\/wp\/v2\/product"}],"about":[{"href":"https:\/\/purama.lt\/lv\/wp-json\/wp\/v2\/types\/product"}],"replies":[{"embeddable":true,"href":"https:\/\/purama.lt\/lv\/wp-json\/wp\/v2\/comments?post=33608"}],"wp:featuredmedia":[{"embeddable":true,"href":"https:\/\/purama.lt\/lv\/wp-json\/wp\/v2\/media\/33625"}],"wp:attachment":[{"href":"https:\/\/purama.lt\/lv\/wp-json\/wp\/v2\/media?parent=33608"}],"wp:term":[{"taxonomy":"product_brand","embeddable":true,"href":"https:\/\/purama.lt\/lv\/wp-json\/wp\/v2\/product_brand?post=33608"},{"taxonomy":"product_cat","embeddable":true,"href":"https:\/\/purama.lt\/lv\/wp-json\/wp\/v2\/product_cat?post=33608"},{"taxonomy":"product_tag","embeddable":true,"href":"https:\/\/purama.lt\/lv\/wp-json\/wp\/v2\/product_tag?post=33608"}],"curies":[{"name":"wp","href":"https:\/\/api.w.org\/{rel}","templated":true}]}}