{"id":33607,"date":"2025-04-02T13:05:44","date_gmt":"2025-04-02T13:05:44","guid":{"rendered":"https:\/\/purama.lt\/produktas\/kojines-tokyo-white-sporcks\/"},"modified":"2026-04-21T12:19:26","modified_gmt":"2026-04-21T10:19:26","slug":"tokijas-baltas-sporta-bikses","status":"publish","type":"product","link":"https:\/\/purama.lt\/lv\/produktas\/kojines-tokyo-white-sporcks\/","title":{"rendered":"SPORCKS Tokijas Baltas sporta ze\u0137es"},"content":{"rendered":"<p>Vai mekl\u0113jat vair\u0101k? Apskatiet visu <a href=\"\/lv\/produktu-etiketes\/sporcks\/\">Sporcks sortimentu<\/a>.<\/p>","protected":false},"excerpt":{"rendered":"<p class=\"\" data-start=\"0\" data-end=\"268\"><strong data-start=\"0\" data-end=\"113\">SPORCKS Tokyo White \u2013 modernus dizainas, maksimalus komfortas ir auk\u0161\u010diausio lygio na\u0161umas viename.<\/strong> \u0160\u012bs tehnisk\u0101s ze\u0137es, kas paredz\u0113tas intens\u012bvai skrie\u0161anai un akt\u012bvam dz\u012bvesveidam, nodro\u0161ina stabilit\u0101ti, elpojam\u012bbu un ide\u0101lu piegulumu p\u0113das formai.<\/p>\n<p class=\"\" data-start=\"270\" data-end=\"571\">Ergonomiski veidota konstrukcija ar papildu pastiprin\u0101jumu pot\u012btes un zoles zon\u0101 samazina nogurumu, saglab\u0101 dabisku pozicion\u0113jumu un aizsarg\u0101 pret p\u0101rslodzi pat visgar\u0101ko distan\u010du laik\u0101. Integr\u0113t\u0101 vid\u0113ja l\u012bme\u0146a kompresija uzlabo asinsriti, pal\u012bdz \u0101tr\u0101k atjaunoties un samazina iekaisumu risku.<\/p>\n<p class=\"\" data-start=\"573\" data-end=\"926\">Pap\u0113\u017ea un pirkstu zonas, kas izgatavotas no uzlabotas <strong data-start=\"628\" data-end=\"648\">COOLMAX\u00ae audums<\/strong>kas absorb\u0113 triecienus, \u013cauj \u0101dai elpot un aizsarg\u0101 pret tulzn\u0101m. \u0100tri \u017e\u016bsto\u0161ais materi\u0101ls nodro\u0161ina sausumu un komfortu pat karst\u0101kaj\u0101s dien\u0101s vai intens\u012bvu treni\u0146u laik\u0101. Tokyo White minim\u0101listiskais dizains atspogu\u013co pils\u0113tas t\u012bro, est\u0113tisko un sportisko noska\u0146u.<\/p>\n<p class=\"\" data-start=\"928\" data-end=\"956\"><strong data-start=\"928\" data-end=\"956\">Galvenie ieguvumi:<\/strong><\/p>\n<ul>\n<li data-start=\"959\" data-end=\"1054\"><strong data-start=\"959\" data-end=\"987\">M\u0113r\u0137tiec\u012bgs pastiprin\u0101jums:<\/strong> Atbalsts tur, kur tas ir visvair\u0101k nepiecie\u0161ams - pot\u012bt\u0113 un apak\u0161stilb\u0101.<\/li>\n<li data-start=\"1057\" data-end=\"1121\"><strong data-start=\"1057\" data-end=\"1081\">Kompresijas funkcija:<\/strong> Lab\u0101ka asinsrite, maz\u0101ks nogurums.<\/li>\n<li data-start=\"1124\" data-end=\"1188\"><strong data-start=\"1124\" data-end=\"1150\">COOLMAX\u00ae tehnolo\u0123ija:<\/strong> Aizsardz\u012bba pret triecieniem, elpojam\u012bba, sausums.<\/li>\n<li data-start=\"1191\" data-end=\"1256\"><strong data-start=\"1191\" data-end=\"1217\">T\u012bkla ventil\u0101cija:<\/strong> Optim\u0101la temperat\u016bra visa sporta veida laik\u0101.<\/li>\n<li data-start=\"1259\" data-end=\"1331\"><strong data-start=\"1259\" data-end=\"1292\">Uzticama kvalit\u0101te no Sp\u0101nijas:<\/strong> Atbalsta profesion\u0101li sportisti.<\/li>\n<\/ul>","protected":false},"featured_media":33628,"comment_status":"open","ping_status":"closed","template":"","meta":{"_acf_changed":false},"product_brand":[246],"product_cat":[98,57,102],"product_tag":[],"class_list":{"0":"post-33607","1":"product","2":"type-product","3":"status-publish","4":"has-post-thumbnail","6":"product_brand-sporcks","7":"product_cat-sportui","8":"product_cat-akcijos","9":"product_cat-kojines","11":"first","12":"instock","13":"sale","14":"shipping-taxable","15":"purchasable","16":"product-type-variable"},"acf":[],"tiered_pricing_type":"fixed","tiered_pricing_fixed_rules":[],"tiered_pricing_product_settings":{"layout":"default","base_unit_name":{"singular":null,"plural":null},"default_variation":null},"tiered_pricing_minimum_quantity":null,"tiered_pricing_roles_data":[],"tiered_pricing_percentage_rules":[],"_links":{"self":[{"href":"https:\/\/purama.lt\/lv\/wp-json\/wp\/v2\/product\/33607","targetHints":{"allow":["GET"]}}],"collection":[{"href":"https:\/\/purama.lt\/lv\/wp-json\/wp\/v2\/product"}],"about":[{"href":"https:\/\/purama.lt\/lv\/wp-json\/wp\/v2\/types\/product"}],"replies":[{"embeddable":true,"href":"https:\/\/purama.lt\/lv\/wp-json\/wp\/v2\/comments?post=33607"}],"wp:featuredmedia":[{"embeddable":true,"href":"https:\/\/purama.lt\/lv\/wp-json\/wp\/v2\/media\/33628"}],"wp:attachment":[{"href":"https:\/\/purama.lt\/lv\/wp-json\/wp\/v2\/media?parent=33607"}],"wp:term":[{"taxonomy":"product_brand","embeddable":true,"href":"https:\/\/purama.lt\/lv\/wp-json\/wp\/v2\/product_brand?post=33607"},{"taxonomy":"product_cat","embeddable":true,"href":"https:\/\/purama.lt\/lv\/wp-json\/wp\/v2\/product_cat?post=33607"},{"taxonomy":"product_tag","embeddable":true,"href":"https:\/\/purama.lt\/lv\/wp-json\/wp\/v2\/product_tag?post=33607"}],"curies":[{"name":"wp","href":"https:\/\/api.w.org\/{rel}","templated":true}]}}