{"id":33606,"date":"2025-04-02T13:05:43","date_gmt":"2025-04-02T13:05:43","guid":{"rendered":"https:\/\/purama.lt\/produktas\/kojines-happy-run-white-sporcks\/"},"modified":"2026-04-03T10:27:17","modified_gmt":"2026-04-03T08:27:17","slug":"kojines-happy-run-white-sporcks","status":"publish","type":"product","link":"https:\/\/purama.lt\/lv\/produktas\/kojines-happy-run-white-sporcks\/","title":{"rendered":"SPORCKS Happy Run White sporta ze\u0137es"},"content":{"rendered":"<p>Vai mekl\u0113jat vair\u0101k? Apskatiet visu <a href=\"\/lv\/produktu-etiketes\/sporcks\/\">Sporcks sortimentu<\/a>.<\/p>","protected":false},"excerpt":{"rendered":"<p class=\"\" data-start=\"0\" data-end=\"356\"><strong data-start=\"0\" data-end=\"110\">SPORCKS Happy Run White \u2013 t\u0101 ir skrie\u0161anas ze\u0137es, kas rad\u012btas ne tikai komfortam, bet ar\u012b labai omul\u012bgai saj\u016btai.<\/strong> T\u012brs, minim\u0101lisma dizains ar optimistisku v\u0113st\u012bjumu atg\u0101dina, ka katrs solis var b\u016bt viegls, ener\u0123isks un priec\u012bgs. \u0160\u012bs augstas kvalit\u0101tes ze\u0137es nodro\u0161ina funkcionalit\u0101ti gan ikdienas treni\u0146iem, gan gar\u0101k\u0101m distanc\u0113m. Anatomiski piel\u0101gotas p\u0113dai, ar pastiprin\u0101jumiem pie p\u0113das un pot\u012btes, t\u0101s pal\u012bdz saglab\u0101t stabilit\u0101ti un mazina nogurumu skrie\u0161anas laik\u0101. Vid\u0113ja kompresija veicina asinsriti, bet <strong>COOLMAX\u00ae<\/strong> Audums efekt\u012bvi novada mitrumu, aizsarg\u0101 pret berzi un pal\u012bdz nov\u0113rst tulznas. Viegls, elpojo\u0161s audums nodro\u0161ina sausumu un komfortu treni\u0146a laik\u0101.<\/p>\n<p data-start=\"0\" data-end=\"356\"><strong data-start=\"741\" data-end=\"769\">Galvenie ieguvumi:<\/strong><\/p>\n<p data-start=\"0\" data-end=\"356\">\u2714\ufe0f Stabilit\u0101te un atbalsts akt\u012bvai skrie\u0161anai<br data-start=\"812\" data-end=\"815\" \/>\u2714\ufe0f Vid\u0113ja kompresija - maz\u0101ks musku\u013cu nogurums<br data-start=\"866\" data-end=\"869\" \/>\u2714\ufe0f COOLMAX\u00ae tehnolo\u0123ija - optim\u0101la gaisa cirkul\u0101cija un mitruma kontrole.<br data-start=\"941\" data-end=\"944\" \/>\u2714\ufe0f Dro\u0161a aizsardz\u012bba pret tulzn\u0101m<br data-start=\"974\" data-end=\"977\" \/>\u2714\ufe0f Ekskluz\u012bvs dizains - minim\u0101lisms un pozit\u012bvisms<br data-start=\"1030\" data-end=\"1033\" \/>\u2714\ufe0f Ra\u017eots Sp\u0101nij\u0101 - garant\u0113ta kvalit\u0101te<\/p>","protected":false},"featured_media":33626,"comment_status":"open","ping_status":"closed","template":"","meta":{"_acf_changed":false},"product_brand":[246],"product_cat":[98,57,102],"product_tag":[],"class_list":{"0":"post-33606","1":"product","2":"type-product","3":"status-publish","4":"has-post-thumbnail","6":"product_brand-sporcks","7":"product_cat-sportui","8":"product_cat-akcijos","9":"product_cat-kojines","11":"first","12":"instock","13":"sale","14":"shipping-taxable","15":"purchasable","16":"product-type-variable"},"acf":[],"tiered_pricing_type":"fixed","tiered_pricing_fixed_rules":[],"tiered_pricing_product_settings":{"layout":"default","base_unit_name":{"singular":null,"plural":null},"default_variation":null},"tiered_pricing_minimum_quantity":null,"tiered_pricing_roles_data":[],"tiered_pricing_percentage_rules":[],"_links":{"self":[{"href":"https:\/\/purama.lt\/lv\/wp-json\/wp\/v2\/product\/33606","targetHints":{"allow":["GET"]}}],"collection":[{"href":"https:\/\/purama.lt\/lv\/wp-json\/wp\/v2\/product"}],"about":[{"href":"https:\/\/purama.lt\/lv\/wp-json\/wp\/v2\/types\/product"}],"replies":[{"embeddable":true,"href":"https:\/\/purama.lt\/lv\/wp-json\/wp\/v2\/comments?post=33606"}],"wp:featuredmedia":[{"embeddable":true,"href":"https:\/\/purama.lt\/lv\/wp-json\/wp\/v2\/media\/33626"}],"wp:attachment":[{"href":"https:\/\/purama.lt\/lv\/wp-json\/wp\/v2\/media?parent=33606"}],"wp:term":[{"taxonomy":"product_brand","embeddable":true,"href":"https:\/\/purama.lt\/lv\/wp-json\/wp\/v2\/product_brand?post=33606"},{"taxonomy":"product_cat","embeddable":true,"href":"https:\/\/purama.lt\/lv\/wp-json\/wp\/v2\/product_cat?post=33606"},{"taxonomy":"product_tag","embeddable":true,"href":"https:\/\/purama.lt\/lv\/wp-json\/wp\/v2\/product_tag?post=33606"}],"curies":[{"name":"wp","href":"https:\/\/api.w.org\/{rel}","templated":true}]}}