{"id":33605,"date":"2025-04-02T13:05:43","date_gmt":"2025-04-02T13:05:43","guid":{"rendered":"https:\/\/purama.lt\/produktas\/kojines-run-or-die-sporcks\/"},"modified":"2026-05-05T09:49:24","modified_gmt":"2026-05-05T07:49:24","slug":"kojines-palaist-vai-mirt-sporcks","status":"publish","type":"product","link":"https:\/\/purama.lt\/lv\/produktas\/kojines-run-or-die-sporcks\/","title":{"rendered":"SPORCKS Run Or Die sporta ze\u0137es"},"content":{"rendered":"<p>Vai mekl\u0113jat vair\u0101k? Apskatiet visu <a href=\"\/lv\/produktu-etiketes\/sporcks\/\">Sporcks sortimentu<\/a>.<\/p>","protected":false},"excerpt":{"rendered":"<p class=\"\" data-start=\"119\" data-end=\"536\"><strong data-start=\"119\" data-end=\"232\">SPORCKS Run Or Die \u2013 tai auk\u0161to lygio b\u0117gimo kojin\u0117s, sukurtos sportininkams, kurie siekia daugiau.<\/strong> Drosm\u012bgais, ko\u0161ais dizains simboliz\u0113 iztur\u012bbu un ap\u0146\u0113m\u012bbu, savuk\u0101rt modern\u0101s tehnolo\u0123ijas nodro\u0161ina komfortu un funkcionalit\u0101ti ik uz so\u013ca. Ze\u0137es lieliski piegu\u013c k\u0101jai, un pastiprin\u0101t\u0101s zonas pie pot\u012btes un p\u0113das nodro\u0161ina papildu atbalstu un pal\u012bdz mazin\u0101t nogurumu garu skr\u0113jienu laik\u0101. Vid\u0113ja l\u012bme\u0146a kompresija veicina lab\u0101ku asinsriti, mazina musku\u013cu sasprindzin\u0101jumu un veicina \u0101tr\u0101ku atvese\u013co\u0161anos. Pap\u0113\u017ea un pirkstu zonas izgatavotas no <strong>COOLMAX\u00ae<\/strong> audums, kas efekt\u012bvi iztvaiko mitrumu, nov\u0113r\u0161 nodilumu un nodro\u0161ina lielisku triecienu absorbciju. Elpojo\u0161ais audums uztur optim\u0101lu p\u0113du temperat\u016bru, t\u0101p\u0113c pat intens\u012bvu treni\u0146u laik\u0101 j\u016btaties sausi un svaigi.<\/p>\n<p data-start=\"119\" data-end=\"536\"><strong data-start=\"921\" data-end=\"949\">Galvenie ieguvumi:<\/strong><\/p>\n<p data-start=\"119\" data-end=\"536\">\u2714\ufe0f Prec\u012bza forma un stabilit\u0101te akt\u012bv\u0101m kust\u012bb\u0101m<br data-start=\"1000\" data-end=\"1003\" \/>\u2714\ufe0f Vid\u0113ja kompresija - lab\u0101ka asinsrite un maz\u0101ks nogurums<br data-start=\"1068\" data-end=\"1071\" \/>\u2714\ufe0f COOLMAX\u00ae - aizsardz\u012bba pret mitrumu un tulzn\u0101m<br data-start=\"1114\" data-end=\"1117\" \/>\u2714\ufe0f Stipr\u0101s jomas - ilgm\u016b\u017e\u012bba un atbalsts<br data-start=\"1164\" data-end=\"1167\" \/>\u2714\ufe0f Perfekta elpo\u0161ana - komforts visa sporta veida laik\u0101<br data-start=\"1216\" data-end=\"1219\" data-is-only-node=\"\" \/>\u2714\ufe0f Ra\u017eots Sp\u0101nij\u0101 - augsta kvalit\u0101te un uzticam\u012bba<\/p>","protected":false},"featured_media":33624,"comment_status":"open","ping_status":"closed","template":"","meta":{"_acf_changed":false},"product_brand":[246],"product_cat":[98,102],"product_tag":[],"class_list":{"0":"post-33605","1":"product","2":"type-product","3":"status-publish","4":"has-post-thumbnail","6":"product_brand-sporcks","7":"product_cat-sportui","8":"product_cat-kojines","10":"first","11":"instock","12":"shipping-taxable","13":"purchasable","14":"product-type-variable"},"acf":[],"tiered_pricing_type":"fixed","tiered_pricing_fixed_rules":[],"tiered_pricing_product_settings":{"layout":"default","base_unit_name":{"singular":null,"plural":null},"default_variation":null},"tiered_pricing_minimum_quantity":null,"tiered_pricing_roles_data":[],"tiered_pricing_percentage_rules":[],"_links":{"self":[{"href":"https:\/\/purama.lt\/lv\/wp-json\/wp\/v2\/product\/33605","targetHints":{"allow":["GET"]}}],"collection":[{"href":"https:\/\/purama.lt\/lv\/wp-json\/wp\/v2\/product"}],"about":[{"href":"https:\/\/purama.lt\/lv\/wp-json\/wp\/v2\/types\/product"}],"replies":[{"embeddable":true,"href":"https:\/\/purama.lt\/lv\/wp-json\/wp\/v2\/comments?post=33605"}],"wp:featuredmedia":[{"embeddable":true,"href":"https:\/\/purama.lt\/lv\/wp-json\/wp\/v2\/media\/33624"}],"wp:attachment":[{"href":"https:\/\/purama.lt\/lv\/wp-json\/wp\/v2\/media?parent=33605"}],"wp:term":[{"taxonomy":"product_brand","embeddable":true,"href":"https:\/\/purama.lt\/lv\/wp-json\/wp\/v2\/product_brand?post=33605"},{"taxonomy":"product_cat","embeddable":true,"href":"https:\/\/purama.lt\/lv\/wp-json\/wp\/v2\/product_cat?post=33605"},{"taxonomy":"product_tag","embeddable":true,"href":"https:\/\/purama.lt\/lv\/wp-json\/wp\/v2\/product_tag?post=33605"}],"curies":[{"name":"wp","href":"https:\/\/api.w.org\/{rel}","templated":true}]}}