{"id":33604,"date":"2025-04-02T13:05:43","date_gmt":"2025-04-02T13:05:43","guid":{"rendered":"https:\/\/purama.lt\/produktas\/meda-kineziologinis-pleistras-veidui-rozinis\/"},"modified":"2026-02-15T20:10:43","modified_gmt":"2026-02-15T18:10:43","slug":"zelta-lentes-kineziologiskais-sejas-plaksteris-roza-krasa","status":"publish","type":"product","link":"https:\/\/purama.lt\/lv\/produktas\/gold-tape-kineziologinis-pleistras-veidui-rozinis\/","title":{"rendered":"GOLD TAPE Kineziolo\u0123iskais sejas pl\u0101ksteris - roz\u0101 kr\u0101s\u0101"},"content":{"rendered":"","protected":false},"excerpt":{"rendered":"<p class=\"\" data-start=\"0\" data-end=\"107\"><strong>GOLD TAPE kineziolo\u0123iskais pl\u0101ksteris sejai<\/strong> - maigs, bet efekt\u012bvs ikdienas \u0101das kop\u0161anas l\u012bdzeklis. Roz\u0101 GOLD TAPE sejas pl\u0101ksteris ir smalks risin\u0101jums tiem, kas v\u0113las atjaunot \u0101du bez invaz\u012bv\u0101m proced\u016br\u0101m. Tas ir \u012bpa\u0161i izstr\u0101d\u0101ts sejas zonai, maigi pace\u013c \u0101du, mazina sasprindzin\u0101jumu un aktiviz\u0113 dabiskos re\u0123ener\u0101cijas procesus. Piem\u0113rots lieto\u0161anai kosm\u0113tiskaj\u0101s proced\u016br\u0101s, k\u0101 ar\u012b m\u0101jas apst\u0101k\u013cos - s\u0101kot no sejas limfodren\u0101\u017eas l\u012bdz grumbu mazin\u0101\u0161anai vai \u0101das tonusa uzlabo\u0161anai.<\/p>\n<p class=\"\" data-start=\"639\" data-end=\"987\"><strong data-start=\"639\" data-end=\"696\">K\u0101p\u0113c izv\u0113l\u0113ties roz\u0101 sejas pl\u0101ksteri GOLD TAPE?<\/strong><br data-start=\"696\" data-end=\"699\" \/>\u2714\ufe0f Maigi pace\u013c un toniz\u0113 \u0101du.<br data-start=\"735\" data-end=\"738\" \/>\u2714\ufe0f Stimul\u0113 asinsriti un limfas pl\u016bsmu.<br data-start=\"778\" data-end=\"781\" \/>\u2714\ufe0f Samazina piet\u016bkumu un tum\u0161os lokus zem ac\u012bm.<br data-start=\"829\" data-end=\"832\" data-is-only-node=\"\" \/>\u2714\ufe0f Regul\u0113 musku\u013cu sasprindzin\u0101jumu, izl\u012bdzina grumbas.<br data-start=\"877\" data-end=\"880\" \/>\u2714\ufe0f Pal\u012bdz veidot tvirt\u0101ku un skaidr\u0101ku sejas kont\u016bru.<br data-start=\"935\" data-end=\"938\" \/>\u2714\ufe0f Piem\u0113rots jut\u012bgai \u0101dai un ikdienas lieto\u0161anai<\/p>\n<p class=\"\" data-start=\"989\" data-end=\"1147\"><strong data-start=\"989\" data-end=\"1012\">Pieteikumi:<\/strong><br data-start=\"1012\" data-end=\"1015\" \/>- Dubultzods<br data-start=\"1033\" data-end=\"1036\" \/>- Noguru\u0161as acis, tum\u0161i loki<br data-start=\"1070\" data-end=\"1073\" \/>- Saguru\u0161as sejas aprises<br data-start=\"1097\" data-end=\"1100\" data-is-only-node=\"\" \/>- Zilumi un piet\u016bkumi<br data-start=\"1122\" data-end=\"1125\" \/>- Imit\u0113 grumbas<\/p>\n<p class=\"\" data-start=\"1149\" data-end=\"1296\"><strong>Roz\u0101 GOLD TAPE pl\u0101ksteris<\/strong> - Tas ir ne tikai skaistumkop\u0161anas l\u012bdzeklis, bet ar\u012b dabisks veids, k\u0101 saglab\u0101t jaunekl\u012bgu izskatu bez adat\u0101m vai agres\u012bv\u0101m metod\u0113m.<\/p>","protected":false},"featured_media":40718,"comment_status":"open","ping_status":"closed","template":"","meta":{"_acf_changed":false},"product_brand":[],"product_cat":[59,92],"product_tag":[],"class_list":{"0":"post-33604","1":"product","2":"type-product","3":"status-publish","4":"has-post-thumbnail","6":"product_cat-veidui","7":"product_cat-groziui","9":"first","10":"instock","11":"shipping-taxable","12":"purchasable","13":"product-type-simple"},"acf":[],"tiered_pricing_type":"fixed","tiered_pricing_fixed_rules":[],"tiered_pricing_product_settings":{"layout":"default","base_unit_name":{"singular":null,"plural":null},"default_variation":null},"tiered_pricing_minimum_quantity":null,"tiered_pricing_roles_data":[],"tiered_pricing_percentage_rules":[],"_links":{"self":[{"href":"https:\/\/purama.lt\/lv\/wp-json\/wp\/v2\/product\/33604","targetHints":{"allow":["GET"]}}],"collection":[{"href":"https:\/\/purama.lt\/lv\/wp-json\/wp\/v2\/product"}],"about":[{"href":"https:\/\/purama.lt\/lv\/wp-json\/wp\/v2\/types\/product"}],"replies":[{"embeddable":true,"href":"https:\/\/purama.lt\/lv\/wp-json\/wp\/v2\/comments?post=33604"}],"wp:featuredmedia":[{"embeddable":true,"href":"https:\/\/purama.lt\/lv\/wp-json\/wp\/v2\/media\/40718"}],"wp:attachment":[{"href":"https:\/\/purama.lt\/lv\/wp-json\/wp\/v2\/media?parent=33604"}],"wp:term":[{"taxonomy":"product_brand","embeddable":true,"href":"https:\/\/purama.lt\/lv\/wp-json\/wp\/v2\/product_brand?post=33604"},{"taxonomy":"product_cat","embeddable":true,"href":"https:\/\/purama.lt\/lv\/wp-json\/wp\/v2\/product_cat?post=33604"},{"taxonomy":"product_tag","embeddable":true,"href":"https:\/\/purama.lt\/lv\/wp-json\/wp\/v2\/product_tag?post=33604"}],"curies":[{"name":"wp","href":"https:\/\/api.w.org\/{rel}","templated":true}]}}