{"id":33603,"date":"2025-04-02T13:05:42","date_gmt":"2025-04-02T13:05:42","guid":{"rendered":"https:\/\/purama.lt\/produktas\/meda-kineziologinis-pleistras-veidui-melynas\/"},"modified":"2026-03-19T16:22:43","modified_gmt":"2026-03-19T14:22:43","slug":"rea-tape-kineziologiskais-sejas-plaksteris-zils","status":"publish","type":"product","link":"https:\/\/purama.lt\/lv\/produktas\/rea-tape-kineziologinis-pleistras-veidui-melynas\/","title":{"rendered":"REA TAPE Kineziolo\u0123iskais sejas pl\u0101ksteris - zils"},"content":{"rendered":"","protected":false},"excerpt":{"rendered":"<p data-pm-slice=\"1 1 []\"><strong>REA TAPE sejas kineziolo\u0123iskais pl\u0101ksteris (zils) - efekt\u012bva un m\u016bsdien\u012bga sejas kop\u0161ana bez invazivit\u0101tes\u00a0<\/strong>Mekl\u0113jat dabisku risin\u0101jumu \u0101das savilk\u0161anai un sejas kont\u016bru atjauno\u0161anai? Izm\u0113\u0123iniet <strong>REA TAPE <\/strong>Zili kineziolo\u0123iskie pl\u0101ksteri, kas smalki, bet efekt\u012bvi pal\u012bdz veidot sejas l\u012bnijas, mazina piet\u016bkumu un veicina lab\u0101ku asinsriti. \u0160ie pl\u0101ksteri ir \u012bpa\u0161i izstr\u0101d\u0101ti sejas zonai, piel\u0101gojas individu\u0101lai \u0101das strukt\u016brai, uztur musku\u013cu l\u012bdzsvaru un veicina dabiskos re\u0123ener\u0101cijas procesus. \u0160is produkts ir ide\u0101li piem\u0113rots ikdienas lieto\u0161anai m\u0101j\u0101s vai k\u0101 papildu proced\u016bra profesion\u0101la est\u0113ti\u0137a kabinet\u0101. Bez injekcij\u0101m. Bez \u0137irur\u0123iskas iejauk\u0161an\u0101s. Tikai inteli\u0123enta, maiga un redzama iedarb\u012bba.<\/p>\n<p><strong>K\u0101p\u0113c izm\u0113\u0123in\u0101t REA TAPE zilo sejas pl\u0101ksteri?<\/strong><br \/>\n\u2714\ufe0f Vizu\u0101li pace\u013c un toniz\u0113 \u0101du<br \/>\n\u2714\ufe0f Pal\u012bdz mazin\u0101t smalk\u0101s grumbi\u0146as un musku\u013cu sasprindzin\u0101jumu.<br \/>\n\u2714\ufe0f Veido regul\u0101r\u0101ku sejas ov\u0101lu<br \/>\n\u2714\ufe0f Stimul\u0113 limfas cirkul\u0101ciju un mazina piet\u016bkumu.<br \/>\n\u2714\ufe0f Uzlabo \u0101das kop\u0113jo izskatu un elast\u012bbu.<br \/>\n\u2714\ufe0f Aktiviz\u0113 \u0101das atjauno\u0161an\u0101s procesus<br \/>\n\u2714\ufe0f Ener\u0123ijas pie\u0161\u0137ir noguru\u0161ai sejai<\/p>\n<p><strong>Pieteikumi:<\/strong><br \/>\n- Dubultzoda korekcija<br \/>\n- P\u0101rguru\u0161as acis, noguruma paz\u012bmes<br \/>\n- Grumbas ap muti vai pieri<br \/>\n- \u0100das piet\u016bkums, limfas stagn\u0101cija<br \/>\n- Sejas kontur\u0113\u0161ana<\/p>\n<p><strong>REA TAPE zils sejas pl\u0101ksteris<\/strong> - uzticams un m\u016bsdien\u012bgs veids, k\u0101 pan\u0101kt starojo\u0161u, tvirtu un svaigu \u0101du. Viegli lietojams, pat\u012bkams un efekt\u012bvs ikdienas skaistumkop\u0161anas ritu\u0101lam.<\/p>","protected":false},"featured_media":40716,"comment_status":"open","ping_status":"closed","template":"","meta":{"_acf_changed":false},"product_brand":[451],"product_cat":[59,92,500],"product_tag":[],"class_list":{"0":"post-33603","1":"product","2":"type-product","3":"status-publish","4":"has-post-thumbnail","6":"product_brand-rea-tape","7":"product_cat-veidui","8":"product_cat-groziui","9":"product_cat-outlet","11":"first","12":"instock","13":"sale","14":"shipping-taxable","15":"purchasable","16":"product-type-simple"},"acf":[],"tiered_pricing_type":"fixed","tiered_pricing_fixed_rules":[],"tiered_pricing_product_settings":{"layout":"default","base_unit_name":{"singular":null,"plural":null},"default_variation":null},"tiered_pricing_minimum_quantity":null,"tiered_pricing_roles_data":[],"tiered_pricing_percentage_rules":[],"_links":{"self":[{"href":"https:\/\/purama.lt\/lv\/wp-json\/wp\/v2\/product\/33603","targetHints":{"allow":["GET"]}}],"collection":[{"href":"https:\/\/purama.lt\/lv\/wp-json\/wp\/v2\/product"}],"about":[{"href":"https:\/\/purama.lt\/lv\/wp-json\/wp\/v2\/types\/product"}],"replies":[{"embeddable":true,"href":"https:\/\/purama.lt\/lv\/wp-json\/wp\/v2\/comments?post=33603"}],"wp:featuredmedia":[{"embeddable":true,"href":"https:\/\/purama.lt\/lv\/wp-json\/wp\/v2\/media\/40716"}],"wp:attachment":[{"href":"https:\/\/purama.lt\/lv\/wp-json\/wp\/v2\/media?parent=33603"}],"wp:term":[{"taxonomy":"product_brand","embeddable":true,"href":"https:\/\/purama.lt\/lv\/wp-json\/wp\/v2\/product_brand?post=33603"},{"taxonomy":"product_cat","embeddable":true,"href":"https:\/\/purama.lt\/lv\/wp-json\/wp\/v2\/product_cat?post=33603"},{"taxonomy":"product_tag","embeddable":true,"href":"https:\/\/purama.lt\/lv\/wp-json\/wp\/v2\/product_tag?post=33603"}],"curies":[{"name":"wp","href":"https:\/\/api.w.org\/{rel}","templated":true}]}}