{"id":33601,"date":"2025-04-02T13:05:42","date_gmt":"2025-04-02T13:05:42","guid":{"rendered":"https:\/\/purama.lt\/produktas\/medica-group-stiprios-erekcijos-kapsules\/"},"modified":"2026-05-01T04:56:29","modified_gmt":"2026-05-01T02:56:29","slug":"medica-grupas-specigas-erekcijas-kapsulas","status":"publish","type":"product","link":"https:\/\/purama.lt\/lv\/produktas\/medica-group-stiprios-erekcijos-kapsules\/","title":{"rendered":"MEDICA GROUP BigErection Stiprios Erekcijos Kapsul\u0117s"},"content":{"rendered":"<p><strong>Pat\u0113ri\u0146\u0161:<\/strong><br>Lietojiet pa vienai kapsulai divas reizes dien\u0101, uzdzerot \u016bdeni. Nep\u0101rsniedziet ieteicamo dienas devu. Maksim\u0101lam efektam ieteicams lietot kop\u0101 ar BigErection gelu.<\/p>\n\n\n\n<p><strong>Iepakojums:<\/strong> 60 kapsulas - \u0113rti lietot katru dienu, lai nodro\u0161in\u0101tu ilgsto\u0161us un stabilus rezult\u0101tus.<\/p>\n\n\n\n<p>Atkl\u0101jiet liel\u0101ku p\u0101rliec\u012bbu, kontroli un baudu - bez kompromisiem.<\/p>\n\n\n\n<p><strong>Atsauksmes<\/strong>:<\/p>\n\n\n\n<p>Lietot\u0101ju aptaujas rezult\u0101ti p\u0113c 4 ned\u0113\u013cu regul\u0101ras lieto\u0161anas:<\/p>\n\n\n\n<p>\u2714\ufe0f 90 % v\u012brie\u0161i zi\u0146oja par iev\u0113rojamu erekcijas uzlabo\u0161anos<br>\u2714\ufe0f 88 % palielin\u0101ja libido un apmierin\u0101t\u012bbu ar seksu\u0101lo dz\u012bvi<br>\u2714\ufe0f 85 % zi\u0146oja par ener\u0123ijas un seksu\u0101l\u0101s iztur\u012bbas pieaugumu<\/p>\n\n\n\n<p>Sp\u0113ks, ko ir peln\u012bjis katrs v\u012brietis - dabiski, dro\u0161i un efekt\u012bvi.<\/p>\n\n\n\n<p><strong>Sast\u0101vda\u013cas:<\/strong> L-argin\u012bns, \u017eelat\u012bns, amerik\u0101\u0146u \u017ee\u0146\u0161e\u0146a ekstrakts, Maca saknes ekstrakts, Sarsaparillas saknes ekstrakts, Tribulus Terrestris s\u0113klu ekstrakts, Black Sativa s\u0113klu ekstrakts, pildviela: mikrokrist\u0101lisk\u0101 celuloze.<\/p>","protected":false},"excerpt":{"rendered":"<p class=\"\" data-start=\"0\" data-end=\"394\"><strong>MEDICA-GROUP BigErection Stiprias Erekcijos Kapsul\u0117s<\/strong> - ir augstas kvalit\u0101tes uztura bag\u0101tin\u0101t\u0101js v\u012brie\u0161iem, <strong>Izstr\u0101d\u0101ts, lai uzlabotu seksu\u0101lo iztur\u012bbu, stiprin\u0101tu erekciju un atjaunotu pa\u0161apzi\u0146u.<\/strong>. \u0100rk\u0101rt\u012bgi efekt\u012bv\u0101 formula, kas veidota no augu ekstraktiem un aminosk\u0101b\u0113m, pal\u012bdz dabiski aktiviz\u0113t asinsriti, uztur\u0113t hormonu l\u012bdzsvaru un stiprin\u0101t organisma iztur\u012bbu pret stresu un nogurumu. Pateicoties augstajai akt\u012bvo vielu koncentr\u0101cijai (20:1), kapsulas ir \u0101tri iedarb\u012bgas un ilgsto\u0161i iedarbojas. T\u0101 ir uzticama izv\u0113le v\u012brie\u0161iem, kuri v\u0113las sp\u0113c\u012bg\u0101kas saj\u016btas un liel\u0101ku apmierin\u0101jumu intimit\u0101tes laik\u0101. Regul\u0101ra lieto\u0161ana \u013cauj paman\u012bt pirmos rezult\u0101tus jau p\u0113c da\u017e\u0101m dien\u0101m.<\/p>\n<p class=\"\" data-start=\"680\" data-end=\"718\"><strong data-start=\"680\" data-end=\"718\">K\u0101p\u0113c izv\u0113l\u0113ties \u0161\u012bs kapsulas?<\/strong><\/p>\n<p class=\"\" data-start=\"720\" data-end=\"1038\">\u2714\ufe0f Pal\u012bdz sasniegt stingr\u0101ku un ilgsto\u0161\u0101ku erekciju<br data-start=\"778\" data-end=\"781\" \/>\u2714\ufe0f Palielina libido un dzimumtieksmi<br data-start=\"822\" data-end=\"825\" \/>\u2714\ufe0f Stimul\u0113 testosterona ra\u017eo\u0161anu dabiski<br data-start=\"870\" data-end=\"873\" \/>\u2714\ufe0f Uzlabo asinsriti un reprodukt\u012bvo org\u0101nu apg\u0101di ar sk\u0101bekli.<br data-start=\"932\" data-end=\"935\" \/>\u2714\ufe0f Palielina iztur\u012bbu, ener\u0123iju un iztur\u012bbu pret stresu<br data-start=\"984\" data-end=\"987\" \/>\u2714\ufe0f Dabisks un dro\u0161s prepar\u0101ts bez hormon\u0101l\u0101m piedev\u0101m.<\/p>\n<p data-start=\"720\" data-end=\"1038\">IZV\u0112LIETIES PILNU 3 M\u0112NE\u0160U KURSU, LAI SASNIEGTU MAKSIM\u0100LU EFEKTU UN V\u0112L VAIR\u0100K IETAUP\u012aTU. 3 IEPAKOJUMI = 3 M\u0112NE\u0160U KURSS, VAIR\u0100K IEPAKOJUMU, ZEM\u0100KA CENA PAR VIEN\u012aBU.<\/p>","protected":false},"featured_media":33617,"comment_status":"open","ping_status":"closed","template":"","meta":{"_acf_changed":false},"product_brand":[406],"product_cat":[276,57,277],"product_tag":[],"class_list":{"0":"post-33601","1":"product","2":"type-product","3":"status-publish","4":"has-post-thumbnail","6":"product_brand-medica-group","7":"product_cat-seksualinei-sveikatai","8":"product_cat-akcijos","9":"product_cat-vyrams","11":"first","12":"instock","13":"sale","14":"shipping-taxable","15":"purchasable","16":"product-type-simple"},"acf":[],"tiered_pricing_type":"fixed","tiered_pricing_fixed_rules":{"3":15.59,"5":14.39},"tiered_pricing_product_settings":{"layout":"default","base_unit_name":{"singular":null,"plural":null},"default_variation":null},"tiered_pricing_minimum_quantity":null,"tiered_pricing_roles_data":[],"tiered_pricing_percentage_rules":[],"_links":{"self":[{"href":"https:\/\/purama.lt\/lv\/wp-json\/wp\/v2\/product\/33601","targetHints":{"allow":["GET"]}}],"collection":[{"href":"https:\/\/purama.lt\/lv\/wp-json\/wp\/v2\/product"}],"about":[{"href":"https:\/\/purama.lt\/lv\/wp-json\/wp\/v2\/types\/product"}],"replies":[{"embeddable":true,"href":"https:\/\/purama.lt\/lv\/wp-json\/wp\/v2\/comments?post=33601"}],"wp:featuredmedia":[{"embeddable":true,"href":"https:\/\/purama.lt\/lv\/wp-json\/wp\/v2\/media\/33617"}],"wp:attachment":[{"href":"https:\/\/purama.lt\/lv\/wp-json\/wp\/v2\/media?parent=33601"}],"wp:term":[{"taxonomy":"product_brand","embeddable":true,"href":"https:\/\/purama.lt\/lv\/wp-json\/wp\/v2\/product_brand?post=33601"},{"taxonomy":"product_cat","embeddable":true,"href":"https:\/\/purama.lt\/lv\/wp-json\/wp\/v2\/product_cat?post=33601"},{"taxonomy":"product_tag","embeddable":true,"href":"https:\/\/purama.lt\/lv\/wp-json\/wp\/v2\/product_tag?post=33601"}],"curies":[{"name":"wp","href":"https:\/\/api.w.org\/{rel}","templated":true}]}}