{"id":33600,"date":"2025-04-02T13:05:41","date_gmt":"2025-04-02T13:05:41","guid":{"rendered":"https:\/\/purama.lt\/produktas\/medica-group-kapsules-varpos-didinimui\/"},"modified":"2026-04-14T16:07:57","modified_gmt":"2026-04-14T14:07:57","slug":"medica-grupas-kapsulas-dzimumlocekla-paplasinasanai","status":"publish","type":"product","link":"https:\/\/purama.lt\/lv\/produktas\/medica-group-kapsules-varpos-didinimui\/","title":{"rendered":"MEDICA GROUP BiggerSize Kapsulas dzimumlocek\u013ca palielin\u0101\u0161anai"},"content":{"rendered":"<p><strong>Lieto\u0161ana:<\/strong><br>Lietojiet pa 1 kapsulai 2 reizes dien\u0101, uzdzerot nelielu daudzumu \u016bdens. Nep\u0101rsniedziet ieteicamo dienas devu.<\/p>\n\n\n\n<p><strong>Atsauksmes:<\/strong><br>Pamatojoties uz Medica-Group 2019. gada pat\u0113r\u0113t\u0101ju aptauju:<br>\u2714\ufe0f 70 % v\u012brie\u0161i ieteiktu \u0161o papildin\u0101jumu citiem<br>\u2714\ufe0f Liel\u0101k\u0101 da\u013ca lietot\u0101ju ir paman\u012bju\u0161i iev\u0113rojamu sabiez\u0113\u0161anu un pagarin\u0101\u0161anos.<br>\u2714\ufe0f Nov\u0113rots uzlabots seksu\u0101lais apmierin\u0101jums un pa\u0161apzi\u0146a.<br><br><strong>Sast\u0101vda\u013cas:<\/strong> L-argin\u012bns, \u017eelat\u012bns, amerik\u0101\u0146u \u017ee\u0146\u0161e\u0146a ekstrakts (4:1), maka saknes ekstrakts (4:1), sarsaparillas saknes ekstrakts (4:1), Tribulus Terrestris s\u0113klu ekstrakts (20:1), melno auzu ekstrakts (10:1), pildviela: mikrokrist\u0101lisk\u0101 celuloze.<\/p>","protected":false},"excerpt":{"rendered":"<p class=\"\" data-start=\"68\" data-end=\"158\"><strong data-start=\"68\" data-end=\"158\">MEDICA-GROUP BiggerSize Kapsulas penim le\u0123end\u0113\u0161anai \u2013 <\/strong>liel\u0101ka p\u0101rliec\u012bba un intens\u012bv\u0101kas saj\u016btas. Vai mekl\u0113jat dabisku veidu, k\u0101 uzlabot savu seksu\u0101lo dz\u012bvi un p\u0101rliec\u012bbu? MEDICA-GROUP dzimumlocek\u013ca palielin\u0101\u0161anas kapsulas ir moderns uztura bag\u0101tin\u0101t\u0101js v\u012brie\u0161iem, <strong>balst\u0101s uz augstu augu ekstraktu un aminosk\u0101bju koncentr\u0101ciju (l\u012bdz 20:1). \u0160\u012b unik\u0101l\u0101 formula veicina lab\u0101ku asinsriti, stiprina erekciju un var veicin\u0101t dzimumlocek\u013ca apjoma palielin\u0101\u0161anos.\u00a0<\/strong>Kapsulu sast\u0101v\u0101 eso\u0161\u0101s akt\u012bv\u0101s sast\u0101vda\u013cas - L-argin\u012bns, Maka saknes, Tribulus Terrestris un amerik\u0101\u0146u \u017ee\u0146\u0161e\u0146a ekstrakti - darbojas siner\u0123iski, stimul\u0113jot organisma dabiskos procesus un uzlabojot J\u016bsu int\u012bmo dz\u012bvi. Tas ir risin\u0101jums v\u012brie\u0161iem, kuri v\u0113las vair\u0101k - ener\u0123iju, sp\u0113ku, jut\u012bgumu un p\u0101rliec\u012bbu.<\/p>\n<p class=\"\" data-start=\"846\" data-end=\"1268\"><strong data-start=\"846\" data-end=\"884\">K\u0101p\u0113c izv\u0113l\u0113ties \u0161\u012bs kapsulas?<\/strong><br data-start=\"884\" data-end=\"887\" \/>\u2714\ufe0f Stimul\u0113 asinsriti int\u012bmaj\u0101s zon\u0101s - sp\u0113c\u012bg\u0101ka un ilg\u0101ka erekcija.<br data-start=\"958\" data-end=\"961\" \/>\u2714\ufe0f Dabiski atbalsta testosterona ra\u017eo\u0161anu<br data-start=\"1002\" data-end=\"1005\" \/>\u2714\ufe0f Var veicin\u0101t dzimumlocek\u013ca apjoma un garuma palielin\u0101\u0161anos<br data-start=\"1063\" data-end=\"1066\" \/>\u2714\ufe0f Pastiprina saj\u016btas un int\u012bmo apmierin\u0101jumu<br data-start=\"1112\" data-end=\"1115\" \/>\u2714\ufe0f Palielina ener\u0123iju, iztur\u012bbu un libido<br data-start=\"1153\" data-end=\"1156\" \/>\u2714\ufe0f Satur tikai augu izcelsmes ekstraktus un L-argin\u012bnu.<br data-start=\"1216\" data-end=\"1219\" \/>\u2714\ufe0f \u013boti augsta ekstraktu koncentr\u0101cija (l\u012bdz 20:1).<\/p>\n<p data-start=\"846\" data-end=\"1268\">IZV\u0112LIETIES PILNU 3 M\u0112NE\u0160U KURSU, LAI SASNIEGTU MAKSIM\u0100LU EFEKTU UN V\u0112L VAIR\u0100K IETAUP\u012aTU. 3 IEPAKOJUMI = 3 M\u0112NE\u0160U KURSS, VAIR\u0100K IEPAKOJUMU, ZEM\u0100KA CENA PAR VIEN\u012aBU.<\/p>","protected":false},"featured_media":33615,"comment_status":"open","ping_status":"closed","template":"","meta":{"_acf_changed":true},"product_brand":[406],"product_cat":[276,57,277],"product_tag":[],"class_list":{"0":"post-33600","1":"product","2":"type-product","3":"status-publish","4":"has-post-thumbnail","6":"product_brand-medica-group","7":"product_cat-seksualinei-sveikatai","8":"product_cat-akcijos","9":"product_cat-vyrams","11":"first","12":"instock","13":"sale","14":"shipping-taxable","15":"purchasable","16":"product-type-simple"},"acf":[],"tiered_pricing_type":"fixed","tiered_pricing_fixed_rules":{"3":21.76,"5":20.09},"tiered_pricing_product_settings":{"layout":"default","base_unit_name":{"singular":null,"plural":null},"default_variation":null},"tiered_pricing_minimum_quantity":null,"tiered_pricing_roles_data":[],"tiered_pricing_percentage_rules":[],"_links":{"self":[{"href":"https:\/\/purama.lt\/lv\/wp-json\/wp\/v2\/product\/33600","targetHints":{"allow":["GET"]}}],"collection":[{"href":"https:\/\/purama.lt\/lv\/wp-json\/wp\/v2\/product"}],"about":[{"href":"https:\/\/purama.lt\/lv\/wp-json\/wp\/v2\/types\/product"}],"replies":[{"embeddable":true,"href":"https:\/\/purama.lt\/lv\/wp-json\/wp\/v2\/comments?post=33600"}],"wp:featuredmedia":[{"embeddable":true,"href":"https:\/\/purama.lt\/lv\/wp-json\/wp\/v2\/media\/33615"}],"wp:attachment":[{"href":"https:\/\/purama.lt\/lv\/wp-json\/wp\/v2\/media?parent=33600"}],"wp:term":[{"taxonomy":"product_brand","embeddable":true,"href":"https:\/\/purama.lt\/lv\/wp-json\/wp\/v2\/product_brand?post=33600"},{"taxonomy":"product_cat","embeddable":true,"href":"https:\/\/purama.lt\/lv\/wp-json\/wp\/v2\/product_cat?post=33600"},{"taxonomy":"product_tag","embeddable":true,"href":"https:\/\/purama.lt\/lv\/wp-json\/wp\/v2\/product_tag?post=33600"}],"curies":[{"name":"wp","href":"https:\/\/api.w.org\/{rel}","templated":true}]}}