{"id":33599,"date":"2025-04-02T13:05:41","date_gmt":"2025-04-02T13:05:41","guid":{"rendered":"https:\/\/purama.lt\/produktas\/medica-group-intymumo-stiprinimo-gelis\/"},"modified":"2026-05-01T18:00:52","modified_gmt":"2026-05-01T16:00:52","slug":"medica-group-intimitati-uzlabojoss-gels","status":"publish","type":"product","link":"https:\/\/purama.lt\/lv\/produktas\/medica-group-intymumo-stiprinimo-gelis\/","title":{"rendered":"MEDICA GROUP WinWoman Intimit\u0101tes Stiprin\u0101\u0161anas Gels"},"content":{"rendered":"<p><strong>Lieto\u0161ana:<\/strong><br>Uzkl\u0101jiet nelielu daudzumu gela uz int\u012bmaj\u0101m viet\u0101m un viegli iemas\u0113jiet. Neskalojiet. Lietojiet pirms dzimumakta, lai pastiprin\u0101tu saj\u016btas.<br><br><strong>Sast\u0101vda\u013cas:<\/strong> \u016adens, hidroksietilceluloze, propil\u0113nglikols, glicer\u012bns, sorb\u012bts, polisorb\u0101ts 20, Paullinia Cupana (Guarana) s\u0113klu ekstrakts, Panax Ginseng saknes ekstrakts, Humulus Lupulus (Humulus Lupulus) ekstrakts, Urtica Dioica (Urtica Dioica) ekstrakts, vanilbutil\u0113teris, n\u0101trija acet\u0101ts, izopropilspirts, celuloze, k\u0101lija sorb\u0101ts, n\u0101trija benzo\u0101ts, citronsk\u0101be, arom\u0101ts, limon\u0113ns.<\/p>","protected":false},"excerpt":{"rendered":"<p class=\"\" data-start=\"0\" data-end=\"76\"><strong data-start=\"0\" data-end=\"76\">MEDICA-GROUP WinWoman intimit\u0101ti uzlabojo\u0161s gels<\/strong> - vair\u0101k saj\u016btu, vair\u0101k tuvuma. Atkl\u0101jiet jaunu tuv\u012bbas l\u012bmeni ar <strong data-start=\"109\" data-end=\"151\">MEDICA-GROUP intimit\u0101tes uzlabo\u0161anas \u017eeleja<\/strong>izstr\u0101d\u0101ts sieviet\u0113m, kas v\u0113las uzlabot jut\u012bgumu, mitrin\u0101\u0161anu un izjust v\u0113l liel\u0101ku baudu. \u0160\u012b inovat\u012bv\u0101 formula ne tikai \u0101tri uzs\u016bcas, bet ar\u012b stimul\u0113 asinsriti erog\u0113naj\u0101s zon\u0101s, lai nodro\u0161in\u0101tu liel\u0101ku jut\u012bgumu un intens\u012bv\u0101kas saj\u016btas. G\u0113la sast\u0101v\u0101 eso\u0161\u0101s sast\u0101vda\u013cas <strong data-start=\"429\" data-end=\"453\">Ginkgo, \u017ee\u0146\u0161e\u0146s<\/strong> un <strong data-start=\"457\" data-end=\"468\">kofe\u012bns<\/strong> ekstrakti aktiviz\u0113 mikrocirkul\u0101ciju, palielina asins pl\u016bsmu jut\u012bg\u0101kaj\u0101s zon\u0101s un <strong data-start=\"561\" data-end=\"583\">alvejas ekstrakts<\/strong> intens\u012bvi mitrina un nomierina, aizsarg\u0101 pret kairin\u0101jumu. Pat\u012bkam\u0101, nelip\u012bg\u0101 tekst\u016bra nodro\u0161ina maksim\u0101lu komfortu - katram int\u012bmajam piesk\u0101rienam.<\/p>\n<p data-start=\"0\" data-end=\"76\"><strong data-start=\"734\" data-end=\"758\">K\u0101p\u0113c izv\u0113l\u0113ties?<\/strong><br data-start=\"758\" data-end=\"761\" \/>\u2714\ufe0f Pastiprina saj\u016btu un jut\u012bgumu int\u012bmaj\u0101s zon\u0101s.<br data-start=\"811\" data-end=\"814\" \/>\u2714\ufe0f Stimul\u0113 asinsriti - vair\u0101k siltuma un jut\u012bbas<br data-start=\"869\" data-end=\"872\" \/>\u2714\ufe0f Nekav\u0113joties mitrina - komforts bez diskomforta<br data-start=\"921\" data-end=\"924\" \/>\u2714\ufe0f Satur dabiskus augu ekstraktus<br data-start=\"969\" data-end=\"972\" \/>\u2714\ufe0f Perfekta uzs\u016bk\u0161an\u0101s, bez lip\u012bguma<br data-start=\"1020\" data-end=\"1023\" \/>\u2714\ufe0f Nomierina un aizsarg\u0101 jut\u012bgu \u0101du<\/p>","protected":false},"featured_media":33620,"comment_status":"open","ping_status":"closed","template":"","meta":{"_acf_changed":false},"product_brand":[406],"product_cat":[57,278,276,277],"product_tag":[],"class_list":{"0":"post-33599","1":"product","2":"type-product","3":"status-publish","4":"has-post-thumbnail","6":"product_brand-medica-group","7":"product_cat-akcijos","8":"product_cat-moterims","9":"product_cat-seksualinei-sveikatai","10":"product_cat-vyrams","12":"first","13":"instock","14":"sale","15":"shipping-taxable","16":"purchasable","17":"product-type-simple"},"acf":[],"tiered_pricing_type":"fixed","tiered_pricing_fixed_rules":[],"tiered_pricing_product_settings":{"layout":"default","base_unit_name":{"singular":null,"plural":null},"default_variation":null},"tiered_pricing_minimum_quantity":null,"tiered_pricing_roles_data":[],"tiered_pricing_percentage_rules":[],"_links":{"self":[{"href":"https:\/\/purama.lt\/lv\/wp-json\/wp\/v2\/product\/33599","targetHints":{"allow":["GET"]}}],"collection":[{"href":"https:\/\/purama.lt\/lv\/wp-json\/wp\/v2\/product"}],"about":[{"href":"https:\/\/purama.lt\/lv\/wp-json\/wp\/v2\/types\/product"}],"replies":[{"embeddable":true,"href":"https:\/\/purama.lt\/lv\/wp-json\/wp\/v2\/comments?post=33599"}],"wp:featuredmedia":[{"embeddable":true,"href":"https:\/\/purama.lt\/lv\/wp-json\/wp\/v2\/media\/33620"}],"wp:attachment":[{"href":"https:\/\/purama.lt\/lv\/wp-json\/wp\/v2\/media?parent=33599"}],"wp:term":[{"taxonomy":"product_brand","embeddable":true,"href":"https:\/\/purama.lt\/lv\/wp-json\/wp\/v2\/product_brand?post=33599"},{"taxonomy":"product_cat","embeddable":true,"href":"https:\/\/purama.lt\/lv\/wp-json\/wp\/v2\/product_cat?post=33599"},{"taxonomy":"product_tag","embeddable":true,"href":"https:\/\/purama.lt\/lv\/wp-json\/wp\/v2\/product_tag?post=33599"}],"curies":[{"name":"wp","href":"https:\/\/api.w.org\/{rel}","templated":true}]}}