{"id":33497,"date":"2025-03-31T11:52:46","date_gmt":"2025-03-31T11:52:46","guid":{"rendered":"https:\/\/purama.lt\/produktas\/ohgood-sokoladinis-maisto-pakaitalu-misinys\/"},"modified":"2026-03-19T16:35:26","modified_gmt":"2026-03-19T14:35:26","slug":"ohgood-sokolades-partikas-aizstajeja-bloda","status":"publish","type":"product","link":"https:\/\/purama.lt\/lv\/produktas\/ohgood-sokoladinis-maisto-pakaitalu-misinys\/","title":{"rendered":"OH!GOOD \u0160okol\u0101des p\u0101rtikas aizst\u0101j\u0113ju mais\u012bjums"},"content":{"rendered":"<p><strong>K\u0101dam nol\u016bkam un kad to lietot?<\/strong><\/p>\n\n\n\n<p><strong>OH!GOOD \u0160okol\u0101des p\u0101rtikas aizst\u0101j\u0113ju mais\u012bjums<\/strong> piem\u0113rots:<\/p>\n\n\n\n<ul class=\"wp-block-list\">\n<li>K\u0101 \u0101trs un vesel\u012bgs brokastu vai pusdienu aizst\u0101j\u0113js<\/li>\n\n\n\n<li>Tiem, kas nodarbojas ar sportu, pirms vai p\u0113c treni\u0146a<\/li>\n\n\n\n<li>Tiem, kas v\u0113las saglab\u0101t savu svaru vai vesel\u012bgu dz\u012bvesveidu.<\/li>\n\n\n\n<li>Aiz\u0146emtiem cilv\u0113kiem, kas augstu v\u0113rt\u0113 sabalans\u0113tu uzturu<\/li>\n\n\n\n<li>K\u0101 alternat\u012bva saldumiem, ja v\u0113laties ko gar\u0161\u012bgu, bet noder\u012bgu.<\/li>\n<\/ul>\n\n\n\n<p><strong>Sast\u0101vs:<\/strong> Zir\u0146u prote\u012bna izol\u0101ts, r\u012bsu prote\u012bna koncentr\u0101ts, ka\u0146epju prote\u012bna koncentr\u0101ts, kakao pulveris, dekstroze, maltodekstr\u012bns, fruktoze, vid\u0113jas \u0137\u0113des triglicer\u012bdi (MCT) no kokosriekstu e\u013c\u013cas, kokosriekstu piena pulveris, ps\u012blija s\u0113nalas, inul\u012bns, auzu milti, ban\u0101nu pulveris, lins\u0113klu milti, BCAAs (leic\u012bns, izoleic\u012bns, val\u012bns) 2:1:1, kurkuma, multivitam\u012bnu komplekss (A, C, D, E, K, B1, B2, B3, B5, B6, B12, folsk\u0101be, biot\u012bns), k\u0101lijs (k\u0101lija citr\u0101ts, k\u0101lija hlor\u012bds), hlor\u012bds (n\u0101trija hlor\u012bds, k\u0101lija hlor\u012bds), kalcijs (kalcija karbon\u0101ts), fosfors (augu izcelsmes fosf\u0101ti), magnijs (magnija oks\u012bds), jods (k\u0101lija jod\u012bds), dzelzs (dzelzs fumar\u0101ts), sel\u0113ns (n\u0101trija selen\u012bts), cinks (cinka oks\u012bds), var\u0161 (vara glikon\u0101ts), mang\u0101ns (mang\u0101na sulf\u0101ts), hroms (hroma hlor\u012bds), molibd\u0113ns (n\u0101trija molibd\u0101ts), koenz\u012bms Q10, probiotiku mais\u012bjums, dab\u012bga \u0161okol\u0101des aromatiz\u0113t\u0101ja, saldin\u0101t\u0101js: stabilizators: ksant\u0101na sve\u0137i.<\/p>","protected":false},"excerpt":{"rendered":"<p class=\"\" data-start=\"0\" data-end=\"376\"><strong data-start=\"0\" data-end=\"48\">OH!GOOD \u0160okol\u0101des p\u0101rtikas aizst\u0101j\u0113ju mais\u012bjums<\/strong> - sabalans\u0113tu olbaltumvielu kokteili, <strong>vien\u0101 \u0113dienreiz\u0113 nodro\u0161ina organismu ar vis\u0101m nepiecie\u0161amaj\u0101m uzturviel\u0101m.<\/strong>. M\u016bsdienu straujaj\u0101 dz\u012bves ritm\u0101 m\u0113s bie\u017ei izlai\u017eam malt\u012btes vai izv\u0113lamies nevesel\u012bgas uzkodas. OH!GOOD Complete Meal ir ide\u0101li piem\u0113rots ikdienai - biroj\u0101, ce\u013c\u0101, sporta z\u0101l\u0113, dab\u0101 vai m\u0101j\u0101s. Tas ir barojo\u0161s, dab\u012bga gar\u0161a sm\u016btijs, kas viegli iek\u013caujas akt\u012bv\u0101 dz\u012bvesveid\u0101. T\u0101 sabalans\u0113tais sast\u0101vs nodro\u0161ina ener\u0123iju, s\u0101ta saj\u016btu un pilnv\u0113rt\u012bgu uzturu bez piep\u016bles.<\/p>\n<p data-start=\"0\" data-end=\"376\"><strong data-start=\"0\" data-end=\"46\" data-is-only-node=\"\">K\u0101p\u0113c izv\u0113l\u0113ties OH!GOOD Complete Meal?<\/strong><br data-start=\"46\" data-end=\"49\" \/>\u2714\ufe0f 40 g olbaltumvielu un 422 kcal vien\u0101 porcij\u0101<br data-start=\"94\" data-end=\"97\" \/>\u2714\ufe0f Pat 27 vitam\u012bni un probiotikas<br data-start=\"131\" data-end=\"134\" \/>\u2714\ufe0f Nodro\u0161ina s\u0101ta saj\u016btu uz 3-4 stund\u0101m.<br data-start=\"173\" data-end=\"176\" \/>\u2714\ufe0f 100 % Augu b\u0101zes (piem\u0113rots veg\u0101niem)<\/p>\n<p data-start=\"0\" data-end=\"376\">\u00a0<\/p>","protected":false},"featured_media":33517,"comment_status":"open","ping_status":"closed","template":"","meta":{"_acf_changed":false},"product_brand":[447],"product_cat":[60,500,298],"product_tag":[],"class_list":{"0":"post-33497","1":"product","2":"type-product","3":"status-publish","4":"has-post-thumbnail","6":"product_brand-ohgood","7":"product_cat-mitybai","8":"product_cat-outlet","9":"product_cat-sveikas-maistas","11":"first","12":"instock","13":"sale","14":"shipping-taxable","15":"purchasable","16":"product-type-simple"},"acf":[],"tiered_pricing_type":"fixed","tiered_pricing_fixed_rules":[],"tiered_pricing_product_settings":{"layout":"default","base_unit_name":{"singular":null,"plural":null},"default_variation":null},"tiered_pricing_minimum_quantity":null,"tiered_pricing_roles_data":[],"tiered_pricing_percentage_rules":[],"_links":{"self":[{"href":"https:\/\/purama.lt\/lv\/wp-json\/wp\/v2\/product\/33497","targetHints":{"allow":["GET"]}}],"collection":[{"href":"https:\/\/purama.lt\/lv\/wp-json\/wp\/v2\/product"}],"about":[{"href":"https:\/\/purama.lt\/lv\/wp-json\/wp\/v2\/types\/product"}],"replies":[{"embeddable":true,"href":"https:\/\/purama.lt\/lv\/wp-json\/wp\/v2\/comments?post=33497"}],"wp:featuredmedia":[{"embeddable":true,"href":"https:\/\/purama.lt\/lv\/wp-json\/wp\/v2\/media\/33517"}],"wp:attachment":[{"href":"https:\/\/purama.lt\/lv\/wp-json\/wp\/v2\/media?parent=33497"}],"wp:term":[{"taxonomy":"product_brand","embeddable":true,"href":"https:\/\/purama.lt\/lv\/wp-json\/wp\/v2\/product_brand?post=33497"},{"taxonomy":"product_cat","embeddable":true,"href":"https:\/\/purama.lt\/lv\/wp-json\/wp\/v2\/product_cat?post=33497"},{"taxonomy":"product_tag","embeddable":true,"href":"https:\/\/purama.lt\/lv\/wp-json\/wp\/v2\/product_tag?post=33497"}],"curies":[{"name":"wp","href":"https:\/\/api.w.org\/{rel}","templated":true}]}}