{"id":33496,"date":"2025-03-31T11:52:46","date_gmt":"2025-03-31T11:52:46","guid":{"rendered":"https:\/\/purama.lt\/produktas\/ohgood-karamelinis-maisto-pakaitalu-misinys\/"},"modified":"2026-01-08T11:32:57","modified_gmt":"2026-01-08T09:32:57","slug":"ohgood-karamelu-partikas-aizstajeju-maisijums","status":"publish","type":"product","link":"https:\/\/purama.lt\/lv\/produktas\/ohgood-karamelinis-maisto-pakaitalu-misinys\/","title":{"rendered":"OH!GOOD Karame\u013cu p\u0101rtikas aizst\u0101j\u0113ju mais\u012bjums"},"content":{"rendered":"<p><strong>K\u0101dam nol\u016bkam un kad to lietot?<\/strong><\/p>\n\n\n\n<p><strong>OH!GOOD karame\u013cu p\u0101rtikas aizst\u0101j\u0113ju mais\u012bjums<\/strong> piem\u0113rots:<\/p>\n\n\n\n<ul class=\"wp-block-list\">\n<li>Cilv\u0113kiem ar aiz\u0146emtu dz\u012bvi<\/li>\n\n\n\n<li>Sportistiem - pirms vai p\u0113c treni\u0146a<\/li>\n\n\n\n<li>Tiem, kas v\u0113las zaud\u0113t svaru vai saglab\u0101t pa\u0161reiz\u0113jo svaru.<\/li>\n\n\n\n<li>Tiem, kas mekl\u0113 uzturviel\u0101m bag\u0101tu, \u0101tru, bet vesel\u012bgu \u0113dienu ce\u013cojum\u0101.<\/li>\n\n\n\n<li>Ikvienam, kas v\u0113las vair\u0101k ener\u0123ijas bez nevesel\u012bgas p\u0101rtikas vai saldumiem.<\/li>\n<\/ul>\n\n\n\n<p><strong>Sast\u0101vs:<\/strong> Zir\u0146u prote\u012bna izol\u0101ts, r\u012bsu prote\u012bna koncentr\u0101ts, ka\u0146epju prote\u012bna koncentr\u0101ts, dekstroze, maltodekstr\u012bns, fruktoze, vid\u0113jas \u0137\u0113des triglicer\u012bdi (MCT) no kokosriekstu e\u013c\u013cas, kokosriekstu piena pulveris, psilija s\u0113nalas, inul\u012bns, auzu milti, ban\u0101nu pulveris, lins\u0113klu milti, BCAAs (leic\u012bns, izoleic\u012bns, val\u012bns) 2:1:1, kurkuma, multivitam\u012bnu komplekss (A, C, D, E, K, B1, B2, B3, B5, B6, B12, folsk\u0101be, biot\u012bns), k\u0101lijs (k\u0101lija citr\u0101ts, k\u0101lija hlor\u012bds), hlor\u012bds (n\u0101trija hlor\u012bds, k\u0101lija hlor\u012bds), kalcijs (kalcija karbon\u0101ts), fosfors (augu izcelsmes fosf\u0101ti), magnijs (magnija oks\u012bds), jods (k\u0101lija jod\u012bds), dzelzs (dzelzs fumar\u0101ts), sel\u0113ns (n\u0101trija selen\u012bts), cinks (cinka oks\u012bds), var\u0161 (vara glikon\u0101ts), mang\u0101ns (mang\u0101na sulf\u0101ts), hroms (hroma hlor\u012bds), molibd\u0113ns (n\u0101trija molibd\u0101ts), koenz\u012bms Q10, probiotiku mais\u012bjums, dabiska s\u0101l\u012btas karameles gar\u0161a, ksant\u0101na sve\u0137i.<\/p>","protected":false},"excerpt":{"rendered":"<p data-start=\"177\" data-end=\"274\"><strong data-start=\"181\" data-end=\"274\">OH!GOOD Karame\u013cu miltu aizst\u0101j\u0113jmais\u012bjums - kad v\u0113laties kaut ko gar\u0161\u012bgu un sabalans\u0113tu\u00a0<\/strong>Apvienojiet gar\u0161u ar funkcionalit\u0101ti - <strong data-start=\"310\" data-end=\"358\">OH!GOOD karame\u013cu p\u0101rtikas aizst\u0101j\u0113ju mais\u012bjums<\/strong> ir kas vair\u0101k nek\u0101 tikai uzkodas. Tas ir pilnv\u0113rt\u012bgs augu izcelsmes uztura risin\u0101jums tiem, kas v\u0113las pabarot savu \u0137ermeni ar pilnv\u0113rt\u012bgu p\u0101rtiku \u0101tri un bez probl\u0113m\u0101m. Ar maigi saldu <strong data-start=\"536\" data-end=\"556\">karame\u013cu gar\u0161a<\/strong>, \u0161is dz\u0113riens ir bag\u0101tin\u0101ts ar <strong data-start=\"583\" data-end=\"661\">augu olbaltumvielas, vitam\u012bni, \u0161\u0137iedrvielas un svar\u012bgas miner\u0101lvielas.<\/strong>nodro\u0161ina s\u0101ta saj\u016btu l\u012bdz pat 3-4 stund\u0101m un uztur stabilu ener\u0123ijas l\u012bmeni. Izgatavots no zir\u0146u, r\u012bsu un ka\u0146epju prote\u012bnu mais\u012bjuma, papildin\u0101ts ar <strong data-start=\"805\" data-end=\"832\">MCT tauki no kokosriekstiem<\/strong>, <strong data-start=\"834\" data-end=\"851\">auzu milti<\/strong>, <strong data-start=\"853\" data-end=\"871\">lins\u0113klas<\/strong> un <strong data-start=\"875\" data-end=\"900\">bez pievienot\u0101 cukura<\/strong>T\u0101 ir lieliska izv\u0113le gan aiz\u0146emt\u0101m dien\u0101m, gan akt\u012bvam dz\u012bvesveidam. <\/p>\n<p><strong data-start=\"987\" data-end=\"1011\">K\u0101p\u0113c izv\u0113l\u0113ties?<br \/><\/strong>\u2714\ufe0f Pilnv\u0113rt\u012bgs augu izcelsmes \u0113diens ar olbaltumviel\u0101m, \u0161\u0137iedrviel\u0101m, vitam\u012bniem un miner\u0101lviel\u0101m.<br data-start=\"1086\" data-end=\"1089\" \/>\u2714\ufe0f Ilgsto\u0161a s\u0101ta saj\u016bta - l\u012bdz 3-4 stund\u0101m.<br data-start=\"1132\" data-end=\"1135\" \/>\u2714\ufe0f Maiga karame\u013cu gar\u0161a - gar\u0161\u012bgi bez sirdsapzi\u0146as p\u0101rmetumiem<br data-start=\"1192\" data-end=\"1195\" \/>\u2714\ufe0f Nav sagatavo\u0161anas - vienk\u0101r\u0161i sakratiet un dzeriet.<br data-start=\"1239\" data-end=\"1242\" \/>\u2714\ufe0f Bez pievienot\u0101 cukura, piem\u0113rots veg\u0101niem un bez glut\u0113na<br data-start=\"1296\" data-end=\"1299\" \/>\u2714\ufe0f Piem\u0113rots jebkuram dienas laikam - no brokast\u012bm l\u012bdz vakara uzkod\u0101m.<br data-start=\"1371\" data-end=\"1374\" \/>\u2714\ufe0f Pal\u012bdz uztur\u0113t vesel\u012bgu uzturu un ener\u0123isku dz\u012bvesveidu.<\/p>","protected":false},"featured_media":33515,"comment_status":"open","ping_status":"closed","template":"","meta":{"_acf_changed":false},"product_brand":[447],"product_cat":[60,298],"product_tag":[],"class_list":{"0":"post-33496","1":"product","2":"type-product","3":"status-publish","4":"has-post-thumbnail","6":"product_brand-ohgood","7":"product_cat-mitybai","8":"product_cat-sveikas-maistas","10":"first","11":"instock","12":"shipping-taxable","13":"purchasable","14":"product-type-simple"},"acf":[],"tiered_pricing_type":"fixed","tiered_pricing_fixed_rules":[],"tiered_pricing_product_settings":{"layout":"default","base_unit_name":{"singular":null,"plural":null},"default_variation":null},"tiered_pricing_minimum_quantity":null,"tiered_pricing_roles_data":[],"tiered_pricing_percentage_rules":[],"_links":{"self":[{"href":"https:\/\/purama.lt\/lv\/wp-json\/wp\/v2\/product\/33496","targetHints":{"allow":["GET"]}}],"collection":[{"href":"https:\/\/purama.lt\/lv\/wp-json\/wp\/v2\/product"}],"about":[{"href":"https:\/\/purama.lt\/lv\/wp-json\/wp\/v2\/types\/product"}],"replies":[{"embeddable":true,"href":"https:\/\/purama.lt\/lv\/wp-json\/wp\/v2\/comments?post=33496"}],"wp:featuredmedia":[{"embeddable":true,"href":"https:\/\/purama.lt\/lv\/wp-json\/wp\/v2\/media\/33515"}],"wp:attachment":[{"href":"https:\/\/purama.lt\/lv\/wp-json\/wp\/v2\/media?parent=33496"}],"wp:term":[{"taxonomy":"product_brand","embeddable":true,"href":"https:\/\/purama.lt\/lv\/wp-json\/wp\/v2\/product_brand?post=33496"},{"taxonomy":"product_cat","embeddable":true,"href":"https:\/\/purama.lt\/lv\/wp-json\/wp\/v2\/product_cat?post=33496"},{"taxonomy":"product_tag","embeddable":true,"href":"https:\/\/purama.lt\/lv\/wp-json\/wp\/v2\/product_tag?post=33496"}],"curies":[{"name":"wp","href":"https:\/\/api.w.org\/{rel}","templated":true}]}}