{"id":33495,"date":"2025-03-31T11:52:46","date_gmt":"2025-03-31T11:52:46","guid":{"rendered":"https:\/\/purama.lt\/produktas\/ohgood-vanilinis-maisto-pakaitalu-misinys\/"},"modified":"2026-04-13T19:05:06","modified_gmt":"2026-04-13T17:05:06","slug":"ohgood-vanilas-partikas-aizstajeju-maisijums","status":"publish","type":"product","link":"https:\/\/purama.lt\/lv\/produktas\/ohgood-vanilinis-maisto-pakaitalu-misinys\/","title":{"rendered":"OH!GOOD Vani\u013cas p\u0101rtikas aizst\u0101j\u0113ju mais\u012bjums"},"content":{"rendered":"<p><strong>K\u0101dam nol\u016bkam un kad to lietot?<\/strong><\/p>\n\n\n\n<p><strong>OH!GOOD vani\u013cas p\u0101rtikas aizst\u0101j\u0113ju mais\u012bjums<\/strong> - \u0160is:<\/p>\n\n\n\n<ul class=\"wp-block-list\">\n<li>Lielisks brokastu vai pusdienu aizst\u0101j\u0113js<\/li>\n\n\n\n<li>Alternat\u012bva uzkod\u0101m vai \u0101tr\u0101s \u0113din\u0101\u0161anas produktiem ce\u013c\u0101<\/li>\n\n\n\n<li>Piem\u0113rots sportam - pirms vai p\u0113c treni\u0146a<\/li>\n\n\n\n<li>L\u012bdzsvarots risin\u0101jums nov\u0101j\u0113\u0161anai vai svara uztur\u0113\u0161anai<\/li>\n\n\n\n<li>Gluda, \u0101tra un vesel\u012bga izv\u0113le, kad nepiecie\u0161ama ener\u0123ija un uzturs.<\/li>\n<\/ul>\n\n\n\n<p><strong>Sast\u0101vs:<\/strong> Zir\u0146u prote\u012bna izol\u0101ts, r\u012bsu prote\u012bna koncentr\u0101ts, ka\u0146epju prote\u012bna koncentr\u0101ts, dekstroze, maltodekstr\u012bns, fruktoze, vid\u0113jas \u0137\u0113des triglicer\u012bdi (MCT) no kokosriekstu e\u013c\u013cas, kokosriekstu piena pulveris, psilija s\u0113nalas, inul\u012bns, auzu milti, ban\u0101nu pulveris, lins\u0113klu milti, BCAAs (leic\u012bns, izoleic\u012bns, val\u012bns) 2:1:1, kurkuma, multivitam\u012bnu komplekss (A, C, D, E, K, B1, B2, B3, B5, B6, B12, folsk\u0101be, biot\u012bns), k\u0101lijs (k\u0101lija citr\u0101ts, k\u0101lija hlor\u012bds), hlor\u012bds (n\u0101trija hlor\u012bds, k\u0101lija hlor\u012bds), kalcijs (kalcija karbon\u0101ts), fosfors (augu izcelsmes fosf\u0101ti), magnijs (magnija oks\u012bds), jods (k\u0101lija jod\u012bds), dzelzs (dzelzs fumar\u0101ts), sel\u0113ns (n\u0101trija selen\u012bts), cinks (cinka oks\u012bds), var\u0161 (vara glikon\u0101ts), mang\u0101ns (mang\u0101na sulf\u0101ts), hroms (hroma hlor\u012bds), molibd\u0113ns (n\u0101trija molibd\u0101ts), koenz\u012bms Q10, dabiska vani\u013cas gar\u0161a, ksant\u0101na sve\u0137i.<\/p>","protected":false},"excerpt":{"rendered":"<p data-start=\"247\" data-end=\"359\"><strong data-start=\"251\" data-end=\"359\">OH!GOOD Vani\u013cas malt\u012btes aizst\u0101j\u0113jmais\u012bjums - sabalans\u0113ts, maigas gar\u0161as \u0113diens jebkur\u0101 viet\u0101 un laik\u0101.\u00a0<\/strong>Ja jums nav laika gatavot, bet tom\u0113r v\u0113laties izv\u0113l\u0113ties, kas ir labs j\u016bsu organismam, izv\u0113lieties. <strong data-start=\"460\" data-end=\"504\">OH!GOOD vani\u013cas p\u0101rtikas aizst\u0101j\u0113ju mais\u012bjums<\/strong>. Tas ir pilnv\u0113rt\u012bgs, sabalans\u0113ts dz\u0113riens, kas nodro\u0161ina organismu ar <strong data-start=\"571\" data-end=\"620\">visi svar\u012bg\u0101kie makro- un mikroelementi.<\/strong>, nodro\u0161ina ilgsto\u0161u <strong data-start=\"641\" data-end=\"674\">s\u0101ta saj\u016bta l\u012bdz pat 3-4 stund\u0101m<\/strong>, uztur ener\u0123iju un labu pa\u0161saj\u016btu visas dienas garum\u0101. Mais\u012bjums ir izgatavots no <strong data-start=\"763\" data-end=\"809\">Augu olbaltumvielas (zir\u0146i, r\u012bsi, ka\u0146epes)<\/strong>, bag\u0101tin\u0101ts <strong data-start=\"824\" data-end=\"851\">MCT tauki no kokosriekstiem<\/strong>, <strong data-start=\"853\" data-end=\"886\">auzu un lins\u0113klu milti<\/strong>, k\u0101 ar\u012b vissvar\u012bg\u0101ko <strong data-start=\"913\" data-end=\"939\">vitam\u012bni, miner\u0101lvielas<\/strong> un <strong data-start=\"943\" data-end=\"958\">\u0161\u0137iedra<\/strong>. Saldin\u0101ts ar dab\u012bgo <strong data-start=\"980\" data-end=\"991\">stevija<\/strong>, \u0161im produktam nav pievienots cukurs un tas ir piln\u012bgi <strong data-start=\"1049\" data-end=\"1070\">piem\u0113rots veg\u0101niem<\/strong>. Ar <strong data-start=\"1076\" data-end=\"1104\">dab\u012bga vani\u013cas gar\u0161a<\/strong>, Ar maigu konsistenci un lielisku uzturv\u0113rt\u012bbu tas ir ide\u0101la izv\u0113le no r\u012bta, p\u0113c treni\u0146a vai saspringt\u0101 darba dien\u0101. <\/p>\n<p><strong data-start=\"1251\" data-end=\"1275\">K\u0101p\u0113c izv\u0113l\u0113ties?<br \/><\/strong>\u2714\ufe0f Pilnv\u0113rt\u012bgs viena \u0113diena aizst\u0101j\u0113js - olbaltumvielas, \u0161\u0137iedrvielas, tauki, vitam\u012bni un miner\u0101lvielas.<br data-start=\"1369\" data-end=\"1372\" \/>\u2714\ufe0f Ilgsto\u0161a s\u0101ta saj\u016bta - l\u012bdz 3-4 stund\u0101m.<br data-start=\"1428\" data-end=\"1431\" \/>\u2714\ufe0f Izgatavots no 100 % augu izcelsmes sast\u0101vda\u013c\u0101m<br data-start=\"1475\" data-end=\"1478\" \/>\u2714\ufe0f Bez pievienot\u0101 cukura, bez glut\u0113na, saldin\u0101ts ar st\u0113viju<br data-start=\"1533\" data-end=\"1536\" \/>\u2714\ufe0f Piem\u0113rots visiem di\u0113tas re\u017e\u012bmiem - svara kontrolei, musku\u013cu veido\u0161anai, akt\u012bvai dz\u012bvei.<br data-start=\"1627\" data-end=\"1630\" \/>\u2714\ufe0f Maiga vani\u013cas gar\u0161a - prieks dzert katru dienu<br data-start=\"1679\" data-end=\"1682\" \/>\u2714\ufe0f Nav sagatavo\u0161anas - vienk\u0101r\u0161i sakratiet un baudiet.<\/p>","protected":false},"featured_media":33516,"comment_status":"open","ping_status":"closed","template":"","meta":{"_acf_changed":false},"product_brand":[447],"product_cat":[60,500,298],"product_tag":[],"class_list":{"0":"post-33495","1":"product","2":"type-product","3":"status-publish","4":"has-post-thumbnail","6":"product_brand-ohgood","7":"product_cat-mitybai","8":"product_cat-outlet","9":"product_cat-sveikas-maistas","11":"first","12":"instock","13":"sale","14":"shipping-taxable","15":"purchasable","16":"product-type-simple"},"acf":[],"tiered_pricing_type":"fixed","tiered_pricing_fixed_rules":[],"tiered_pricing_product_settings":{"layout":"default","base_unit_name":{"singular":null,"plural":null},"default_variation":null},"tiered_pricing_minimum_quantity":null,"tiered_pricing_roles_data":[],"tiered_pricing_percentage_rules":[],"_links":{"self":[{"href":"https:\/\/purama.lt\/lv\/wp-json\/wp\/v2\/product\/33495","targetHints":{"allow":["GET"]}}],"collection":[{"href":"https:\/\/purama.lt\/lv\/wp-json\/wp\/v2\/product"}],"about":[{"href":"https:\/\/purama.lt\/lv\/wp-json\/wp\/v2\/types\/product"}],"replies":[{"embeddable":true,"href":"https:\/\/purama.lt\/lv\/wp-json\/wp\/v2\/comments?post=33495"}],"wp:featuredmedia":[{"embeddable":true,"href":"https:\/\/purama.lt\/lv\/wp-json\/wp\/v2\/media\/33516"}],"wp:attachment":[{"href":"https:\/\/purama.lt\/lv\/wp-json\/wp\/v2\/media?parent=33495"}],"wp:term":[{"taxonomy":"product_brand","embeddable":true,"href":"https:\/\/purama.lt\/lv\/wp-json\/wp\/v2\/product_brand?post=33495"},{"taxonomy":"product_cat","embeddable":true,"href":"https:\/\/purama.lt\/lv\/wp-json\/wp\/v2\/product_cat?post=33495"},{"taxonomy":"product_tag","embeddable":true,"href":"https:\/\/purama.lt\/lv\/wp-json\/wp\/v2\/product_tag?post=33495"}],"curies":[{"name":"wp","href":"https:\/\/api.w.org\/{rel}","templated":true}]}}