{"id":33494,"date":"2025-03-31T11:52:46","date_gmt":"2025-03-31T11:52:46","guid":{"rendered":"https:\/\/purama.lt\/produktas\/ohgood-bananinis-maisto-pakaitalu-misinys\/"},"modified":"2026-01-08T11:33:22","modified_gmt":"2026-01-08T09:33:22","slug":"ohgood-bananu-maltites-aizvietosanas-bloda","status":"publish","type":"product","link":"https:\/\/purama.lt\/lv\/produktas\/ohgood-bananinis-maisto-pakaitalu-misinys\/","title":{"rendered":"OH!GOOD Ban\u0101nu p\u0101rtikas aizst\u0101j\u0113ju mais\u012bjums"},"content":{"rendered":"<p><strong>K\u0101dam nol\u016bkam un kad to lietot?<\/strong><\/p>\n\n\n\n<p><strong>OH!GOOD ban\u0101nu p\u0101rtikas aizst\u0101j\u0113ju mais\u012bjums<\/strong> ikvienam, kam tas ir svar\u012bgi:<\/p>\n\n\n\n<ul class=\"wp-block-list\">\n<li><strong>Efekt\u012bva \u0113\u0161ana \u012bs\u0101 laik\u0101<\/strong><\/li>\n\n\n\n<li><strong>Uztur\u0113t vesel\u012bgu un sabalans\u0113tu uzturu<\/strong><\/li>\n\n\n\n<li><strong>\u0112diet uzturviel\u0101m bag\u0101tu, bet viegli sagremojamu malt\u012bti jebkur\u0101 viet\u0101 un laik\u0101.<\/strong><\/li>\n\n\n\n<li><strong>Samaziniet uzkodu lieto\u0161anu un izvairieties no p\u0101r\u0113\u0161an\u0101s<\/strong><\/li>\n\n\n\n<li><strong>Sportistiem - lieliska izv\u0113le pirms vai p\u0113c treni\u0146a<\/strong><br><\/li>\n<\/ul>\n\n\n\n<p><strong>OH!GOOD<\/strong> main\u0101s attieksme pret \u0101tr\u0101s \u0113din\u0101\u0161anas produktiem - \u0101tri nenoz\u012bm\u0113 nevesel\u012bgi. Tas ir <strong>atbild\u012bga izv\u0113le<\/strong> m\u016bsdien\u012bgam v\u012brietim, kur\u0161 v\u0113las b\u016bt spirdzin\u0101ts, sp\u0113c\u012bgs un pilnv\u0113rt\u012bgs - bez kompromisiem.<\/p>\n\n\n\n<p><strong>Sast\u0101vs:<\/strong> Zir\u0146u, r\u012bsu un ka\u0146epju prote\u012bna koncentr\u0101ti, dekstroze, maltodekstr\u012bns, fruktoze, kokosriekstu e\u013c\u013cas MCT, kokosriekstu piena pulveris, ps\u012blija s\u0113nalas, inul\u012bns, auzu milti, ban\u0101nu pulveris, lins\u0113klu milti, BCAA (2:1:1), kurkuma, A, C, D, E, K, B1, B2, B3, B5, B6, B12, folijsk\u0101be, biot\u012bns, miner\u0101lvielas: kalcijs, magnijs, k\u0101lijs, n\u0101trijs, fosfors, dzelzs, cinks, sel\u0113ns, jods, mang\u0101ns, hroms, var\u0161, molibd\u0113ns, koenz\u012bms Q10, ban\u0101nu gar\u0161a, ksant\u0101na sve\u0137i.<br><br><\/p>","protected":false},"excerpt":{"rendered":"<p data-start=\"212\" data-end=\"326\"><strong data-start=\"216\" data-end=\"326\">OH!GOOD Ban\u0101nu mais\u012bjums ir sabalans\u0113ts veids, k\u0101 \u0113st, kad dz\u012bves ritms ne\u013cauj apst\u0101ties.\u00a0<\/strong>Aizmirstiet par nepl\u0101not\u0101m uzkod\u0101m, \u0101trajiem \u0113dieniem vai ener\u0123ijas tr\u016bkumu dienas laik\u0101. <strong data-start=\"409\" data-end=\"455\">OH!GOOD ban\u0101nu p\u0101rtikas aizst\u0101j\u0113ju mais\u012bjums<\/strong> - piln\u012bgu, l\u012bdzsvarotu un <strong data-start=\"491\" data-end=\"509\">gar\u0161\u012bgs dz\u0113riens<\/strong>kas nodro\u0161ina organismu ar vis\u0101m nepiecie\u0161amaj\u0101m uzturviel\u0101m no vienas pilnv\u0113rt\u012bgas malt\u012btes. Katra porcija nodro\u0161ina s\u0101ta saj\u016btu <strong data-start=\"649\" data-end=\"672\">l\u012bdz 3-4 stund\u0101m<\/strong>nodro\u0161ina stabilu ener\u0123ijas l\u012bmeni un pal\u012bdz nov\u0113rst nevajadz\u012bgu p\u0101r\u0113\u0161an\u0101s risku. Izgatavots no <strong data-start=\"768\" data-end=\"789\">augu olbaltumvielas<\/strong>, <strong data-start=\"791\" data-end=\"827\">svar\u012bg\u0101kie vitam\u012bni un miner\u0101lvielas<\/strong>, <strong data-start=\"829\" data-end=\"841\">\u0161\u0137iedra<\/strong> un <strong data-start=\"845\" data-end=\"874\">bez cukura piedevas<\/strong>, \u0161is malt\u012btes aizst\u0101j\u0113js ir lielisks risin\u0101jums ikvienam, kur\u0161 v\u0113las \u0113st vesel\u012bgi, bet kuram nav laika gatavot vai \u0113st tradicion\u0101los \u0113dienus. <\/p>\n<p><strong data-start=\"1264\" data-end=\"1288\"> K\u0101p\u0113c izv\u0113l\u0113ties?<br \/><\/strong>\u2714\ufe0f Labi pa\u0113st - olbaltumvielas, vitam\u012bni, miner\u0101lvielas un \u0161\u0137iedrvielas vien\u0101 porcij\u0101.<br data-start=\"1375\" data-end=\"1378\" \/>\u2714\ufe0f Ilgsto\u0161s s\u0101ta saj\u016bta - l\u012bdz pat 3-4 stund\u0101m bez izsalkuma.<br data-start=\"1443\" data-end=\"1446\" \/>\u2714\ufe0f Nav sagatavo\u0161anas - vienk\u0101r\u0161i sakratiet un dzeriet.<br data-start=\"1492\" data-end=\"1495\" \/>\u2714\ufe0f Ide\u0101ls risin\u0101jums aiz\u0146emtiem cilv\u0113kiem, ce\u013cot\u0101jiem vai sporta entuziastiem.<br data-start=\"1564\" data-end=\"1567\" \/>\u2714\ufe0f Bez pievienot\u0101 cukura, bez glut\u0113na, piem\u0113rots veg\u0101niem<br data-start=\"1619\" data-end=\"1622\" \/>\u2714\ufe0f Pal\u012bdz uztur\u0113t svaru, ener\u0123iju un fizisko atvese\u013co\u0161anos.<br data-start=\"1678\" data-end=\"1681\" \/>\u2714\ufe0f Gar\u0161\u012bga ban\u0101nu gar\u0161a bez m\u0101ksl\u012bgiem aromatiz\u0113t\u0101jiem<\/p>","protected":false},"featured_media":33513,"comment_status":"open","ping_status":"closed","template":"","meta":{"_acf_changed":false},"product_brand":[447],"product_cat":[60,298],"product_tag":[],"class_list":{"0":"post-33494","1":"product","2":"type-product","3":"status-publish","4":"has-post-thumbnail","6":"product_brand-ohgood","7":"product_cat-mitybai","8":"product_cat-sveikas-maistas","10":"first","11":"instock","12":"shipping-taxable","13":"purchasable","14":"product-type-simple"},"acf":[],"tiered_pricing_type":"fixed","tiered_pricing_fixed_rules":[],"tiered_pricing_product_settings":{"layout":"default","base_unit_name":{"singular":null,"plural":null},"default_variation":null},"tiered_pricing_minimum_quantity":null,"tiered_pricing_roles_data":[],"tiered_pricing_percentage_rules":[],"_links":{"self":[{"href":"https:\/\/purama.lt\/lv\/wp-json\/wp\/v2\/product\/33494","targetHints":{"allow":["GET"]}}],"collection":[{"href":"https:\/\/purama.lt\/lv\/wp-json\/wp\/v2\/product"}],"about":[{"href":"https:\/\/purama.lt\/lv\/wp-json\/wp\/v2\/types\/product"}],"replies":[{"embeddable":true,"href":"https:\/\/purama.lt\/lv\/wp-json\/wp\/v2\/comments?post=33494"}],"wp:featuredmedia":[{"embeddable":true,"href":"https:\/\/purama.lt\/lv\/wp-json\/wp\/v2\/media\/33513"}],"wp:attachment":[{"href":"https:\/\/purama.lt\/lv\/wp-json\/wp\/v2\/media?parent=33494"}],"wp:term":[{"taxonomy":"product_brand","embeddable":true,"href":"https:\/\/purama.lt\/lv\/wp-json\/wp\/v2\/product_brand?post=33494"},{"taxonomy":"product_cat","embeddable":true,"href":"https:\/\/purama.lt\/lv\/wp-json\/wp\/v2\/product_cat?post=33494"},{"taxonomy":"product_tag","embeddable":true,"href":"https:\/\/purama.lt\/lv\/wp-json\/wp\/v2\/product_tag?post=33494"}],"curies":[{"name":"wp","href":"https:\/\/api.w.org\/{rel}","templated":true}]}}